{"id":16711,"date":"2022-04-08T11:27:20","date_gmt":"2022-04-08T09:27:20","guid":{"rendered":"https:\/\/tgs-edisa.com\/controle-financier-et-de-gestion\/"},"modified":"2022-12-07T10:45:35","modified_gmt":"2022-12-07T08:45:35","slug":"controle-financier-et-de-gestion","status":"publish","type":"page","link":"https:\/\/tgs-edisa.com\/fr\/controle-financier-et-de-gestion\/","title":{"rendered":"Contr\u00f4le financier et de gestion"},"content":{"rendered":"\t\t<div data-elementor-type=\"wp-page\" data-elementor-id=\"16711\" class=\"elementor elementor-16711 elementor-15820\">\n\t\t\t\t\t\t\t\t\t<section class=\"elementor-section elementor-top-section elementor-element elementor-element-cd25d40 elementor-reverse-mobile elementor-section-boxed elementor-section-height-default elementor-section-height-default\" data-id=\"cd25d40\" data-element_type=\"section\">\n\t\t\t\t\t\t<div class=\"elementor-container elementor-column-gap-default\">\n\t\t\t\t\t<div class=\"elementor-column elementor-col-50 elementor-top-column elementor-element elementor-element-851e15c\" data-id=\"851e15c\" data-element_type=\"column\">\n\t\t\t<div class=\"elementor-widget-wrap elementor-element-populated\">\n\t\t\t\t\t\t\t\t<div class=\"elementor-element elementor-element-b8fb54f elementor-widget elementor-widget-image\" data-id=\"b8fb54f\" data-element_type=\"widget\" data-widget_type=\"image.default\">\n\t\t\t\t<div class=\"elementor-widget-container\">\n\t\t\t<style>\/*! elementor - v3.18.0 - 20-12-2023 *\/\n.elementor-widget-image{text-align:center}.elementor-widget-image a{display:inline-block}.elementor-widget-image a img[src$=\".svg\"]{width:48px}.elementor-widget-image img{vertical-align:middle;display:inline-block}<\/style>\t\t\t\t\t\t\t\t\t\t\t\t<img fetchpriority=\"high\" decoding=\"async\" width=\"550\" height=\"295\" src=\"https:\/\/tgs-edisa.com\/wp-content\/uploads\/2022\/12\/asesores-control-financiero.jpg\" class=\"attachment-large size-large wp-image-16997\" alt=\"Asesores en Control financiero desde 1988\" srcset=\"https:\/\/tgs-edisa.com\/wp-content\/uploads\/2022\/12\/asesores-control-financiero.jpg 550w, https:\/\/tgs-edisa.com\/wp-content\/uploads\/2022\/12\/asesores-control-financiero-300x161.jpg 300w, https:\/\/tgs-edisa.com\/wp-content\/uploads\/2022\/12\/asesores-control-financiero-460x247.jpg 460w\" sizes=\"(max-width: 550px) 100vw, 550px\" \/>\t\t\t\t\t\t\t\t\t\t\t\t\t\t\t<\/div>\n\t\t\t\t<\/div>\n\t\t\t\t\t<\/div>\n\t\t<\/div>\n\t\t\t\t<div class=\"elementor-column elementor-col-50 elementor-top-column elementor-element elementor-element-7bd25c6\" data-id=\"7bd25c6\" data-element_type=\"column\">\n\t\t\t<div class=\"elementor-widget-wrap elementor-element-populated\">\n\t\t\t\t\t\t\t\t<div class=\"elementor-element elementor-element-2423d80 elementor-widget elementor-widget-heading\" data-id=\"2423d80\" data-element_type=\"widget\" data-widget_type=\"heading.default\">\n\t\t\t\t<div class=\"elementor-widget-container\">\n\t\t\t<style>\/*! elementor - v3.18.0 - 20-12-2023 *\/\n.elementor-heading-title{padding:0;margin:0;line-height:1}.elementor-widget-heading .elementor-heading-title[class*=elementor-size-]>a{color:inherit;font-size:inherit;line-height:inherit}.elementor-widget-heading .elementor-heading-title.elementor-size-small{font-size:15px}.elementor-widget-heading .elementor-heading-title.elementor-size-medium{font-size:19px}.elementor-widget-heading .elementor-heading-title.elementor-size-large{font-size:29px}.elementor-widget-heading .elementor-heading-title.elementor-size-xl{font-size:39px}.elementor-widget-heading .elementor-heading-title.elementor-size-xxl{font-size:59px}<\/style><h1 class=\"elementor-heading-title elementor-size-default\">CONTR\u00d4LE FINANCIER ET DE GESTION<\/h1>\t\t<\/div>\n\t\t\t\t<\/div>\n\t\t\t\t<div class=\"elementor-element elementor-element-12c1c04 elementor-widget elementor-widget-text-editor\" data-id=\"12c1c04\" data-element_type=\"widget\" data-widget_type=\"text-editor.default\">\n\t\t\t\t<div class=\"elementor-widget-container\">\n\t\t\t<style>\/*! elementor - v3.18.0 - 20-12-2023 *\/\n.elementor-widget-text-editor.elementor-drop-cap-view-stacked .elementor-drop-cap{background-color:#69727d;color:#fff}.elementor-widget-text-editor.elementor-drop-cap-view-framed .elementor-drop-cap{color:#69727d;border:3px solid;background-color:transparent}.elementor-widget-text-editor:not(.elementor-drop-cap-view-default) .elementor-drop-cap{margin-top:8px}.elementor-widget-text-editor:not(.elementor-drop-cap-view-default) .elementor-drop-cap-letter{width:1em;height:1em}.elementor-widget-text-editor .elementor-drop-cap{float:left;text-align:center;line-height:1;font-size:50px}.elementor-widget-text-editor .elementor-drop-cap-letter{display:inline-block}<\/style>\t\t\t\t<p>Nous avons plus de 30 ans d\u2019exp\u00e9rience dans la pr\u00e9paration et l\u2019analyse de la documentation \u00e9conomique et financi\u00e8re.<\/p><ul><li>Planification financi\u00e8re.<\/li><li>Mise en place d\u2019ERP.<\/li><li>R\u00e9vision de politiques y crit\u00e8res comptables.<\/li><li>Pr\u00e9paration des projections de tr\u00e9sorerie.<\/li><li>Conception et Mise en place des budgets.<\/li><li>Contr\u00f4le budg\u00e9taire<\/li><li>Contr\u00f4le de gestion.<\/li><li>Pr\u00e9paration des rapports \u00e0 l\u2019intention de la Haute Direction.<\/li><li>Aide \u00e0 la n\u00e9gociation avec les fournisseurs et les entit\u00e9s financi\u00e8res.<\/li><\/ul>\t\t\t\t\t\t<\/div>\n\t\t\t\t<\/div>\n\t\t\t\t\t<\/div>\n\t\t<\/div>\n\t\t\t\t\t\t\t<\/div>\n\t\t<\/section>\n\t\t\t\t<section class=\"elementor-section elementor-top-section elementor-element elementor-element-825b4ae elementor-section-height-min-height elementor-section-boxed elementor-section-height-default elementor-section-items-middle\" data-id=\"825b4ae\" data-element_type=\"section\" data-settings=\"{&quot;background_background&quot;:&quot;classic&quot;}\">\n\t\t\t\t\t\t<div class=\"elementor-container elementor-column-gap-default\">\n\t\t\t\t\t<div class=\"elementor-column elementor-col-100 elementor-top-column elementor-element elementor-element-33abffe\" data-id=\"33abffe\" data-element_type=\"column\">\n\t\t\t<div class=\"elementor-widget-wrap elementor-element-populated\">\n\t\t\t\t\t\t\t\t<div class=\"elementor-element elementor-element-d779b17 elementor-widget elementor-widget-heading\" data-id=\"d779b17\" data-element_type=\"widget\" data-widget_type=\"heading.default\">\n\t\t\t\t<div class=\"elementor-widget-container\">\n\t\t\t<h2 class=\"elementor-heading-title elementor-size-default\">TGS Edisa, c'est une \u00e9quipe pluridisciplinaire hautement qualifi\u00e9e pour vous conseiller dans tous les domaines de votre entreprise. N'h\u00e9sitez pas \u00e0 nous contacter pour comprendre comment nous pourrions vous aider.<\/h2>\t\t<\/div>\n\t\t\t\t<\/div>\n\t\t\t\t<div class=\"elementor-element elementor-element-5007a36 elementor-mobile-align-center boton-w100 elementor-align-center elementor-widget elementor-widget-button\" data-id=\"5007a36\" data-element_type=\"widget\" data-widget_type=\"button.default\">\n\t\t\t\t<div class=\"elementor-widget-container\">\n\t\t\t\t\t<div class=\"elementor-button-wrapper\">\n\t\t\t<a class=\"elementor-button elementor-button-link elementor-size-md\" href=\"https:\/\/tgs-edisa.com\/fr\/contact\/\">\n\t\t\t\t\t\t<span class=\"elementor-button-content-wrapper\">\n\t\t\t\t\t\t<span class=\"elementor-button-text\">CONTACTEZ-NOUS<\/span>\n\t\t<\/span>\n\t\t\t\t\t<\/a>\n\t\t<\/div>\n\t\t\t\t<\/div>\n\t\t\t\t<\/div>\n\t\t\t\t\t<\/div>\n\t\t<\/div>\n\t\t\t\t\t\t\t<\/div>\n\t\t<\/section>\n\t\t\t\t\t\t\t<\/div>\n\t\t","protected":false},"excerpt":{"rendered":"<p>CONTR\u00d4LE FINANCIER ET DE GESTION Nous avons plus de 30 ans d\u2019exp\u00e9rience dans la pr\u00e9paration et l\u2019analyse de la documentation \u00e9conomique et financi\u00e8re. Planification financi\u00e8re. Mise en place d\u2019ERP. R\u00e9vision de politiques y crit\u00e8res comptables. Pr\u00e9paration des projections de tr\u00e9sorerie. Conception et Mise en place des budgets. Contr\u00f4le budg\u00e9taire Contr\u00f4le de gestion. Pr\u00e9paration des rapports &hellip; <br \/><a href=\"https:\/\/tgs-edisa.com\/fr\/controle-financier-et-de-gestion\/\" class=\"more-link\">Continue reading <span class=\"screen-reader-text\">Contr\u00f4le financier et de gestion<\/span><\/a><\/p>\n","protected":false},"author":1,"featured_media":0,"parent":0,"menu_order":0,"comment_status":"closed","ping_status":"closed","template":"elementor_header_footer","meta":{"footnotes":""},"class_list":["post-16711","page","type-page","status-publish","hentry"],"yoast_head":"<!-- This site is optimized with the Yoast SEO plugin v25.0 - https:\/\/yoast.com\/wordpress\/plugins\/seo\/ -->\n<title>Contr\u00f4le financier et de gestion - TGS Edisa<\/title>\n<meta name=\"description\" content=\"Nous avons plus de 30 ans d\u2019exp\u00e9rience dans la pr\u00e9paration et l\u2019analyse de la documentation \u00e9conomique et financi\u00e8re.\" \/>\n<meta name=\"robots\" content=\"index, follow, max-snippet:-1, max-image-preview:large, max-video-preview:-1\" \/>\n<link rel=\"canonical\" href=\"https:\/\/tgs-edisa.com\/fr\/controle-financier-et-de-gestion\/\" \/>\n<meta property=\"og:locale\" content=\"fr_FR\" \/>\n<meta property=\"og:type\" content=\"article\" \/>\n<meta property=\"og:title\" content=\"Contr\u00f4le financier et de gestion - TGS Edisa\" \/>\n<meta property=\"og:description\" content=\"Nous avons plus de 30 ans d\u2019exp\u00e9rience dans la pr\u00e9paration et l\u2019analyse de la documentation \u00e9conomique et financi\u00e8re.\" \/>\n<meta property=\"og:url\" content=\"https:\/\/tgs-edisa.com\/fr\/controle-financier-et-de-gestion\/\" \/>\n<meta property=\"og:site_name\" content=\"TGS Edisa\" \/>\n<meta property=\"article:modified_time\" content=\"2022-12-07T08:45:35+00:00\" \/>\n<meta property=\"og:image\" content=\"https:\/\/tgs-edisa.com\/wp-content\/uploads\/2022\/12\/asesores-control-financiero.jpg\" \/>\n<meta name=\"twitter:card\" content=\"summary_large_image\" \/>\n<meta name=\"twitter:label1\" content=\"Dur\u00e9e de lecture estim\u00e9e\" \/>\n\t<meta name=\"twitter:data1\" content=\"1 minute\" \/>\n<script type=\"application\/ld+json\" class=\"yoast-schema-graph\">{\"@context\":\"https:\/\/schema.org\",\"@graph\":[{\"@type\":\"WebPage\",\"@id\":\"https:\/\/tgs-edisa.com\/fr\/controle-financier-et-de-gestion\/\",\"url\":\"https:\/\/tgs-edisa.com\/fr\/controle-financier-et-de-gestion\/\",\"name\":\"Contr\u00f4le financier et de gestion - TGS Edisa\",\"isPartOf\":{\"@id\":\"https:\/\/tgs-edisa.com\/fr\/#website\"},\"primaryImageOfPage\":{\"@id\":\"https:\/\/tgs-edisa.com\/fr\/controle-financier-et-de-gestion\/#primaryimage\"},\"image\":{\"@id\":\"https:\/\/tgs-edisa.com\/fr\/controle-financier-et-de-gestion\/#primaryimage\"},\"thumbnailUrl\":\"https:\/\/tgs-edisa.com\/wp-content\/uploads\/2022\/12\/asesores-control-financiero.jpg\",\"datePublished\":\"2022-04-08T09:27:20+00:00\",\"dateModified\":\"2022-12-07T08:45:35+00:00\",\"description\":\"Nous avons plus de 30 ans d\u2019exp\u00e9rience dans la pr\u00e9paration et l\u2019analyse de la documentation \u00e9conomique et financi\u00e8re.\",\"breadcrumb\":{\"@id\":\"https:\/\/tgs-edisa.com\/fr\/controle-financier-et-de-gestion\/#breadcrumb\"},\"inLanguage\":\"fr-FR\",\"potentialAction\":[{\"@type\":\"ReadAction\",\"target\":[\"https:\/\/tgs-edisa.com\/fr\/controle-financier-et-de-gestion\/\"]}]},{\"@type\":\"ImageObject\",\"inLanguage\":\"fr-FR\",\"@id\":\"https:\/\/tgs-edisa.com\/fr\/controle-financier-et-de-gestion\/#primaryimage\",\"url\":\"https:\/\/tgs-edisa.com\/wp-content\/uploads\/2022\/12\/asesores-control-financiero.jpg\",\"contentUrl\":\"https:\/\/tgs-edisa.com\/wp-content\/uploads\/2022\/12\/asesores-control-financiero.jpg\"},{\"@type\":\"BreadcrumbList\",\"@id\":\"https:\/\/tgs-edisa.com\/fr\/controle-financier-et-de-gestion\/#breadcrumb\",\"itemListElement\":[{\"@type\":\"ListItem\",\"position\":1,\"name\":\"Portada\",\"item\":\"https:\/\/tgs-edisa.com\/fr\/inicio\/\"},{\"@type\":\"ListItem\",\"position\":2,\"name\":\"Contr\u00f4le financier et de gestion\"}]},{\"@type\":\"WebSite\",\"@id\":\"https:\/\/tgs-edisa.com\/fr\/#website\",\"url\":\"https:\/\/tgs-edisa.com\/fr\/\",\"name\":\"TGS Edisa\",\"description\":\"Asesor\u00eda Fiscal y Contable, Jur\u00eddica Legal y Laboral.\",\"potentialAction\":[{\"@type\":\"SearchAction\",\"target\":{\"@type\":\"EntryPoint\",\"urlTemplate\":\"https:\/\/tgs-edisa.com\/fr\/?s={search_term_string}\"},\"query-input\":{\"@type\":\"PropertyValueSpecification\",\"valueRequired\":true,\"valueName\":\"search_term_string\"}}],\"inLanguage\":\"fr-FR\"}]}<\/script>\n<!-- \/ Yoast SEO plugin. -->","yoast_head_json":{"title":"Contr\u00f4le financier et de gestion - TGS Edisa","description":"Nous avons plus de 30 ans d\u2019exp\u00e9rience dans la pr\u00e9paration et l\u2019analyse de la documentation \u00e9conomique et financi\u00e8re.","robots":{"index":"index","follow":"follow","max-snippet":"max-snippet:-1","max-image-preview":"max-image-preview:large","max-video-preview":"max-video-preview:-1"},"canonical":"https:\/\/tgs-edisa.com\/fr\/controle-financier-et-de-gestion\/","og_locale":"fr_FR","og_type":"article","og_title":"Contr\u00f4le financier et de gestion - TGS Edisa","og_description":"Nous avons plus de 30 ans d\u2019exp\u00e9rience dans la pr\u00e9paration et l\u2019analyse de la documentation \u00e9conomique et financi\u00e8re.","og_url":"https:\/\/tgs-edisa.com\/fr\/controle-financier-et-de-gestion\/","og_site_name":"TGS Edisa","article_modified_time":"2022-12-07T08:45:35+00:00","og_image":[{"url":"https:\/\/tgs-edisa.com\/wp-content\/uploads\/2022\/12\/asesores-control-financiero.jpg","type":"","width":"","height":""}],"twitter_card":"summary_large_image","twitter_misc":{"Dur\u00e9e de lecture estim\u00e9e":"1 minute"},"schema":{"@context":"https:\/\/schema.org","@graph":[{"@type":"WebPage","@id":"https:\/\/tgs-edisa.com\/fr\/controle-financier-et-de-gestion\/","url":"https:\/\/tgs-edisa.com\/fr\/controle-financier-et-de-gestion\/","name":"Contr\u00f4le financier et de gestion - TGS Edisa","isPartOf":{"@id":"https:\/\/tgs-edisa.com\/fr\/#website"},"primaryImageOfPage":{"@id":"https:\/\/tgs-edisa.com\/fr\/controle-financier-et-de-gestion\/#primaryimage"},"image":{"@id":"https:\/\/tgs-edisa.com\/fr\/controle-financier-et-de-gestion\/#primaryimage"},"thumbnailUrl":"https:\/\/tgs-edisa.com\/wp-content\/uploads\/2022\/12\/asesores-control-financiero.jpg","datePublished":"2022-04-08T09:27:20+00:00","dateModified":"2022-12-07T08:45:35+00:00","description":"Nous avons plus de 30 ans d\u2019exp\u00e9rience dans la pr\u00e9paration et l\u2019analyse de la documentation \u00e9conomique et financi\u00e8re.","breadcrumb":{"@id":"https:\/\/tgs-edisa.com\/fr\/controle-financier-et-de-gestion\/#breadcrumb"},"inLanguage":"fr-FR","potentialAction":[{"@type":"ReadAction","target":["https:\/\/tgs-edisa.com\/fr\/controle-financier-et-de-gestion\/"]}]},{"@type":"ImageObject","inLanguage":"fr-FR","@id":"https:\/\/tgs-edisa.com\/fr\/controle-financier-et-de-gestion\/#primaryimage","url":"https:\/\/tgs-edisa.com\/wp-content\/uploads\/2022\/12\/asesores-control-financiero.jpg","contentUrl":"https:\/\/tgs-edisa.com\/wp-content\/uploads\/2022\/12\/asesores-control-financiero.jpg"},{"@type":"BreadcrumbList","@id":"https:\/\/tgs-edisa.com\/fr\/controle-financier-et-de-gestion\/#breadcrumb","itemListElement":[{"@type":"ListItem","position":1,"name":"Portada","item":"https:\/\/tgs-edisa.com\/fr\/inicio\/"},{"@type":"ListItem","position":2,"name":"Contr\u00f4le financier et de gestion"}]},{"@type":"WebSite","@id":"https:\/\/tgs-edisa.com\/fr\/#website","url":"https:\/\/tgs-edisa.com\/fr\/","name":"TGS Edisa","description":"Asesor\u00eda Fiscal y Contable, Jur\u00eddica Legal y Laboral.","potentialAction":[{"@type":"SearchAction","target":{"@type":"EntryPoint","urlTemplate":"https:\/\/tgs-edisa.com\/fr\/?s={search_term_string}"},"query-input":{"@type":"PropertyValueSpecification","valueRequired":true,"valueName":"search_term_string"}}],"inLanguage":"fr-FR"}]}},"_links":{"self":[{"href":"https:\/\/tgs-edisa.com\/fr\/wp-json\/wp\/v2\/pages\/16711","targetHints":{"allow":["GET"]}}],"collection":[{"href":"https:\/\/tgs-edisa.com\/fr\/wp-json\/wp\/v2\/pages"}],"about":[{"href":"https:\/\/tgs-edisa.com\/fr\/wp-json\/wp\/v2\/types\/page"}],"author":[{"embeddable":true,"href":"https:\/\/tgs-edisa.com\/fr\/wp-json\/wp\/v2\/users\/1"}],"replies":[{"embeddable":true,"href":"https:\/\/tgs-edisa.com\/fr\/wp-json\/wp\/v2\/comments?post=16711"}],"version-history":[{"count":9,"href":"https:\/\/tgs-edisa.com\/fr\/wp-json\/wp\/v2\/pages\/16711\/revisions"}],"predecessor-version":[{"id":17009,"href":"https:\/\/tgs-edisa.com\/fr\/wp-json\/wp\/v2\/pages\/16711\/revisions\/17009"}],"wp:attachment":[{"href":"https:\/\/tgs-edisa.com\/fr\/wp-json\/wp\/v2\/media?parent=16711"}],"curies":[{"name":"wp","href":"https:\/\/api.w.org\/{rel}","templated":true}]}}