{"id":16688,"date":"2022-02-03T09:03:11","date_gmt":"2022-02-03T07:03:11","guid":{"rendered":"https:\/\/tgs-edisa.com\/services-de-conseil-chez-tgs-edisa\/mobilite-internationale-du-travail\/"},"modified":"2022-08-29T10:55:50","modified_gmt":"2022-08-29T08:55:50","slug":"mobilite-internationale-du-travail","status":"publish","type":"page","link":"https:\/\/tgs-edisa.com\/fr\/services-de-conseil-chez-tgs-edisa\/mobilite-internationale-du-travail\/","title":{"rendered":"Mobilit\u00e9 Internationale du travail"},"content":{"rendered":"\t\t<div data-elementor-type=\"wp-page\" data-elementor-id=\"16688\" class=\"elementor elementor-16688 elementor-14420\">\n\t\t\t\t\t\t\t\t\t<section class=\"elementor-section elementor-top-section elementor-element elementor-element-cd25d40 elementor-reverse-mobile elementor-section-boxed elementor-section-height-default elementor-section-height-default\" data-id=\"cd25d40\" data-element_type=\"section\">\n\t\t\t\t\t\t<div class=\"elementor-container elementor-column-gap-default\">\n\t\t\t\t\t<div class=\"elementor-column elementor-col-50 elementor-top-column elementor-element elementor-element-851e15c\" data-id=\"851e15c\" data-element_type=\"column\">\n\t\t\t<div class=\"elementor-widget-wrap elementor-element-populated\">\n\t\t\t\t\t\t\t\t<div class=\"elementor-element elementor-element-b8fb54f elementor-widget elementor-widget-image\" data-id=\"b8fb54f\" data-element_type=\"widget\" data-widget_type=\"image.default\">\n\t\t\t\t<div class=\"elementor-widget-container\">\n\t\t\t<style>\/*! elementor - v3.18.0 - 20-12-2023 *\/\n.elementor-widget-image{text-align:center}.elementor-widget-image a{display:inline-block}.elementor-widget-image a img[src$=\".svg\"]{width:48px}.elementor-widget-image img{vertical-align:middle;display:inline-block}<\/style>\t\t\t\t\t\t\t\t\t\t\t\t<img fetchpriority=\"high\" decoding=\"async\" width=\"384\" height=\"296\" src=\"https:\/\/tgs-edisa.com\/wp-content\/uploads\/2022\/04\/Movilidad-internacional.jpg\" class=\"attachment-large size-large wp-image-16235\" alt=\"Movilidad Internacional\" srcset=\"https:\/\/tgs-edisa.com\/wp-content\/uploads\/2022\/04\/Movilidad-internacional.jpg 384w, https:\/\/tgs-edisa.com\/wp-content\/uploads\/2022\/04\/Movilidad-internacional-300x231.jpg 300w\" sizes=\"(max-width: 384px) 100vw, 384px\" \/>\t\t\t\t\t\t\t\t\t\t\t\t\t\t\t<\/div>\n\t\t\t\t<\/div>\n\t\t\t\t\t<\/div>\n\t\t<\/div>\n\t\t\t\t<div class=\"elementor-column elementor-col-50 elementor-top-column elementor-element elementor-element-7bd25c6\" data-id=\"7bd25c6\" data-element_type=\"column\">\n\t\t\t<div class=\"elementor-widget-wrap elementor-element-populated\">\n\t\t\t\t\t\t\t\t<div class=\"elementor-element elementor-element-2423d80 elementor-widget elementor-widget-heading\" data-id=\"2423d80\" data-element_type=\"widget\" data-widget_type=\"heading.default\">\n\t\t\t\t<div class=\"elementor-widget-container\">\n\t\t\t<style>\/*! elementor - v3.18.0 - 20-12-2023 *\/\n.elementor-heading-title{padding:0;margin:0;line-height:1}.elementor-widget-heading .elementor-heading-title[class*=elementor-size-]>a{color:inherit;font-size:inherit;line-height:inherit}.elementor-widget-heading .elementor-heading-title.elementor-size-small{font-size:15px}.elementor-widget-heading .elementor-heading-title.elementor-size-medium{font-size:19px}.elementor-widget-heading .elementor-heading-title.elementor-size-large{font-size:29px}.elementor-widget-heading .elementor-heading-title.elementor-size-xl{font-size:39px}.elementor-widget-heading .elementor-heading-title.elementor-size-xxl{font-size:59px}<\/style><h1 class=\"elementor-heading-title elementor-size-default\">CONSEIL SUR LA MOBILIT\u00c9 INTERNATIONALE DU TRAVAIL<\/h1>\t\t<\/div>\n\t\t\t\t<\/div>\n\t\t\t\t<div class=\"elementor-element elementor-element-12c1c04 elementor-widget elementor-widget-text-editor\" data-id=\"12c1c04\" data-element_type=\"widget\" data-widget_type=\"text-editor.default\">\n\t\t\t\t<div class=\"elementor-widget-container\">\n\t\t\t<style>\/*! elementor - v3.18.0 - 20-12-2023 *\/\n.elementor-widget-text-editor.elementor-drop-cap-view-stacked .elementor-drop-cap{background-color:#69727d;color:#fff}.elementor-widget-text-editor.elementor-drop-cap-view-framed .elementor-drop-cap{color:#69727d;border:3px solid;background-color:transparent}.elementor-widget-text-editor:not(.elementor-drop-cap-view-default) .elementor-drop-cap{margin-top:8px}.elementor-widget-text-editor:not(.elementor-drop-cap-view-default) .elementor-drop-cap-letter{width:1em;height:1em}.elementor-widget-text-editor .elementor-drop-cap{float:left;text-align:center;line-height:1;font-size:50px}.elementor-widget-text-editor .elementor-drop-cap-letter{display:inline-block}<\/style>\t\t\t\t<p>Experts en mobilit\u00e9 internationale du travail. TGS Edisa dispose d\u2019une \u00e9quipe professionnelle hautement qualifi\u00e9e dans le domaine de la mobilit\u00e9 internationale du travail destin\u00e9e \u00e0 la fois aux entreprises nationales avec des strat\u00e9gies d\u2019expansion mondiale et aux entreprises \u00e9trang\u00e8res qui s\u2019\u00e9tablissent en Espagne.<\/p><p>Nos professionnels analyseront les besoins d\u00e9coulant du processus d\u2019expatriation de chaque client et offriront une planification de l\u2019internationalisation et du retour satisfaisant de leur personnel, le tout bas\u00e9 sur quatre principes :<\/p>\t\t\t\t\t\t<\/div>\n\t\t\t\t<\/div>\n\t\t\t\t\t<\/div>\n\t\t<\/div>\n\t\t\t\t\t\t\t<\/div>\n\t\t<\/section>\n\t\t\t\t<section class=\"elementor-section elementor-top-section elementor-element elementor-element-2a729d7 elementor-section-boxed elementor-section-height-default elementor-section-height-default\" data-id=\"2a729d7\" data-element_type=\"section\">\n\t\t\t\t\t\t<div class=\"elementor-container elementor-column-gap-default\">\n\t\t\t\t\t<div class=\"elementor-column elementor-col-100 elementor-top-column elementor-element elementor-element-f6fa88e\" data-id=\"f6fa88e\" data-element_type=\"column\">\n\t\t\t<div class=\"elementor-widget-wrap elementor-element-populated\">\n\t\t\t\t\t\t\t\t<div class=\"elementor-element elementor-element-2901ebe elementor-widget elementor-widget-heading\" data-id=\"2901ebe\" data-element_type=\"widget\" data-widget_type=\"heading.default\">\n\t\t\t\t<div class=\"elementor-widget-container\">\n\t\t\t<h2 class=\"elementor-heading-title elementor-size-default\">Assistance dans le processus de migration<\/h2>\t\t<\/div>\n\t\t\t\t<\/div>\n\t\t\t\t<div class=\"elementor-element elementor-element-305753d elementor-widget elementor-widget-text-editor\" data-id=\"305753d\" data-element_type=\"widget\" data-widget_type=\"text-editor.default\">\n\t\t\t\t<div class=\"elementor-widget-container\">\n\t\t\t\t\t\t\t<ul><li>Obtention de visas<\/li><li>Obtention de permis de travail<\/li><li>Autres proc\u00e9dures li\u00e9es \u00e0 l\u2019immigration.<\/li><\/ul>\t\t\t\t\t\t<\/div>\n\t\t\t\t<\/div>\n\t\t\t\t\t<\/div>\n\t\t<\/div>\n\t\t\t\t\t\t\t<\/div>\n\t\t<\/section>\n\t\t\t\t<section class=\"elementor-section elementor-top-section elementor-element elementor-element-0ccda43 elementor-section-boxed elementor-section-height-default elementor-section-height-default\" data-id=\"0ccda43\" data-element_type=\"section\">\n\t\t\t\t\t\t<div class=\"elementor-container elementor-column-gap-default\">\n\t\t\t\t\t<div class=\"elementor-column elementor-col-100 elementor-top-column elementor-element elementor-element-3c085da\" data-id=\"3c085da\" data-element_type=\"column\">\n\t\t\t<div class=\"elementor-widget-wrap elementor-element-populated\">\n\t\t\t\t\t\t\t\t<div class=\"elementor-element elementor-element-338b240 elementor-widget elementor-widget-heading\" data-id=\"338b240\" data-element_type=\"widget\" data-widget_type=\"heading.default\">\n\t\t\t\t<div class=\"elementor-widget-container\">\n\t\t\t<h2 class=\"elementor-heading-title elementor-size-default\">R\u00e9tention des talents<\/h2>\t\t<\/div>\n\t\t\t\t<\/div>\n\t\t\t\t<div class=\"elementor-element elementor-element-c7cc739 elementor-widget elementor-widget-text-editor\" data-id=\"c7cc739\" data-element_type=\"widget\" data-widget_type=\"text-editor.default\">\n\t\t\t\t<div class=\"elementor-widget-container\">\n\t\t\t\t\t\t\t<ul><li><b>Politiques d\u2019expatriation<\/b> : accords-cadres pour d\u00e9finir le type de d\u00e9placements et les missions internationales, le profil et les comp\u00e9tences des expatri\u00e9s, les conditions g\u00e9n\u00e9rales (dur\u00e9e, r\u00e9mun\u00e9ration&#8230;), la conduite professionnelle et les obligations de l\u2019expatri\u00e9 ainsi que pr\u00e9voir la r\u00e9siliation de la mission internationale.<\/li><li><b>Politiques de R\u00e9mun\u00e9ration<\/b> : Nous vous conseillons sur les \u00e9ventuels packages de r\u00e9mun\u00e9ration et les avantages en fonction des conditions de chaque expatriation (expatri\u00e9, court terme, commuter, local plus, etc.) tels que : salaire fixe, incitations \u00e0 l\u2019expatriation, diff\u00e9rentiel de co\u00fbt de la vie, logement, assurance maladie&#8230; etc.<\/li><li><b>Politiques d\u2019\u00e9galisation<\/b> : accords de neutralit\u00e9 fiscale entreprise-employ\u00e9 dans les processus d\u2019expatriation visant \u00e0 garantir que le net re\u00e7u ne subisse pas de modifications importantes avec les changements de juridiction fiscale.<\/li><\/ul>\t\t\t\t\t\t<\/div>\n\t\t\t\t<\/div>\n\t\t\t\t\t<\/div>\n\t\t<\/div>\n\t\t\t\t\t\t\t<\/div>\n\t\t<\/section>\n\t\t\t\t<section class=\"elementor-section elementor-top-section elementor-element elementor-element-a03f4d1 elementor-section-boxed elementor-section-height-default elementor-section-height-default\" data-id=\"a03f4d1\" data-element_type=\"section\">\n\t\t\t\t\t\t<div class=\"elementor-container elementor-column-gap-default\">\n\t\t\t\t\t<div class=\"elementor-column elementor-col-100 elementor-top-column elementor-element elementor-element-aca53ff\" data-id=\"aca53ff\" data-element_type=\"column\">\n\t\t\t<div class=\"elementor-widget-wrap elementor-element-populated\">\n\t\t\t\t\t\t\t\t<div class=\"elementor-element elementor-element-2b84964 elementor-widget elementor-widget-heading\" data-id=\"2b84964\" data-element_type=\"widget\" data-widget_type=\"heading.default\">\n\t\t\t\t<div class=\"elementor-widget-container\">\n\t\t\t<h2 class=\"elementor-heading-title elementor-size-default\">Respect des obligations fiscales de la Soci\u00e9t\u00e9 et du Salari\u00e9<\/h2>\t\t<\/div>\n\t\t\t\t<\/div>\n\t\t\t\t<div class=\"elementor-element elementor-element-157f352 elementor-widget elementor-widget-text-editor\" data-id=\"157f352\" data-element_type=\"widget\" data-widget_type=\"text-editor.default\">\n\t\t\t\t<div class=\"elementor-widget-container\">\n\t\t\t\t\t\t\t<ul><li>Nous \u00e9tudions les sc\u00e9narios fiscaux complexes de l\u2019expatriation en raison de la r\u00e9sidence fiscale \u00e0 travers de l\u2019application de Convention pour \u00e9viter la double imposition.<\/li><li>Optimisation des frais de d\u00e9placement pour l\u2019entreprise, gr\u00e2ce \u00e0 l\u2019analyse et \u00e0 l\u2019application des <strong>avantages fiscaux<\/strong> disponibles dans chaque cas.<\/li><li>Analyse des risques de l\u2019\u00c9tablissement Permanent dans le processus d\u2019expatriation et ses cons\u00e9quences pour la soci\u00e9t\u00e9.<\/li><li>Gestion de proc\u00e9dures sp\u00e9cifiques avec l\u2019Agence Fiscale afin de minimiser les infractions formelles susceptibles d\u2019entraver le d\u00e9veloppement normal du d\u00e9placement<\/li><\/ul>\t\t\t\t\t\t<\/div>\n\t\t\t\t<\/div>\n\t\t\t\t\t<\/div>\n\t\t<\/div>\n\t\t\t\t\t\t\t<\/div>\n\t\t<\/section>\n\t\t\t\t<section class=\"elementor-section elementor-top-section elementor-element elementor-element-778e674 elementor-section-boxed elementor-section-height-default elementor-section-height-default\" data-id=\"778e674\" data-element_type=\"section\">\n\t\t\t\t\t\t<div class=\"elementor-container elementor-column-gap-default\">\n\t\t\t\t\t<div class=\"elementor-column elementor-col-100 elementor-top-column elementor-element elementor-element-5bee55d\" data-id=\"5bee55d\" data-element_type=\"column\">\n\t\t\t<div class=\"elementor-widget-wrap elementor-element-populated\">\n\t\t\t\t\t\t\t\t<div class=\"elementor-element elementor-element-8323d15 elementor-widget elementor-widget-heading\" data-id=\"8323d15\" data-element_type=\"widget\" data-widget_type=\"heading.default\">\n\t\t\t\t<div class=\"elementor-widget-container\">\n\t\t\t<h2 class=\"elementor-heading-title elementor-size-default\">Couverture en mati\u00e8re de s\u00e9curit\u00e9 sociale<\/h2>\t\t<\/div>\n\t\t\t\t<\/div>\n\t\t\t\t<div class=\"elementor-element elementor-element-0ddfdda elementor-widget elementor-widget-text-editor\" data-id=\"0ddfdda\" data-element_type=\"widget\" data-widget_type=\"text-editor.default\">\n\t\t\t\t<div class=\"elementor-widget-container\">\n\t\t\t\t\t\t\t<ul><li>Nous analysons les accords bilat\u00e9raux de S\u00e9curit\u00e9 Sociale entre les pays et g\u00e9rons les obligations formelles requises dans chaque cas envers l\u2019entreprise et l\u2019expatri\u00e9<\/li><\/ul><p>Depuis <b>TGS Edisa<\/b>, nous offrons \u00e9galement un service global en Mobilit\u00e9 internationale \u00e0 travers de notre participation au <a href=\"https:\/\/tgs-edisa.com\/red-internacional\/\" target=\"_blank\" rel=\"noopener\">R\u00e9seau International<\/a> <a href=\"http:\/\/www.tgs-global.com\/\" target=\"_blank\" rel=\"noopener\">TGS Global Network<\/a> qui nous fournit une pr\u00e9sence dans de nombreux pays offrant la garantie maximale dans le respect des obligations l\u00e9gales locales \u00e0 toutes les entreprises qui comptent sur nos services. Contactez-nous et un consultant expert en mobilit\u00e9 internationale du travail vous contactera.<\/p>\t\t\t\t\t\t<\/div>\n\t\t\t\t<\/div>\n\t\t\t\t\t<\/div>\n\t\t<\/div>\n\t\t\t\t\t\t\t<\/div>\n\t\t<\/section>\n\t\t\t\t<section class=\"elementor-section elementor-top-section elementor-element elementor-element-2d0f630 elementor-section-height-min-height elementor-section-boxed elementor-section-height-default elementor-section-items-middle\" data-id=\"2d0f630\" data-element_type=\"section\" data-settings=\"{&quot;background_background&quot;:&quot;classic&quot;}\">\n\t\t\t\t\t\t<div class=\"elementor-container elementor-column-gap-default\">\n\t\t\t\t\t<div class=\"elementor-column elementor-col-100 elementor-top-column elementor-element elementor-element-ad226bf\" data-id=\"ad226bf\" data-element_type=\"column\">\n\t\t\t<div class=\"elementor-widget-wrap elementor-element-populated\">\n\t\t\t\t\t\t\t\t<div class=\"elementor-element elementor-element-82e4740 elementor-widget elementor-widget-heading\" data-id=\"82e4740\" data-element_type=\"widget\" data-widget_type=\"heading.default\">\n\t\t\t\t<div class=\"elementor-widget-container\">\n\t\t\t<h2 class=\"elementor-heading-title elementor-size-default\">TGS Edisa, c'est une \u00e9quipe pluridisciplinaire hautement qualifi\u00e9e pour vous conseiller dans tous les domaines de votre entreprise. N'h\u00e9sitez pas \u00e0 nous contacter pour comprendre comment nous pourrions vous aider.<\/h2>\t\t<\/div>\n\t\t\t\t<\/div>\n\t\t\t\t<div class=\"elementor-element elementor-element-b819cf2 elementor-mobile-align-center boton-w100 elementor-align-center elementor-widget elementor-widget-button\" data-id=\"b819cf2\" data-element_type=\"widget\" data-widget_type=\"button.default\">\n\t\t\t\t<div class=\"elementor-widget-container\">\n\t\t\t\t\t<div class=\"elementor-button-wrapper\">\n\t\t\t<a class=\"elementor-button elementor-button-link elementor-size-md\" href=\"https:\/\/tgs-edisa.com\/fr\/contact\/\">\n\t\t\t\t\t\t<span class=\"elementor-button-content-wrapper\">\n\t\t\t\t\t\t<span class=\"elementor-button-text\">CONTACTEZ-NOUS<\/span>\n\t\t<\/span>\n\t\t\t\t\t<\/a>\n\t\t<\/div>\n\t\t\t\t<\/div>\n\t\t\t\t<\/div>\n\t\t\t\t\t<\/div>\n\t\t<\/div>\n\t\t\t\t\t\t\t<\/div>\n\t\t<\/section>\n\t\t\t\t\t\t\t<\/div>\n\t\t","protected":false},"excerpt":{"rendered":"<p>CONSEIL SUR LA MOBILIT\u00c9 INTERNATIONALE DU TRAVAIL Experts en mobilit\u00e9 internationale du travail. TGS Edisa dispose d\u2019une \u00e9quipe professionnelle hautement qualifi\u00e9e dans le domaine de la mobilit\u00e9 internationale du travail destin\u00e9e \u00e0 la fois aux entreprises nationales avec des strat\u00e9gies d\u2019expansion mondiale et aux entreprises \u00e9trang\u00e8res qui s\u2019\u00e9tablissent en Espagne. Nos professionnels analyseront les besoins &hellip; <br \/><a href=\"https:\/\/tgs-edisa.com\/fr\/services-de-conseil-chez-tgs-edisa\/mobilite-internationale-du-travail\/\" class=\"more-link\">Continue reading <span class=\"screen-reader-text\">Mobilit\u00e9 Internationale du travail<\/span><\/a><\/p>\n","protected":false},"author":1,"featured_media":0,"parent":16625,"menu_order":0,"comment_status":"closed","ping_status":"closed","template":"elementor_header_footer","meta":{"footnotes":""},"class_list":["post-16688","page","type-page","status-publish","hentry"],"yoast_head":"<!-- This site is optimized with the Yoast SEO plugin v25.0 - https:\/\/yoast.com\/wordpress\/plugins\/seo\/ -->\n<title>Mobilit\u00e9 Internationale du travail - TGS Edisa<\/title>\n<meta name=\"robots\" content=\"index, follow, max-snippet:-1, max-image-preview:large, max-video-preview:-1\" \/>\n<link rel=\"canonical\" href=\"https:\/\/tgs-edisa.com\/fr\/services-de-conseil-chez-tgs-edisa\/mobilite-internationale-du-travail\/\" \/>\n<meta property=\"og:locale\" content=\"fr_FR\" \/>\n<meta property=\"og:type\" content=\"article\" \/>\n<meta property=\"og:title\" content=\"Mobilit\u00e9 Internationale du travail - TGS Edisa\" \/>\n<meta property=\"og:description\" content=\"CONSEIL SUR LA MOBILIT\u00c9 INTERNATIONALE DU TRAVAIL Experts en mobilit\u00e9 internationale du travail. TGS Edisa dispose d\u2019une \u00e9quipe professionnelle hautement qualifi\u00e9e dans le domaine de la mobilit\u00e9 internationale du travail destin\u00e9e \u00e0 la fois aux entreprises nationales avec des strat\u00e9gies d\u2019expansion mondiale et aux entreprises \u00e9trang\u00e8res qui s\u2019\u00e9tablissent en Espagne. Nos professionnels analyseront les besoins &hellip; Continue reading Mobilit\u00e9 Internationale du travail\" \/>\n<meta property=\"og:url\" content=\"https:\/\/tgs-edisa.com\/fr\/services-de-conseil-chez-tgs-edisa\/mobilite-internationale-du-travail\/\" \/>\n<meta property=\"og:site_name\" content=\"TGS Edisa\" \/>\n<meta property=\"article:modified_time\" content=\"2022-08-29T08:55:50+00:00\" \/>\n<meta property=\"og:image\" content=\"https:\/\/tgs-edisa.com\/wp-content\/uploads\/2022\/04\/Movilidad-internacional.jpg\" \/>\n<meta name=\"twitter:card\" content=\"summary_large_image\" \/>\n<meta name=\"twitter:label1\" content=\"Dur\u00e9e de lecture estim\u00e9e\" \/>\n\t<meta name=\"twitter:data1\" content=\"2 minutes\" \/>\n<script type=\"application\/ld+json\" class=\"yoast-schema-graph\">{\"@context\":\"https:\/\/schema.org\",\"@graph\":[{\"@type\":\"WebPage\",\"@id\":\"https:\/\/tgs-edisa.com\/fr\/services-de-conseil-chez-tgs-edisa\/mobilite-internationale-du-travail\/\",\"url\":\"https:\/\/tgs-edisa.com\/fr\/services-de-conseil-chez-tgs-edisa\/mobilite-internationale-du-travail\/\",\"name\":\"Mobilit\u00e9 Internationale du travail - TGS Edisa\",\"isPartOf\":{\"@id\":\"https:\/\/tgs-edisa.com\/fr\/#website\"},\"primaryImageOfPage\":{\"@id\":\"https:\/\/tgs-edisa.com\/fr\/services-de-conseil-chez-tgs-edisa\/mobilite-internationale-du-travail\/#primaryimage\"},\"image\":{\"@id\":\"https:\/\/tgs-edisa.com\/fr\/services-de-conseil-chez-tgs-edisa\/mobilite-internationale-du-travail\/#primaryimage\"},\"thumbnailUrl\":\"https:\/\/tgs-edisa.com\/wp-content\/uploads\/2022\/04\/Movilidad-internacional.jpg\",\"datePublished\":\"2022-02-03T07:03:11+00:00\",\"dateModified\":\"2022-08-29T08:55:50+00:00\",\"breadcrumb\":{\"@id\":\"https:\/\/tgs-edisa.com\/fr\/services-de-conseil-chez-tgs-edisa\/mobilite-internationale-du-travail\/#breadcrumb\"},\"inLanguage\":\"fr-FR\",\"potentialAction\":[{\"@type\":\"ReadAction\",\"target\":[\"https:\/\/tgs-edisa.com\/fr\/services-de-conseil-chez-tgs-edisa\/mobilite-internationale-du-travail\/\"]}]},{\"@type\":\"ImageObject\",\"inLanguage\":\"fr-FR\",\"@id\":\"https:\/\/tgs-edisa.com\/fr\/services-de-conseil-chez-tgs-edisa\/mobilite-internationale-du-travail\/#primaryimage\",\"url\":\"https:\/\/tgs-edisa.com\/wp-content\/uploads\/2022\/04\/Movilidad-internacional.jpg\",\"contentUrl\":\"https:\/\/tgs-edisa.com\/wp-content\/uploads\/2022\/04\/Movilidad-internacional.jpg\"},{\"@type\":\"BreadcrumbList\",\"@id\":\"https:\/\/tgs-edisa.com\/fr\/services-de-conseil-chez-tgs-edisa\/mobilite-internationale-du-travail\/#breadcrumb\",\"itemListElement\":[{\"@type\":\"ListItem\",\"position\":1,\"name\":\"Portada\",\"item\":\"https:\/\/tgs-edisa.com\/fr\/inicio\/\"},{\"@type\":\"ListItem\",\"position\":2,\"name\":\"Services de conseil chez TGS EDISA\",\"item\":\"https:\/\/tgs-edisa.com\/fr\/services-de-conseil-chez-tgs-edisa\/\"},{\"@type\":\"ListItem\",\"position\":3,\"name\":\"Mobilit\u00e9 Internationale du travail\"}]},{\"@type\":\"WebSite\",\"@id\":\"https:\/\/tgs-edisa.com\/fr\/#website\",\"url\":\"https:\/\/tgs-edisa.com\/fr\/\",\"name\":\"TGS Edisa\",\"description\":\"Asesor\u00eda Fiscal y Contable, Jur\u00eddica Legal y Laboral.\",\"potentialAction\":[{\"@type\":\"SearchAction\",\"target\":{\"@type\":\"EntryPoint\",\"urlTemplate\":\"https:\/\/tgs-edisa.com\/fr\/?s={search_term_string}\"},\"query-input\":{\"@type\":\"PropertyValueSpecification\",\"valueRequired\":true,\"valueName\":\"search_term_string\"}}],\"inLanguage\":\"fr-FR\"}]}<\/script>\n<!-- \/ Yoast SEO plugin. -->","yoast_head_json":{"title":"Mobilit\u00e9 Internationale du travail - TGS Edisa","robots":{"index":"index","follow":"follow","max-snippet":"max-snippet:-1","max-image-preview":"max-image-preview:large","max-video-preview":"max-video-preview:-1"},"canonical":"https:\/\/tgs-edisa.com\/fr\/services-de-conseil-chez-tgs-edisa\/mobilite-internationale-du-travail\/","og_locale":"fr_FR","og_type":"article","og_title":"Mobilit\u00e9 Internationale du travail - TGS Edisa","og_description":"CONSEIL SUR LA MOBILIT\u00c9 INTERNATIONALE DU TRAVAIL Experts en mobilit\u00e9 internationale du travail. TGS Edisa dispose d\u2019une \u00e9quipe professionnelle hautement qualifi\u00e9e dans le domaine de la mobilit\u00e9 internationale du travail destin\u00e9e \u00e0 la fois aux entreprises nationales avec des strat\u00e9gies d\u2019expansion mondiale et aux entreprises \u00e9trang\u00e8res qui s\u2019\u00e9tablissent en Espagne. Nos professionnels analyseront les besoins &hellip; Continue reading Mobilit\u00e9 Internationale du travail","og_url":"https:\/\/tgs-edisa.com\/fr\/services-de-conseil-chez-tgs-edisa\/mobilite-internationale-du-travail\/","og_site_name":"TGS Edisa","article_modified_time":"2022-08-29T08:55:50+00:00","og_image":[{"url":"https:\/\/tgs-edisa.com\/wp-content\/uploads\/2022\/04\/Movilidad-internacional.jpg","type":"","width":"","height":""}],"twitter_card":"summary_large_image","twitter_misc":{"Dur\u00e9e de lecture estim\u00e9e":"2 minutes"},"schema":{"@context":"https:\/\/schema.org","@graph":[{"@type":"WebPage","@id":"https:\/\/tgs-edisa.com\/fr\/services-de-conseil-chez-tgs-edisa\/mobilite-internationale-du-travail\/","url":"https:\/\/tgs-edisa.com\/fr\/services-de-conseil-chez-tgs-edisa\/mobilite-internationale-du-travail\/","name":"Mobilit\u00e9 Internationale du travail - TGS Edisa","isPartOf":{"@id":"https:\/\/tgs-edisa.com\/fr\/#website"},"primaryImageOfPage":{"@id":"https:\/\/tgs-edisa.com\/fr\/services-de-conseil-chez-tgs-edisa\/mobilite-internationale-du-travail\/#primaryimage"},"image":{"@id":"https:\/\/tgs-edisa.com\/fr\/services-de-conseil-chez-tgs-edisa\/mobilite-internationale-du-travail\/#primaryimage"},"thumbnailUrl":"https:\/\/tgs-edisa.com\/wp-content\/uploads\/2022\/04\/Movilidad-internacional.jpg","datePublished":"2022-02-03T07:03:11+00:00","dateModified":"2022-08-29T08:55:50+00:00","breadcrumb":{"@id":"https:\/\/tgs-edisa.com\/fr\/services-de-conseil-chez-tgs-edisa\/mobilite-internationale-du-travail\/#breadcrumb"},"inLanguage":"fr-FR","potentialAction":[{"@type":"ReadAction","target":["https:\/\/tgs-edisa.com\/fr\/services-de-conseil-chez-tgs-edisa\/mobilite-internationale-du-travail\/"]}]},{"@type":"ImageObject","inLanguage":"fr-FR","@id":"https:\/\/tgs-edisa.com\/fr\/services-de-conseil-chez-tgs-edisa\/mobilite-internationale-du-travail\/#primaryimage","url":"https:\/\/tgs-edisa.com\/wp-content\/uploads\/2022\/04\/Movilidad-internacional.jpg","contentUrl":"https:\/\/tgs-edisa.com\/wp-content\/uploads\/2022\/04\/Movilidad-internacional.jpg"},{"@type":"BreadcrumbList","@id":"https:\/\/tgs-edisa.com\/fr\/services-de-conseil-chez-tgs-edisa\/mobilite-internationale-du-travail\/#breadcrumb","itemListElement":[{"@type":"ListItem","position":1,"name":"Portada","item":"https:\/\/tgs-edisa.com\/fr\/inicio\/"},{"@type":"ListItem","position":2,"name":"Services de conseil chez TGS EDISA","item":"https:\/\/tgs-edisa.com\/fr\/services-de-conseil-chez-tgs-edisa\/"},{"@type":"ListItem","position":3,"name":"Mobilit\u00e9 Internationale du travail"}]},{"@type":"WebSite","@id":"https:\/\/tgs-edisa.com\/fr\/#website","url":"https:\/\/tgs-edisa.com\/fr\/","name":"TGS Edisa","description":"Asesor\u00eda Fiscal y Contable, Jur\u00eddica Legal y Laboral.","potentialAction":[{"@type":"SearchAction","target":{"@type":"EntryPoint","urlTemplate":"https:\/\/tgs-edisa.com\/fr\/?s={search_term_string}"},"query-input":{"@type":"PropertyValueSpecification","valueRequired":true,"valueName":"search_term_string"}}],"inLanguage":"fr-FR"}]}},"_links":{"self":[{"href":"https:\/\/tgs-edisa.com\/fr\/wp-json\/wp\/v2\/pages\/16688","targetHints":{"allow":["GET"]}}],"collection":[{"href":"https:\/\/tgs-edisa.com\/fr\/wp-json\/wp\/v2\/pages"}],"about":[{"href":"https:\/\/tgs-edisa.com\/fr\/wp-json\/wp\/v2\/types\/page"}],"author":[{"embeddable":true,"href":"https:\/\/tgs-edisa.com\/fr\/wp-json\/wp\/v2\/users\/1"}],"replies":[{"embeddable":true,"href":"https:\/\/tgs-edisa.com\/fr\/wp-json\/wp\/v2\/comments?post=16688"}],"version-history":[{"count":1,"href":"https:\/\/tgs-edisa.com\/fr\/wp-json\/wp\/v2\/pages\/16688\/revisions"}],"predecessor-version":[{"id":16689,"href":"https:\/\/tgs-edisa.com\/fr\/wp-json\/wp\/v2\/pages\/16688\/revisions\/16689"}],"up":[{"embeddable":true,"href":"https:\/\/tgs-edisa.com\/fr\/wp-json\/wp\/v2\/pages\/16625"}],"wp:attachment":[{"href":"https:\/\/tgs-edisa.com\/fr\/wp-json\/wp\/v2\/media?parent=16688"}],"curies":[{"name":"wp","href":"https:\/\/api.w.org\/{rel}","templated":true}]}}