{"id":16686,"date":"2022-08-23T12:32:37","date_gmt":"2022-08-23T10:32:37","guid":{"rendered":"https:\/\/tgs-edisa.com\/services-de-conseil-chez-tgs-edisa\/secretariat-du-conseil-dadministration\/"},"modified":"2022-08-29T10:50:20","modified_gmt":"2022-08-29T08:50:20","slug":"secretariat-du-conseil-dadministration","status":"publish","type":"page","link":"https:\/\/tgs-edisa.com\/fr\/services-de-conseil-chez-tgs-edisa\/secretariat-du-conseil-dadministration\/","title":{"rendered":"Secr\u00e9tariat du Conseil d&#8217;administration"},"content":{"rendered":"\t\t<div data-elementor-type=\"wp-page\" data-elementor-id=\"16686\" class=\"elementor elementor-16686 elementor-14344\">\n\t\t\t\t\t\t\t\t\t<section class=\"elementor-section elementor-top-section elementor-element elementor-element-cd25d40 elementor-reverse-mobile elementor-section-boxed elementor-section-height-default elementor-section-height-default\" data-id=\"cd25d40\" data-element_type=\"section\">\n\t\t\t\t\t\t<div class=\"elementor-container elementor-column-gap-default\">\n\t\t\t\t\t<div class=\"elementor-column elementor-col-50 elementor-top-column elementor-element elementor-element-851e15c\" data-id=\"851e15c\" data-element_type=\"column\">\n\t\t\t<div class=\"elementor-widget-wrap elementor-element-populated\">\n\t\t\t\t\t\t\t\t<div class=\"elementor-element elementor-element-b8fb54f elementor-widget elementor-widget-image\" data-id=\"b8fb54f\" data-element_type=\"widget\" data-widget_type=\"image.default\">\n\t\t\t\t<div class=\"elementor-widget-container\">\n\t\t\t<style>\/*! elementor - v3.18.0 - 20-12-2023 *\/\n.elementor-widget-image{text-align:center}.elementor-widget-image a{display:inline-block}.elementor-widget-image a img[src$=\".svg\"]{width:48px}.elementor-widget-image img{vertical-align:middle;display:inline-block}<\/style>\t\t\t\t\t\t\t\t\t\t\t\t<img fetchpriority=\"high\" decoding=\"async\" width=\"384\" height=\"296\" src=\"https:\/\/tgs-edisa.com\/wp-content\/uploads\/2022\/01\/servicios.jpg\" class=\"attachment-large size-large wp-image-14270\" alt=\"\" srcset=\"https:\/\/tgs-edisa.com\/wp-content\/uploads\/2022\/01\/servicios.jpg 384w, https:\/\/tgs-edisa.com\/wp-content\/uploads\/2022\/01\/servicios-300x231.jpg 300w\" sizes=\"(max-width: 384px) 100vw, 384px\" \/>\t\t\t\t\t\t\t\t\t\t\t\t\t\t\t<\/div>\n\t\t\t\t<\/div>\n\t\t\t\t\t<\/div>\n\t\t<\/div>\n\t\t\t\t<div class=\"elementor-column elementor-col-50 elementor-top-column elementor-element elementor-element-7bd25c6\" data-id=\"7bd25c6\" data-element_type=\"column\">\n\t\t\t<div class=\"elementor-widget-wrap elementor-element-populated\">\n\t\t\t\t\t\t\t\t<div class=\"elementor-element elementor-element-2423d80 elementor-widget elementor-widget-heading\" data-id=\"2423d80\" data-element_type=\"widget\" data-widget_type=\"heading.default\">\n\t\t\t\t<div class=\"elementor-widget-container\">\n\t\t\t<style>\/*! elementor - v3.18.0 - 20-12-2023 *\/\n.elementor-heading-title{padding:0;margin:0;line-height:1}.elementor-widget-heading .elementor-heading-title[class*=elementor-size-]>a{color:inherit;font-size:inherit;line-height:inherit}.elementor-widget-heading .elementor-heading-title.elementor-size-small{font-size:15px}.elementor-widget-heading .elementor-heading-title.elementor-size-medium{font-size:19px}.elementor-widget-heading .elementor-heading-title.elementor-size-large{font-size:29px}.elementor-widget-heading .elementor-heading-title.elementor-size-xl{font-size:39px}.elementor-widget-heading .elementor-heading-title.elementor-size-xxl{font-size:59px}<\/style><h1 class=\"elementor-heading-title elementor-size-default\">SECR\u00c9TARIAT DU CONSEIL D\u2019ADMINISTRATION<\/h1>\t\t<\/div>\n\t\t\t\t<\/div>\n\t\t\t\t<div class=\"elementor-element elementor-element-12c1c04 elementor-widget elementor-widget-text-editor\" data-id=\"12c1c04\" data-element_type=\"widget\" data-widget_type=\"text-editor.default\">\n\t\t\t\t<div class=\"elementor-widget-container\">\n\t\t\t<style>\/*! elementor - v3.18.0 - 20-12-2023 *\/\n.elementor-widget-text-editor.elementor-drop-cap-view-stacked .elementor-drop-cap{background-color:#69727d;color:#fff}.elementor-widget-text-editor.elementor-drop-cap-view-framed .elementor-drop-cap{color:#69727d;border:3px solid;background-color:transparent}.elementor-widget-text-editor:not(.elementor-drop-cap-view-default) .elementor-drop-cap{margin-top:8px}.elementor-widget-text-editor:not(.elementor-drop-cap-view-default) .elementor-drop-cap-letter{width:1em;height:1em}.elementor-widget-text-editor .elementor-drop-cap{float:left;text-align:center;line-height:1;font-size:50px}.elementor-widget-text-editor .elementor-drop-cap-letter{display:inline-block}<\/style>\t\t\t\t<p>Les conseils d\u2019administration des soci\u00e9t\u00e9s comptent g\u00e9n\u00e9ralement sur la figure d\u2019un secr\u00e9taire officiellement nomm\u00e9 par ledit conseil. La figure du secr\u00e9taire du Conseil d\u2019Administration est tr\u00e8s importante puisqu\u2019il est en charge des questions d\u2019int\u00e9r\u00eat pour l\u2019entreprise, r\u00e9dige les proc\u00e8s-verbaux des r\u00e9unions ou veille au respect des exigences formelles.<\/p>\t\t\t\t\t\t<\/div>\n\t\t\t\t<\/div>\n\t\t\t\t\t<\/div>\n\t\t<\/div>\n\t\t\t\t\t\t\t<\/div>\n\t\t<\/section>\n\t\t\t\t<section class=\"elementor-section elementor-top-section elementor-element elementor-element-1386c8a elementor-section-boxed elementor-section-height-default elementor-section-height-default\" data-id=\"1386c8a\" data-element_type=\"section\">\n\t\t\t\t\t\t<div class=\"elementor-container elementor-column-gap-default\">\n\t\t\t\t\t<div class=\"elementor-column elementor-col-100 elementor-top-column elementor-element elementor-element-41fa4c8\" data-id=\"41fa4c8\" data-element_type=\"column\">\n\t\t\t<div class=\"elementor-widget-wrap elementor-element-populated\">\n\t\t\t\t\t\t\t\t<div class=\"elementor-element elementor-element-3abe839 elementor-widget elementor-widget-heading\" data-id=\"3abe839\" data-element_type=\"widget\" data-widget_type=\"heading.default\">\n\t\t\t\t<div class=\"elementor-widget-container\">\n\t\t\t<h2 class=\"elementor-heading-title elementor-size-default\">Avocats experts en Secr\u00e9tariat du Conseil d\u2019Administration<\/h2>\t\t<\/div>\n\t\t\t\t<\/div>\n\t\t\t\t<div class=\"elementor-element elementor-element-397679f elementor-widget elementor-widget-text-editor\" data-id=\"397679f\" data-element_type=\"widget\" data-widget_type=\"text-editor.default\">\n\t\t\t\t<div class=\"elementor-widget-container\">\n\t\t\t\t\t\t\t<p>Il est courant dans certaines entreprises de d\u00e9l\u00e9guer le r\u00f4le de secr\u00e9taire du Conseil d\u2019Administration \u00e0 un avocat expert. De fait, TGS Edisa dispose d\u2019experts dans le domaine qui sont devenus un \u00e9l\u00e9ment fondamental pour le bon fonctionnement des conseils d\u2019administration des entreprises.<\/p><p>Le poste de secr\u00e9taire du Conseil d\u2019Administration peut donc revenir \u00e0 une personne qui est membre du conseil lui-m\u00eame ou \u00e0 un tiers, tel qu\u2019un avocat expert de notre cabinet.<\/p><p>Les t\u00e2ches du secr\u00e9taire sont les m\u00eames, qu\u2019il fasse partie du Conseil d\u2019Administration ou non. Ainsi, la diff\u00e9rence r\u00e9side dans la responsabilit\u00e9. Si le secr\u00e9taire est un administrateur, il conserve exactement la m\u00eame responsabilit\u00e9 que les autres membres du Conseil d\u2019administration. Cependant, s\u2019il n\u2019est pas administrateur ou s\u2019il s\u2019agit d\u2019une personnalit\u00e9 ext\u00e9rieure \u00e0 la soci\u00e9t\u00e9, sa responsabilit\u00e9 est limit\u00e9e au respect des r\u00e8glements commerciaux internes et, bien s\u00fbr, \u00e0 l\u2019accomplissement des fonctions assign\u00e9es par la Loi sur les Soci\u00e9t\u00e9s de Capitaux, et dont la l\u00e9gislation est applicable aux soci\u00e9t\u00e9s cot\u00e9es et non cot\u00e9es.<\/p><p>D\u2019autre part, compter sur l\u2019un de nos avocats experts en tant que secr\u00e9taire du Conseil d\u2019Administration assure la s\u00e9curit\u00e9 de cette figure, effectue toutes ses t\u00e2ches avec une connaissance approfondie de celles-ci et avec la tranquillit\u00e9 que donne une exp\u00e9rience et une formation d\u2019ann\u00e9es \u00e0 effectuer toutes sortes de proc\u00e9dures en tant qu\u2019avocat et conseiller pour les entreprises.<\/p>\t\t\t\t\t\t<\/div>\n\t\t\t\t<\/div>\n\t\t\t\t\t<\/div>\n\t\t<\/div>\n\t\t\t\t\t\t\t<\/div>\n\t\t<\/section>\n\t\t\t\t<section class=\"elementor-section elementor-top-section elementor-element elementor-element-2a729d7 elementor-section-boxed elementor-section-height-default elementor-section-height-default\" data-id=\"2a729d7\" data-element_type=\"section\">\n\t\t\t\t\t\t<div class=\"elementor-container elementor-column-gap-default\">\n\t\t\t\t\t<div class=\"elementor-column elementor-col-100 elementor-top-column elementor-element elementor-element-f6fa88e\" data-id=\"f6fa88e\" data-element_type=\"column\">\n\t\t\t<div class=\"elementor-widget-wrap elementor-element-populated\">\n\t\t\t\t\t\t\t\t<div class=\"elementor-element elementor-element-2901ebe elementor-widget elementor-widget-heading\" data-id=\"2901ebe\" data-element_type=\"widget\" data-widget_type=\"heading.default\">\n\t\t\t\t<div class=\"elementor-widget-container\">\n\t\t\t<h2 class=\"elementor-heading-title elementor-size-default\">Que fait un secr\u00e9taire du Conseil d\u2019Administration ?<\/h2>\t\t<\/div>\n\t\t\t\t<\/div>\n\t\t\t\t<div class=\"elementor-element elementor-element-305753d elementor-widget elementor-widget-text-editor\" data-id=\"305753d\" data-element_type=\"widget\" data-widget_type=\"text-editor.default\">\n\t\t\t\t<div class=\"elementor-widget-container\">\n\t\t\t\t\t\t\t<p>Sa figure est tr\u00e8s importante au sein d\u2019une soci\u00e9t\u00e9. . La personne dont rel\u00e8ve ce poste est responsable, entre autres t\u00e2ches, de la pr\u00e9paration des sessions avec le Pr\u00e9sident. Il est \u00e9galement en charge de r\u00e9diger les proc\u00e8s-verbaux de ces s\u00e9ances, ainsi que tout type de document social dont le conseil a besoin.<\/p><p>Les autres t\u00e2ches et devoirs du secr\u00e9taire sont :<\/p><ul><li>\u00c9criture Publique des documents et certification des accords sociaux.<\/li><li>S\u2019assurer que le Conseil d\u2019Administration agit conform\u00e9ment \u00e0 la r\u00e8glementation applicable, les statuts sociaux et le r\u00e8glement int\u00e9rieur ou \u00e0 l\u2019accord des partenaires.<\/li><li>Conseiller le Conseil d\u2019administration sur toute question ou doute juridique ou statutaire li\u00e9 \u00e0 la bonne gouvernance de la soci\u00e9t\u00e9.<\/li><li>Tenue et garde des libres officiels.<\/li><li>Attester les r\u00e9solutions adopt\u00e9es par le Conseil lors de ses sessions. Pour ce faire, il doit d\u00e9livrer des certifications qui ont l\u2019approbation du pr\u00e9sident.<\/li><\/ul>\t\t\t\t\t\t<\/div>\n\t\t\t\t<\/div>\n\t\t\t\t\t<\/div>\n\t\t<\/div>\n\t\t\t\t\t\t\t<\/div>\n\t\t<\/section>\n\t\t\t\t<section class=\"elementor-section elementor-top-section elementor-element elementor-element-0ccda43 elementor-section-boxed elementor-section-height-default elementor-section-height-default\" data-id=\"0ccda43\" data-element_type=\"section\">\n\t\t\t\t\t\t<div class=\"elementor-container elementor-column-gap-default\">\n\t\t\t\t\t<div class=\"elementor-column elementor-col-100 elementor-top-column elementor-element elementor-element-3c085da\" data-id=\"3c085da\" data-element_type=\"column\">\n\t\t\t<div class=\"elementor-widget-wrap elementor-element-populated\">\n\t\t\t\t\t\t\t\t<div class=\"elementor-element elementor-element-338b240 elementor-widget elementor-widget-heading\" data-id=\"338b240\" data-element_type=\"widget\" data-widget_type=\"heading.default\">\n\t\t\t\t<div class=\"elementor-widget-container\">\n\t\t\t<h2 class=\"elementor-heading-title elementor-size-default\">Notre Service d\u2019Externalisation<\/h2>\t\t<\/div>\n\t\t\t\t<\/div>\n\t\t\t\t<div class=\"elementor-element elementor-element-c7cc739 elementor-widget elementor-widget-text-editor\" data-id=\"c7cc739\" data-element_type=\"widget\" data-widget_type=\"text-editor.default\">\n\t\t\t\t<div class=\"elementor-widget-container\">\n\t\t\t\t\t\t\t<p>De mani\u00e8re compl\u00e9mentaire \u00e0 l\u2019assistance en tant que secr\u00e9taires des entreprises, notre \u00e9quipe de professionnels experts dans le respect des obligations commerciales p\u00e9riodiques implique toute leur exp\u00e9rience au service de nos clients pour garantir la fiabilit\u00e9 et l\u2019efficacit\u00e9 de nos conseils et permettre au client de ne pas se soucier de cet aspect de son activit\u00e9.<\/p><p>Le respect des obligations commerciales p\u00e9riodiques est adapt\u00e9 aux besoins sp\u00e9cifiques de nos clients par rapport \u00e0 leur entreprise et de la mani\u00e8re qui convient le mieux \u00e0 leur organisation interne.<\/p><p>Nous disposons \u00e0 ce sujet des derniers outils en termes de signature num\u00e9rique et d\u2019exp\u00e9rience sur son utilisation afin que le client puisse se conformer \u00e0 ses obligations de mani\u00e8re t\u00e9l\u00e9matique, simple et s\u00e9curis\u00e9e.<\/p><p>Nos principaux services en mati\u00e8re d\u2019externalisation de la conformit\u00e9 commerciale :<\/p><ul><li>Pr\u00e9paration et pr\u00e9sentation des livres des proc\u00e8s-verbaux des r\u00e9unions pour leur l\u00e9galisation.<\/li><li>Pr\u00e9paration et pr\u00e9sentation des livres des proc\u00e8s-verbaux du conseil d\u2019administration pour leur l\u00e9galisation<\/li><li>Pr\u00e9paration et pr\u00e9sentation des livres des partenaires pour leur l\u00e9galisation<\/li><li>Pr\u00e9paration et pr\u00e9sentation du registre des contrats (pour les soci\u00e9t\u00e9s unipersonnelles) pour leur l\u00e9galisation<\/li><li>Renouv\u00e8lement des postes de l\u2019organe administratif<\/li><li>Conseil sur l\u2019application de la nouvelle l\u00e9gislation<\/li><\/ul><p>Contactez-nous si vous souhaitez en savoir plus sur nos services de Secr\u00e9tariat du Conseil d\u2019Administration de votre soci\u00e9t\u00e9.<\/p>\t\t\t\t\t\t<\/div>\n\t\t\t\t<\/div>\n\t\t\t\t\t<\/div>\n\t\t<\/div>\n\t\t\t\t\t\t\t<\/div>\n\t\t<\/section>\n\t\t\t\t<section class=\"elementor-section elementor-top-section elementor-element elementor-element-825b4ae elementor-section-height-min-height elementor-section-boxed elementor-section-height-default elementor-section-items-middle\" data-id=\"825b4ae\" data-element_type=\"section\" data-settings=\"{&quot;background_background&quot;:&quot;classic&quot;}\">\n\t\t\t\t\t\t<div class=\"elementor-container elementor-column-gap-default\">\n\t\t\t\t\t<div class=\"elementor-column elementor-col-100 elementor-top-column elementor-element elementor-element-33abffe\" data-id=\"33abffe\" data-element_type=\"column\">\n\t\t\t<div class=\"elementor-widget-wrap elementor-element-populated\">\n\t\t\t\t\t\t\t\t<div class=\"elementor-element elementor-element-d779b17 elementor-widget elementor-widget-heading\" data-id=\"d779b17\" data-element_type=\"widget\" data-widget_type=\"heading.default\">\n\t\t\t\t<div class=\"elementor-widget-container\">\n\t\t\t<h2 class=\"elementor-heading-title elementor-size-default\">Lorem ipsum dolor sit amet, consectetuer adipiscing elit. Maecenas porttitor congue massa. Lorem ipsum dolor sit amet, consectetuer adipiscing elit. Maecenas porttitor congue massa.<\/h2>\t\t<\/div>\n\t\t\t\t<\/div>\n\t\t\t\t<div class=\"elementor-element elementor-element-5007a36 elementor-mobile-align-center boton-w100 elementor-align-center elementor-widget elementor-widget-button\" data-id=\"5007a36\" data-element_type=\"widget\" data-widget_type=\"button.default\">\n\t\t\t\t<div class=\"elementor-widget-container\">\n\t\t\t\t\t<div class=\"elementor-button-wrapper\">\n\t\t\t<a class=\"elementor-button elementor-button-link elementor-size-md\" href=\"#\">\n\t\t\t\t\t\t<span class=\"elementor-button-content-wrapper\">\n\t\t\t\t\t\t<span class=\"elementor-button-text\">contact us<\/span>\n\t\t<\/span>\n\t\t\t\t\t<\/a>\n\t\t<\/div>\n\t\t\t\t<\/div>\n\t\t\t\t<\/div>\n\t\t\t\t\t<\/div>\n\t\t<\/div>\n\t\t\t\t\t\t\t<\/div>\n\t\t<\/section>\n\t\t\t\t\t\t\t<\/div>\n\t\t","protected":false},"excerpt":{"rendered":"<p>SECR\u00c9TARIAT DU CONSEIL D\u2019ADMINISTRATION Les conseils d\u2019administration des soci\u00e9t\u00e9s comptent g\u00e9n\u00e9ralement sur la figure d\u2019un secr\u00e9taire officiellement nomm\u00e9 par ledit conseil. La figure du secr\u00e9taire du Conseil d\u2019Administration est tr\u00e8s importante puisqu\u2019il est en charge des questions d\u2019int\u00e9r\u00eat pour l\u2019entreprise, r\u00e9dige les proc\u00e8s-verbaux des r\u00e9unions ou veille au respect des exigences formelles. Avocats experts en &hellip; <br \/><a href=\"https:\/\/tgs-edisa.com\/fr\/services-de-conseil-chez-tgs-edisa\/secretariat-du-conseil-dadministration\/\" class=\"more-link\">Continue reading <span class=\"screen-reader-text\">Secr\u00e9tariat du Conseil d&#8217;administration<\/span><\/a><\/p>\n","protected":false},"author":1,"featured_media":0,"parent":16625,"menu_order":0,"comment_status":"closed","ping_status":"closed","template":"elementor_header_footer","meta":{"footnotes":""},"class_list":["post-16686","page","type-page","status-publish","hentry"],"yoast_head":"<!-- This site is optimized with the Yoast SEO plugin v25.0 - https:\/\/yoast.com\/wordpress\/plugins\/seo\/ -->\n<title>Secr\u00e9tariat du Conseil d&#039;administration - TGS Edisa<\/title>\n<meta name=\"robots\" content=\"index, follow, max-snippet:-1, max-image-preview:large, max-video-preview:-1\" \/>\n<link rel=\"canonical\" href=\"https:\/\/tgs-edisa.com\/fr\/services-de-conseil-chez-tgs-edisa\/secretariat-du-conseil-dadministration\/\" \/>\n<meta property=\"og:locale\" content=\"fr_FR\" \/>\n<meta property=\"og:type\" content=\"article\" \/>\n<meta property=\"og:title\" content=\"Secr\u00e9tariat du Conseil d&#039;administration - TGS Edisa\" \/>\n<meta property=\"og:description\" content=\"SECR\u00c9TARIAT DU CONSEIL D\u2019ADMINISTRATION Les conseils d\u2019administration des soci\u00e9t\u00e9s comptent g\u00e9n\u00e9ralement sur la figure d\u2019un secr\u00e9taire officiellement nomm\u00e9 par ledit conseil. La figure du secr\u00e9taire du Conseil d\u2019Administration est tr\u00e8s importante puisqu\u2019il est en charge des questions d\u2019int\u00e9r\u00eat pour l\u2019entreprise, r\u00e9dige les proc\u00e8s-verbaux des r\u00e9unions ou veille au respect des exigences formelles. Avocats experts en &hellip; Continue reading Secr\u00e9tariat du Conseil d&#8217;administration\" \/>\n<meta property=\"og:url\" content=\"https:\/\/tgs-edisa.com\/fr\/services-de-conseil-chez-tgs-edisa\/secretariat-du-conseil-dadministration\/\" \/>\n<meta property=\"og:site_name\" content=\"TGS Edisa\" \/>\n<meta property=\"article:modified_time\" content=\"2022-08-29T08:50:20+00:00\" \/>\n<meta property=\"og:image\" content=\"https:\/\/tgs-edisa.com\/wp-content\/uploads\/2022\/01\/servicios.jpg\" \/>\n<meta name=\"twitter:card\" content=\"summary_large_image\" \/>\n<meta name=\"twitter:label1\" content=\"Dur\u00e9e de lecture estim\u00e9e\" \/>\n\t<meta name=\"twitter:data1\" content=\"4 minutes\" \/>\n<script type=\"application\/ld+json\" class=\"yoast-schema-graph\">{\"@context\":\"https:\/\/schema.org\",\"@graph\":[{\"@type\":\"WebPage\",\"@id\":\"https:\/\/tgs-edisa.com\/fr\/services-de-conseil-chez-tgs-edisa\/secretariat-du-conseil-dadministration\/\",\"url\":\"https:\/\/tgs-edisa.com\/fr\/services-de-conseil-chez-tgs-edisa\/secretariat-du-conseil-dadministration\/\",\"name\":\"Secr\u00e9tariat du Conseil d'administration - TGS Edisa\",\"isPartOf\":{\"@id\":\"https:\/\/tgs-edisa.com\/fr\/#website\"},\"primaryImageOfPage\":{\"@id\":\"https:\/\/tgs-edisa.com\/fr\/services-de-conseil-chez-tgs-edisa\/secretariat-du-conseil-dadministration\/#primaryimage\"},\"image\":{\"@id\":\"https:\/\/tgs-edisa.com\/fr\/services-de-conseil-chez-tgs-edisa\/secretariat-du-conseil-dadministration\/#primaryimage\"},\"thumbnailUrl\":\"https:\/\/tgs-edisa.com\/wp-content\/uploads\/2022\/01\/servicios.jpg\",\"datePublished\":\"2022-08-23T10:32:37+00:00\",\"dateModified\":\"2022-08-29T08:50:20+00:00\",\"breadcrumb\":{\"@id\":\"https:\/\/tgs-edisa.com\/fr\/services-de-conseil-chez-tgs-edisa\/secretariat-du-conseil-dadministration\/#breadcrumb\"},\"inLanguage\":\"fr-FR\",\"potentialAction\":[{\"@type\":\"ReadAction\",\"target\":[\"https:\/\/tgs-edisa.com\/fr\/services-de-conseil-chez-tgs-edisa\/secretariat-du-conseil-dadministration\/\"]}]},{\"@type\":\"ImageObject\",\"inLanguage\":\"fr-FR\",\"@id\":\"https:\/\/tgs-edisa.com\/fr\/services-de-conseil-chez-tgs-edisa\/secretariat-du-conseil-dadministration\/#primaryimage\",\"url\":\"https:\/\/tgs-edisa.com\/wp-content\/uploads\/2022\/01\/servicios.jpg\",\"contentUrl\":\"https:\/\/tgs-edisa.com\/wp-content\/uploads\/2022\/01\/servicios.jpg\"},{\"@type\":\"BreadcrumbList\",\"@id\":\"https:\/\/tgs-edisa.com\/fr\/services-de-conseil-chez-tgs-edisa\/secretariat-du-conseil-dadministration\/#breadcrumb\",\"itemListElement\":[{\"@type\":\"ListItem\",\"position\":1,\"name\":\"Portada\",\"item\":\"https:\/\/tgs-edisa.com\/fr\/inicio\/\"},{\"@type\":\"ListItem\",\"position\":2,\"name\":\"Services de conseil chez TGS EDISA\",\"item\":\"https:\/\/tgs-edisa.com\/fr\/services-de-conseil-chez-tgs-edisa\/\"},{\"@type\":\"ListItem\",\"position\":3,\"name\":\"Secr\u00e9tariat du Conseil d&#8217;administration\"}]},{\"@type\":\"WebSite\",\"@id\":\"https:\/\/tgs-edisa.com\/fr\/#website\",\"url\":\"https:\/\/tgs-edisa.com\/fr\/\",\"name\":\"TGS Edisa\",\"description\":\"Asesor\u00eda Fiscal y Contable, Jur\u00eddica Legal y Laboral.\",\"potentialAction\":[{\"@type\":\"SearchAction\",\"target\":{\"@type\":\"EntryPoint\",\"urlTemplate\":\"https:\/\/tgs-edisa.com\/fr\/?s={search_term_string}\"},\"query-input\":{\"@type\":\"PropertyValueSpecification\",\"valueRequired\":true,\"valueName\":\"search_term_string\"}}],\"inLanguage\":\"fr-FR\"}]}<\/script>\n<!-- \/ Yoast SEO plugin. -->","yoast_head_json":{"title":"Secr\u00e9tariat du Conseil d'administration - TGS Edisa","robots":{"index":"index","follow":"follow","max-snippet":"max-snippet:-1","max-image-preview":"max-image-preview:large","max-video-preview":"max-video-preview:-1"},"canonical":"https:\/\/tgs-edisa.com\/fr\/services-de-conseil-chez-tgs-edisa\/secretariat-du-conseil-dadministration\/","og_locale":"fr_FR","og_type":"article","og_title":"Secr\u00e9tariat du Conseil d'administration - TGS Edisa","og_description":"SECR\u00c9TARIAT DU CONSEIL D\u2019ADMINISTRATION Les conseils d\u2019administration des soci\u00e9t\u00e9s comptent g\u00e9n\u00e9ralement sur la figure d\u2019un secr\u00e9taire officiellement nomm\u00e9 par ledit conseil. La figure du secr\u00e9taire du Conseil d\u2019Administration est tr\u00e8s importante puisqu\u2019il est en charge des questions d\u2019int\u00e9r\u00eat pour l\u2019entreprise, r\u00e9dige les proc\u00e8s-verbaux des r\u00e9unions ou veille au respect des exigences formelles. Avocats experts en &hellip; Continue reading Secr\u00e9tariat du Conseil d&#8217;administration","og_url":"https:\/\/tgs-edisa.com\/fr\/services-de-conseil-chez-tgs-edisa\/secretariat-du-conseil-dadministration\/","og_site_name":"TGS Edisa","article_modified_time":"2022-08-29T08:50:20+00:00","og_image":[{"url":"https:\/\/tgs-edisa.com\/wp-content\/uploads\/2022\/01\/servicios.jpg","type":"","width":"","height":""}],"twitter_card":"summary_large_image","twitter_misc":{"Dur\u00e9e de lecture estim\u00e9e":"4 minutes"},"schema":{"@context":"https:\/\/schema.org","@graph":[{"@type":"WebPage","@id":"https:\/\/tgs-edisa.com\/fr\/services-de-conseil-chez-tgs-edisa\/secretariat-du-conseil-dadministration\/","url":"https:\/\/tgs-edisa.com\/fr\/services-de-conseil-chez-tgs-edisa\/secretariat-du-conseil-dadministration\/","name":"Secr\u00e9tariat du Conseil d'administration - TGS Edisa","isPartOf":{"@id":"https:\/\/tgs-edisa.com\/fr\/#website"},"primaryImageOfPage":{"@id":"https:\/\/tgs-edisa.com\/fr\/services-de-conseil-chez-tgs-edisa\/secretariat-du-conseil-dadministration\/#primaryimage"},"image":{"@id":"https:\/\/tgs-edisa.com\/fr\/services-de-conseil-chez-tgs-edisa\/secretariat-du-conseil-dadministration\/#primaryimage"},"thumbnailUrl":"https:\/\/tgs-edisa.com\/wp-content\/uploads\/2022\/01\/servicios.jpg","datePublished":"2022-08-23T10:32:37+00:00","dateModified":"2022-08-29T08:50:20+00:00","breadcrumb":{"@id":"https:\/\/tgs-edisa.com\/fr\/services-de-conseil-chez-tgs-edisa\/secretariat-du-conseil-dadministration\/#breadcrumb"},"inLanguage":"fr-FR","potentialAction":[{"@type":"ReadAction","target":["https:\/\/tgs-edisa.com\/fr\/services-de-conseil-chez-tgs-edisa\/secretariat-du-conseil-dadministration\/"]}]},{"@type":"ImageObject","inLanguage":"fr-FR","@id":"https:\/\/tgs-edisa.com\/fr\/services-de-conseil-chez-tgs-edisa\/secretariat-du-conseil-dadministration\/#primaryimage","url":"https:\/\/tgs-edisa.com\/wp-content\/uploads\/2022\/01\/servicios.jpg","contentUrl":"https:\/\/tgs-edisa.com\/wp-content\/uploads\/2022\/01\/servicios.jpg"},{"@type":"BreadcrumbList","@id":"https:\/\/tgs-edisa.com\/fr\/services-de-conseil-chez-tgs-edisa\/secretariat-du-conseil-dadministration\/#breadcrumb","itemListElement":[{"@type":"ListItem","position":1,"name":"Portada","item":"https:\/\/tgs-edisa.com\/fr\/inicio\/"},{"@type":"ListItem","position":2,"name":"Services de conseil chez TGS EDISA","item":"https:\/\/tgs-edisa.com\/fr\/services-de-conseil-chez-tgs-edisa\/"},{"@type":"ListItem","position":3,"name":"Secr\u00e9tariat du Conseil d&#8217;administration"}]},{"@type":"WebSite","@id":"https:\/\/tgs-edisa.com\/fr\/#website","url":"https:\/\/tgs-edisa.com\/fr\/","name":"TGS Edisa","description":"Asesor\u00eda Fiscal y Contable, Jur\u00eddica Legal y Laboral.","potentialAction":[{"@type":"SearchAction","target":{"@type":"EntryPoint","urlTemplate":"https:\/\/tgs-edisa.com\/fr\/?s={search_term_string}"},"query-input":{"@type":"PropertyValueSpecification","valueRequired":true,"valueName":"search_term_string"}}],"inLanguage":"fr-FR"}]}},"_links":{"self":[{"href":"https:\/\/tgs-edisa.com\/fr\/wp-json\/wp\/v2\/pages\/16686","targetHints":{"allow":["GET"]}}],"collection":[{"href":"https:\/\/tgs-edisa.com\/fr\/wp-json\/wp\/v2\/pages"}],"about":[{"href":"https:\/\/tgs-edisa.com\/fr\/wp-json\/wp\/v2\/types\/page"}],"author":[{"embeddable":true,"href":"https:\/\/tgs-edisa.com\/fr\/wp-json\/wp\/v2\/users\/1"}],"replies":[{"embeddable":true,"href":"https:\/\/tgs-edisa.com\/fr\/wp-json\/wp\/v2\/comments?post=16686"}],"version-history":[{"count":1,"href":"https:\/\/tgs-edisa.com\/fr\/wp-json\/wp\/v2\/pages\/16686\/revisions"}],"predecessor-version":[{"id":16687,"href":"https:\/\/tgs-edisa.com\/fr\/wp-json\/wp\/v2\/pages\/16686\/revisions\/16687"}],"up":[{"embeddable":true,"href":"https:\/\/tgs-edisa.com\/fr\/wp-json\/wp\/v2\/pages\/16625"}],"wp:attachment":[{"href":"https:\/\/tgs-edisa.com\/fr\/wp-json\/wp\/v2\/media?parent=16686"}],"curies":[{"name":"wp","href":"https:\/\/api.w.org\/{rel}","templated":true}]}}