{"id":16682,"date":"2022-02-03T08:27:03","date_gmt":"2022-02-03T06:27:03","guid":{"rendered":"https:\/\/tgs-edisa.com\/services-de-conseil-chez-tgs-edisa\/contrats-commerciaux\/"},"modified":"2022-08-29T10:40:20","modified_gmt":"2022-08-29T08:40:20","slug":"contrats-commerciaux","status":"publish","type":"page","link":"https:\/\/tgs-edisa.com\/fr\/services-de-conseil-chez-tgs-edisa\/contrats-commerciaux\/","title":{"rendered":"Contrats commerciaux"},"content":{"rendered":"\t\t<div data-elementor-type=\"wp-page\" data-elementor-id=\"16682\" class=\"elementor elementor-16682 elementor-14345\">\n\t\t\t\t\t\t\t\t\t<section class=\"elementor-section elementor-top-section elementor-element elementor-element-cd25d40 elementor-reverse-mobile elementor-section-boxed elementor-section-height-default elementor-section-height-default\" data-id=\"cd25d40\" data-element_type=\"section\">\n\t\t\t\t\t\t<div class=\"elementor-container elementor-column-gap-default\">\n\t\t\t\t\t<div class=\"elementor-column elementor-col-50 elementor-top-column elementor-element elementor-element-851e15c\" data-id=\"851e15c\" data-element_type=\"column\">\n\t\t\t<div class=\"elementor-widget-wrap elementor-element-populated\">\n\t\t\t\t\t\t\t\t<div class=\"elementor-element elementor-element-b8fb54f elementor-widget elementor-widget-image\" data-id=\"b8fb54f\" data-element_type=\"widget\" data-widget_type=\"image.default\">\n\t\t\t\t<div class=\"elementor-widget-container\">\n\t\t\t<style>\/*! elementor - v3.18.0 - 20-12-2023 *\/\n.elementor-widget-image{text-align:center}.elementor-widget-image a{display:inline-block}.elementor-widget-image a img[src$=\".svg\"]{width:48px}.elementor-widget-image img{vertical-align:middle;display:inline-block}<\/style>\t\t\t\t\t\t\t\t\t\t\t\t<img fetchpriority=\"high\" decoding=\"async\" width=\"384\" height=\"296\" src=\"https:\/\/tgs-edisa.com\/wp-content\/uploads\/2022\/01\/servicios.jpg\" class=\"attachment-large size-large wp-image-14270\" alt=\"\" srcset=\"https:\/\/tgs-edisa.com\/wp-content\/uploads\/2022\/01\/servicios.jpg 384w, https:\/\/tgs-edisa.com\/wp-content\/uploads\/2022\/01\/servicios-300x231.jpg 300w\" sizes=\"(max-width: 384px) 100vw, 384px\" \/>\t\t\t\t\t\t\t\t\t\t\t\t\t\t\t<\/div>\n\t\t\t\t<\/div>\n\t\t\t\t\t<\/div>\n\t\t<\/div>\n\t\t\t\t<div class=\"elementor-column elementor-col-50 elementor-top-column elementor-element elementor-element-7bd25c6\" data-id=\"7bd25c6\" data-element_type=\"column\">\n\t\t\t<div class=\"elementor-widget-wrap elementor-element-populated\">\n\t\t\t\t\t\t\t\t<div class=\"elementor-element elementor-element-2423d80 elementor-widget elementor-widget-heading\" data-id=\"2423d80\" data-element_type=\"widget\" data-widget_type=\"heading.default\">\n\t\t\t\t<div class=\"elementor-widget-container\">\n\t\t\t<style>\/*! elementor - v3.18.0 - 20-12-2023 *\/\n.elementor-heading-title{padding:0;margin:0;line-height:1}.elementor-widget-heading .elementor-heading-title[class*=elementor-size-]>a{color:inherit;font-size:inherit;line-height:inherit}.elementor-widget-heading .elementor-heading-title.elementor-size-small{font-size:15px}.elementor-widget-heading .elementor-heading-title.elementor-size-medium{font-size:19px}.elementor-widget-heading .elementor-heading-title.elementor-size-large{font-size:29px}.elementor-widget-heading .elementor-heading-title.elementor-size-xl{font-size:39px}.elementor-widget-heading .elementor-heading-title.elementor-size-xxl{font-size:59px}<\/style><h1 class=\"elementor-heading-title elementor-size-default\">CONTRATS COMMERCIAUX<\/h1>\t\t<\/div>\n\t\t\t\t<\/div>\n\t\t\t\t<div class=\"elementor-element elementor-element-12c1c04 elementor-widget elementor-widget-text-editor\" data-id=\"12c1c04\" data-element_type=\"widget\" data-widget_type=\"text-editor.default\">\n\t\t\t\t<div class=\"elementor-widget-container\">\n\t\t\t<style>\/*! elementor - v3.18.0 - 20-12-2023 *\/\n.elementor-widget-text-editor.elementor-drop-cap-view-stacked .elementor-drop-cap{background-color:#69727d;color:#fff}.elementor-widget-text-editor.elementor-drop-cap-view-framed .elementor-drop-cap{color:#69727d;border:3px solid;background-color:transparent}.elementor-widget-text-editor:not(.elementor-drop-cap-view-default) .elementor-drop-cap{margin-top:8px}.elementor-widget-text-editor:not(.elementor-drop-cap-view-default) .elementor-drop-cap-letter{width:1em;height:1em}.elementor-widget-text-editor .elementor-drop-cap{float:left;text-align:center;line-height:1;font-size:50px}.elementor-widget-text-editor .elementor-drop-cap-letter{display:inline-block}<\/style>\t\t\t\t<p>TGS Edisa offre dans le cadre de son conseil sur les contrats internationaux des services d\u2019\u00e9laboration, de conseil, r\u00e9vision, interpr\u00e9tation et assistance \u00e0 la n\u00e9gociation de contrats commerciaux, locaux et internationaux.<\/p><p>Nous voulons offrir \u00e0 nos clients la plus grande s\u00e9curit\u00e9 juridique possible lors de l\u2019\u00e9tablissement de leurs relations avec leurs distributeurs, franchis\u00e9s, agents commerciaux, etc. \u00e9tant un \u00e9l\u00e9ment essentiel du succ\u00e8s des investissements \u00e9trangers dans le processus de d\u00e9veloppement des affaires.<\/p>\t\t\t\t\t\t<\/div>\n\t\t\t\t<\/div>\n\t\t\t\t\t<\/div>\n\t\t<\/div>\n\t\t\t\t\t\t\t<\/div>\n\t\t<\/section>\n\t\t\t\t<section class=\"elementor-section elementor-top-section elementor-element elementor-element-1386c8a elementor-section-boxed elementor-section-height-default elementor-section-height-default\" data-id=\"1386c8a\" data-element_type=\"section\">\n\t\t\t\t\t\t<div class=\"elementor-container elementor-column-gap-default\">\n\t\t\t\t\t<div class=\"elementor-column elementor-col-100 elementor-top-column elementor-element elementor-element-41fa4c8\" data-id=\"41fa4c8\" data-element_type=\"column\">\n\t\t\t<div class=\"elementor-widget-wrap elementor-element-populated\">\n\t\t\t\t\t\t\t\t<div class=\"elementor-element elementor-element-3abe839 elementor-widget elementor-widget-heading\" data-id=\"3abe839\" data-element_type=\"widget\" data-widget_type=\"heading.default\">\n\t\t\t\t<div class=\"elementor-widget-container\">\n\t\t\t<h2 class=\"elementor-heading-title elementor-size-default\">Services de contrats commerciaux<\/h2>\t\t<\/div>\n\t\t\t\t<\/div>\n\t\t\t\t<div class=\"elementor-element elementor-element-397679f elementor-widget elementor-widget-text-editor\" data-id=\"397679f\" data-element_type=\"widget\" data-widget_type=\"text-editor.default\">\n\t\t\t\t<div class=\"elementor-widget-container\">\n\t\t\t\t\t\t\t<p>Au d\u00e9but de la relation commerciale, nous offrons des services d\u2019\u00e9laboration du contrat, base de la relation commerciale entre les parties ou, le cas \u00e9ch\u00e9ant, nous fournissons des services de r\u00e9vision du contrat \u00e9labor\u00e9s par l\u2019autre partie. Nous concentrons notre attention sur la d\u00e9fense des int\u00e9r\u00eats du client tout en assurant le respect des lois et des conventions applicables. Cette premi\u00e8re phase de notre travail vise \u00e0 informer le client sur les caract\u00e9ristiques du contrat en cours de n\u00e9gociation afin qu\u2019il puisse \u00e9valuer d\u2019un point de vue commercial ses besoins et les traduire dans la r\u00e9daction du document. Nos professionnels vous aideront \u00e0 pr\u00e9venir d\u2019\u00e9ventuelles divergences qui pourraient survenir lors de l\u2019ex\u00e9cution du contrat afin d\u2019\u00e9tablir une relation d\u2019affaires satisfaisante et stable.<\/p><p>Nous offrons des services de r\u00e9vision et d\u2019interpr\u00e9tation des relations contractuelles consolid\u00e9es pour \u00e9tudier les possibilit\u00e9s d\u2019apporter des modifications au contrat sign\u00e9 par les parties et informer le client des cons\u00e9quences possibles. Nous conseillons nos clients \u00e0 tout moment dans l\u2019interpr\u00e9tation et la n\u00e9gociation des changements dans la relation contractuelle avec l\u2019autre partie ainsi que nous pr\u00e9parons les \u00e9crits pour proc\u00e9der \u00e0 de telles modifications.<\/p><p>Les services propos\u00e9s permettent de d\u00e9finir, en fonction de la situation de chaque client, la n\u00e9cessit\u00e9 de signer pr\u00e9alablement un pr\u00e9contrat tel qu\u2019un term sheet ou un protocole d\u2019accord ou directement le contrat commercial, en conseillant le client sur le type de contrat le plus appropri\u00e9 \u00e0 la relation commerciale pr\u00e9vue.<\/p><p>Les contrats internationaux ont des particularit\u00e9s et il est n\u00e9cessaire d\u2019\u00e9tudier dans chaque contrat les clauses correspondantes pour refl\u00e9ter les besoins des parties et qu\u2019elles conviennent de ces aspects afin d\u2019\u00e9viter d\u2019\u00e9ventuelles situations conflictuelles futures : loi applicable, choix de juridiction, devise, langue, etc.<\/p><p>Notre assistance est soutenue par le r\u00e9seau international de professionnels TGS Global dont nous faisons partie et le seul membre en Espagne \u00e0 obtenir efficacement et en toute s\u00e9curit\u00e9 les connaissances et conseils n\u00e9cessaires sur les pays de destination des contrats.<\/p><p>Nos professionnels sp\u00e9cialis\u00e9s dans le recrutement accompagnent \u00e9galement le client dans la r\u00e9siliation de la relation contractuelle \u00e0 travers d\u2019\u00e9ventuelles n\u00e9gociations avec l\u2019autre partie pour d\u00e9fendre les int\u00e9r\u00eats du client en cas de violation ou de d\u00e9nonciation unilat\u00e9rale du contrat. Notre assistance se concentre sur la d\u00e9termination et la n\u00e9gociation de la r\u00e9mun\u00e9ration correspondante ainsi que sur la r\u00e9daction d\u2019avis et d\u2019\u00e9crits. En cas d\u2019accord entre les parties pour mettre fin \u00e0 la relation commerciale, nos professionnels r\u00e9digeront l\u2019\u00e9crit exprimant les accords entre les parties et pr\u00e9pareront les notifications \u00e0 envoyer \u00e0 l\u2019autre partie, en ayant \u00e0 tout moment comme objectif les besoins du client de minimiser les cons\u00e9quences de la fin de la relation commerciale et de ses futures op\u00e9rations commerciales avec le pays de destination.<\/p><p>Tous nos services de conseil en recrutement commercial sont fournis en anglais, Fran\u00e7ais et \/ ou en espagnol, selon les besoins du client. Nous offrons \u00e9galement des services pour la pr\u00e9paration et la r\u00e9daction de documents bilingues, ainsi qu\u2019une assistance dans la n\u00e9gociation de documents dans les langues susmentionn\u00e9es.<\/p>\t\t\t\t\t\t<\/div>\n\t\t\t\t<\/div>\n\t\t\t\t\t<\/div>\n\t\t<\/div>\n\t\t\t\t\t\t\t<\/div>\n\t\t<\/section>\n\t\t\t\t<section class=\"elementor-section elementor-top-section elementor-element elementor-element-2a729d7 elementor-section-boxed elementor-section-height-default elementor-section-height-default\" data-id=\"2a729d7\" data-element_type=\"section\">\n\t\t\t\t\t\t<div class=\"elementor-container elementor-column-gap-default\">\n\t\t\t\t\t<div class=\"elementor-column elementor-col-100 elementor-top-column elementor-element elementor-element-f6fa88e\" data-id=\"f6fa88e\" data-element_type=\"column\">\n\t\t\t<div class=\"elementor-widget-wrap elementor-element-populated\">\n\t\t\t\t\t\t\t\t<div class=\"elementor-element elementor-element-2901ebe elementor-widget elementor-widget-heading\" data-id=\"2901ebe\" data-element_type=\"widget\" data-widget_type=\"heading.default\">\n\t\t\t\t<div class=\"elementor-widget-container\">\n\t\t\t<h2 class=\"elementor-heading-title elementor-size-default\">Services de recrutement commercial<\/h2>\t\t<\/div>\n\t\t\t\t<\/div>\n\t\t\t\t<div class=\"elementor-element elementor-element-305753d elementor-widget elementor-widget-text-editor\" data-id=\"305753d\" data-element_type=\"widget\" data-widget_type=\"text-editor.default\">\n\t\t\t\t<div class=\"elementor-widget-container\">\n\t\t\t\t\t\t\t<p>Nos services de recrutement commercial se concentrent sur :<\/p><ul><li>Contrats de Distribution Internationale<\/li><li>Contrats d\u2019Agence Commerciale Internationale<\/li><li>Contrats de Joint-Venture International<\/li><li>Contrats de Franchise Internationale<\/li><li>Contrats d\u2019Approvisionnements Internationaux<\/li><li>Contrat de Confidentialit\u00e9<\/li><li>R\u00e9vision de contrats internationaux dans le cadre d\u2019un processus de Due Diligence juridique<\/li><li>Contrats commerciaux sui generis<\/li><\/ul>\t\t\t\t\t\t<\/div>\n\t\t\t\t<\/div>\n\t\t\t\t\t<\/div>\n\t\t<\/div>\n\t\t\t\t\t\t\t<\/div>\n\t\t<\/section>\n\t\t\t\t<section class=\"elementor-section elementor-top-section elementor-element elementor-element-beb6366 elementor-section-height-min-height elementor-section-boxed elementor-section-height-default elementor-section-items-middle\" data-id=\"beb6366\" data-element_type=\"section\" data-settings=\"{&quot;background_background&quot;:&quot;classic&quot;}\">\n\t\t\t\t\t\t<div class=\"elementor-container elementor-column-gap-default\">\n\t\t\t\t\t<div class=\"elementor-column elementor-col-100 elementor-top-column elementor-element elementor-element-da389a7\" data-id=\"da389a7\" data-element_type=\"column\">\n\t\t\t<div class=\"elementor-widget-wrap elementor-element-populated\">\n\t\t\t\t\t\t\t\t<div class=\"elementor-element elementor-element-72442e2 elementor-widget elementor-widget-heading\" data-id=\"72442e2\" data-element_type=\"widget\" data-widget_type=\"heading.default\">\n\t\t\t\t<div class=\"elementor-widget-container\">\n\t\t\t<h2 class=\"elementor-heading-title elementor-size-default\">TGS Edisa, c'est une \u00e9quipe pluridisciplinaire hautement qualifi\u00e9e pour vous conseiller dans tous les domaines de votre entreprise. N'h\u00e9sitez pas \u00e0 nous contacter pour comprendre comment nous pourrions vous aider.<\/h2>\t\t<\/div>\n\t\t\t\t<\/div>\n\t\t\t\t<div class=\"elementor-element elementor-element-e559049 elementor-mobile-align-center boton-w100 elementor-align-center elementor-widget elementor-widget-button\" data-id=\"e559049\" data-element_type=\"widget\" data-widget_type=\"button.default\">\n\t\t\t\t<div class=\"elementor-widget-container\">\n\t\t\t\t\t<div class=\"elementor-button-wrapper\">\n\t\t\t<a class=\"elementor-button elementor-button-link elementor-size-md\" href=\"https:\/\/tgs-edisa.com\/fr\/contact\/\">\n\t\t\t\t\t\t<span class=\"elementor-button-content-wrapper\">\n\t\t\t\t\t\t<span class=\"elementor-button-text\">Contactez-nous<\/span>\n\t\t<\/span>\n\t\t\t\t\t<\/a>\n\t\t<\/div>\n\t\t\t\t<\/div>\n\t\t\t\t<\/div>\n\t\t\t\t\t<\/div>\n\t\t<\/div>\n\t\t\t\t\t\t\t<\/div>\n\t\t<\/section>\n\t\t\t\t\t\t\t<\/div>\n\t\t","protected":false},"excerpt":{"rendered":"<p>CONTRATS COMMERCIAUX TGS Edisa offre dans le cadre de son conseil sur les contrats internationaux des services d\u2019\u00e9laboration, de conseil, r\u00e9vision, interpr\u00e9tation et assistance \u00e0 la n\u00e9gociation de contrats commerciaux, locaux et internationaux. Nous voulons offrir \u00e0 nos clients la plus grande s\u00e9curit\u00e9 juridique possible lors de l\u2019\u00e9tablissement de leurs relations avec leurs distributeurs, franchis\u00e9s, &hellip; <br \/><a href=\"https:\/\/tgs-edisa.com\/fr\/services-de-conseil-chez-tgs-edisa\/contrats-commerciaux\/\" class=\"more-link\">Continue reading <span class=\"screen-reader-text\">Contrats commerciaux<\/span><\/a><\/p>\n","protected":false},"author":1,"featured_media":0,"parent":16625,"menu_order":0,"comment_status":"closed","ping_status":"closed","template":"elementor_header_footer","meta":{"footnotes":""},"class_list":["post-16682","page","type-page","status-publish","hentry"],"yoast_head":"<!-- This site is optimized with the Yoast SEO plugin v25.0 - https:\/\/yoast.com\/wordpress\/plugins\/seo\/ -->\n<title>Contrats commerciaux - TGS Edisa<\/title>\n<meta name=\"robots\" content=\"index, follow, max-snippet:-1, max-image-preview:large, max-video-preview:-1\" \/>\n<link rel=\"canonical\" href=\"https:\/\/tgs-edisa.com\/fr\/services-de-conseil-chez-tgs-edisa\/contrats-commerciaux\/\" \/>\n<meta property=\"og:locale\" content=\"fr_FR\" \/>\n<meta property=\"og:type\" content=\"article\" \/>\n<meta property=\"og:title\" content=\"Contrats commerciaux - TGS Edisa\" \/>\n<meta property=\"og:description\" content=\"CONTRATS COMMERCIAUX TGS Edisa offre dans le cadre de son conseil sur les contrats internationaux des services d\u2019\u00e9laboration, de conseil, r\u00e9vision, interpr\u00e9tation et assistance \u00e0 la n\u00e9gociation de contrats commerciaux, locaux et internationaux. Nous voulons offrir \u00e0 nos clients la plus grande s\u00e9curit\u00e9 juridique possible lors de l\u2019\u00e9tablissement de leurs relations avec leurs distributeurs, franchis\u00e9s, &hellip; Continue reading Contrats commerciaux\" \/>\n<meta property=\"og:url\" content=\"https:\/\/tgs-edisa.com\/fr\/services-de-conseil-chez-tgs-edisa\/contrats-commerciaux\/\" \/>\n<meta property=\"og:site_name\" content=\"TGS Edisa\" \/>\n<meta property=\"article:modified_time\" content=\"2022-08-29T08:40:20+00:00\" \/>\n<meta property=\"og:image\" content=\"https:\/\/tgs-edisa.com\/wp-content\/uploads\/2022\/01\/servicios.jpg\" \/>\n<meta name=\"twitter:card\" content=\"summary_large_image\" \/>\n<meta name=\"twitter:label1\" content=\"Dur\u00e9e de lecture estim\u00e9e\" \/>\n\t<meta name=\"twitter:data1\" content=\"4 minutes\" \/>\n<script type=\"application\/ld+json\" class=\"yoast-schema-graph\">{\"@context\":\"https:\/\/schema.org\",\"@graph\":[{\"@type\":\"WebPage\",\"@id\":\"https:\/\/tgs-edisa.com\/fr\/services-de-conseil-chez-tgs-edisa\/contrats-commerciaux\/\",\"url\":\"https:\/\/tgs-edisa.com\/fr\/services-de-conseil-chez-tgs-edisa\/contrats-commerciaux\/\",\"name\":\"Contrats commerciaux - TGS Edisa\",\"isPartOf\":{\"@id\":\"https:\/\/tgs-edisa.com\/fr\/#website\"},\"primaryImageOfPage\":{\"@id\":\"https:\/\/tgs-edisa.com\/fr\/services-de-conseil-chez-tgs-edisa\/contrats-commerciaux\/#primaryimage\"},\"image\":{\"@id\":\"https:\/\/tgs-edisa.com\/fr\/services-de-conseil-chez-tgs-edisa\/contrats-commerciaux\/#primaryimage\"},\"thumbnailUrl\":\"https:\/\/tgs-edisa.com\/wp-content\/uploads\/2022\/01\/servicios.jpg\",\"datePublished\":\"2022-02-03T06:27:03+00:00\",\"dateModified\":\"2022-08-29T08:40:20+00:00\",\"breadcrumb\":{\"@id\":\"https:\/\/tgs-edisa.com\/fr\/services-de-conseil-chez-tgs-edisa\/contrats-commerciaux\/#breadcrumb\"},\"inLanguage\":\"fr-FR\",\"potentialAction\":[{\"@type\":\"ReadAction\",\"target\":[\"https:\/\/tgs-edisa.com\/fr\/services-de-conseil-chez-tgs-edisa\/contrats-commerciaux\/\"]}]},{\"@type\":\"ImageObject\",\"inLanguage\":\"fr-FR\",\"@id\":\"https:\/\/tgs-edisa.com\/fr\/services-de-conseil-chez-tgs-edisa\/contrats-commerciaux\/#primaryimage\",\"url\":\"https:\/\/tgs-edisa.com\/wp-content\/uploads\/2022\/01\/servicios.jpg\",\"contentUrl\":\"https:\/\/tgs-edisa.com\/wp-content\/uploads\/2022\/01\/servicios.jpg\"},{\"@type\":\"BreadcrumbList\",\"@id\":\"https:\/\/tgs-edisa.com\/fr\/services-de-conseil-chez-tgs-edisa\/contrats-commerciaux\/#breadcrumb\",\"itemListElement\":[{\"@type\":\"ListItem\",\"position\":1,\"name\":\"Portada\",\"item\":\"https:\/\/tgs-edisa.com\/fr\/inicio\/\"},{\"@type\":\"ListItem\",\"position\":2,\"name\":\"Services de conseil chez TGS EDISA\",\"item\":\"https:\/\/tgs-edisa.com\/fr\/services-de-conseil-chez-tgs-edisa\/\"},{\"@type\":\"ListItem\",\"position\":3,\"name\":\"Contrats commerciaux\"}]},{\"@type\":\"WebSite\",\"@id\":\"https:\/\/tgs-edisa.com\/fr\/#website\",\"url\":\"https:\/\/tgs-edisa.com\/fr\/\",\"name\":\"TGS Edisa\",\"description\":\"Asesor\u00eda Fiscal y Contable, Jur\u00eddica Legal y Laboral.\",\"potentialAction\":[{\"@type\":\"SearchAction\",\"target\":{\"@type\":\"EntryPoint\",\"urlTemplate\":\"https:\/\/tgs-edisa.com\/fr\/?s={search_term_string}\"},\"query-input\":{\"@type\":\"PropertyValueSpecification\",\"valueRequired\":true,\"valueName\":\"search_term_string\"}}],\"inLanguage\":\"fr-FR\"}]}<\/script>\n<!-- \/ Yoast SEO plugin. -->","yoast_head_json":{"title":"Contrats commerciaux - TGS Edisa","robots":{"index":"index","follow":"follow","max-snippet":"max-snippet:-1","max-image-preview":"max-image-preview:large","max-video-preview":"max-video-preview:-1"},"canonical":"https:\/\/tgs-edisa.com\/fr\/services-de-conseil-chez-tgs-edisa\/contrats-commerciaux\/","og_locale":"fr_FR","og_type":"article","og_title":"Contrats commerciaux - TGS Edisa","og_description":"CONTRATS COMMERCIAUX TGS Edisa offre dans le cadre de son conseil sur les contrats internationaux des services d\u2019\u00e9laboration, de conseil, r\u00e9vision, interpr\u00e9tation et assistance \u00e0 la n\u00e9gociation de contrats commerciaux, locaux et internationaux. Nous voulons offrir \u00e0 nos clients la plus grande s\u00e9curit\u00e9 juridique possible lors de l\u2019\u00e9tablissement de leurs relations avec leurs distributeurs, franchis\u00e9s, &hellip; Continue reading Contrats commerciaux","og_url":"https:\/\/tgs-edisa.com\/fr\/services-de-conseil-chez-tgs-edisa\/contrats-commerciaux\/","og_site_name":"TGS Edisa","article_modified_time":"2022-08-29T08:40:20+00:00","og_image":[{"url":"https:\/\/tgs-edisa.com\/wp-content\/uploads\/2022\/01\/servicios.jpg","type":"","width":"","height":""}],"twitter_card":"summary_large_image","twitter_misc":{"Dur\u00e9e de lecture estim\u00e9e":"4 minutes"},"schema":{"@context":"https:\/\/schema.org","@graph":[{"@type":"WebPage","@id":"https:\/\/tgs-edisa.com\/fr\/services-de-conseil-chez-tgs-edisa\/contrats-commerciaux\/","url":"https:\/\/tgs-edisa.com\/fr\/services-de-conseil-chez-tgs-edisa\/contrats-commerciaux\/","name":"Contrats commerciaux - TGS Edisa","isPartOf":{"@id":"https:\/\/tgs-edisa.com\/fr\/#website"},"primaryImageOfPage":{"@id":"https:\/\/tgs-edisa.com\/fr\/services-de-conseil-chez-tgs-edisa\/contrats-commerciaux\/#primaryimage"},"image":{"@id":"https:\/\/tgs-edisa.com\/fr\/services-de-conseil-chez-tgs-edisa\/contrats-commerciaux\/#primaryimage"},"thumbnailUrl":"https:\/\/tgs-edisa.com\/wp-content\/uploads\/2022\/01\/servicios.jpg","datePublished":"2022-02-03T06:27:03+00:00","dateModified":"2022-08-29T08:40:20+00:00","breadcrumb":{"@id":"https:\/\/tgs-edisa.com\/fr\/services-de-conseil-chez-tgs-edisa\/contrats-commerciaux\/#breadcrumb"},"inLanguage":"fr-FR","potentialAction":[{"@type":"ReadAction","target":["https:\/\/tgs-edisa.com\/fr\/services-de-conseil-chez-tgs-edisa\/contrats-commerciaux\/"]}]},{"@type":"ImageObject","inLanguage":"fr-FR","@id":"https:\/\/tgs-edisa.com\/fr\/services-de-conseil-chez-tgs-edisa\/contrats-commerciaux\/#primaryimage","url":"https:\/\/tgs-edisa.com\/wp-content\/uploads\/2022\/01\/servicios.jpg","contentUrl":"https:\/\/tgs-edisa.com\/wp-content\/uploads\/2022\/01\/servicios.jpg"},{"@type":"BreadcrumbList","@id":"https:\/\/tgs-edisa.com\/fr\/services-de-conseil-chez-tgs-edisa\/contrats-commerciaux\/#breadcrumb","itemListElement":[{"@type":"ListItem","position":1,"name":"Portada","item":"https:\/\/tgs-edisa.com\/fr\/inicio\/"},{"@type":"ListItem","position":2,"name":"Services de conseil chez TGS EDISA","item":"https:\/\/tgs-edisa.com\/fr\/services-de-conseil-chez-tgs-edisa\/"},{"@type":"ListItem","position":3,"name":"Contrats commerciaux"}]},{"@type":"WebSite","@id":"https:\/\/tgs-edisa.com\/fr\/#website","url":"https:\/\/tgs-edisa.com\/fr\/","name":"TGS Edisa","description":"Asesor\u00eda Fiscal y Contable, Jur\u00eddica Legal y Laboral.","potentialAction":[{"@type":"SearchAction","target":{"@type":"EntryPoint","urlTemplate":"https:\/\/tgs-edisa.com\/fr\/?s={search_term_string}"},"query-input":{"@type":"PropertyValueSpecification","valueRequired":true,"valueName":"search_term_string"}}],"inLanguage":"fr-FR"}]}},"_links":{"self":[{"href":"https:\/\/tgs-edisa.com\/fr\/wp-json\/wp\/v2\/pages\/16682","targetHints":{"allow":["GET"]}}],"collection":[{"href":"https:\/\/tgs-edisa.com\/fr\/wp-json\/wp\/v2\/pages"}],"about":[{"href":"https:\/\/tgs-edisa.com\/fr\/wp-json\/wp\/v2\/types\/page"}],"author":[{"embeddable":true,"href":"https:\/\/tgs-edisa.com\/fr\/wp-json\/wp\/v2\/users\/1"}],"replies":[{"embeddable":true,"href":"https:\/\/tgs-edisa.com\/fr\/wp-json\/wp\/v2\/comments?post=16682"}],"version-history":[{"count":1,"href":"https:\/\/tgs-edisa.com\/fr\/wp-json\/wp\/v2\/pages\/16682\/revisions"}],"predecessor-version":[{"id":16683,"href":"https:\/\/tgs-edisa.com\/fr\/wp-json\/wp\/v2\/pages\/16682\/revisions\/16683"}],"up":[{"embeddable":true,"href":"https:\/\/tgs-edisa.com\/fr\/wp-json\/wp\/v2\/pages\/16625"}],"wp:attachment":[{"href":"https:\/\/tgs-edisa.com\/fr\/wp-json\/wp\/v2\/media?parent=16682"}],"curies":[{"name":"wp","href":"https:\/\/api.w.org\/{rel}","templated":true}]}}