{"id":16680,"date":"2022-02-03T09:18:27","date_gmt":"2022-02-03T07:18:27","guid":{"rendered":"https:\/\/tgs-edisa.com\/services-de-conseil-chez-tgs-edisa\/conseil-immobilier\/"},"modified":"2022-08-29T10:34:49","modified_gmt":"2022-08-29T08:34:49","slug":"conseil-immobilier","status":"publish","type":"page","link":"https:\/\/tgs-edisa.com\/fr\/services-de-conseil-chez-tgs-edisa\/conseil-immobilier\/","title":{"rendered":"Conseil Immobilier"},"content":{"rendered":"\t\t<div data-elementor-type=\"wp-page\" data-elementor-id=\"16680\" class=\"elementor elementor-16680 elementor-14448\">\n\t\t\t\t\t\t\t\t\t<section class=\"elementor-section elementor-top-section elementor-element elementor-element-cd25d40 elementor-reverse-mobile elementor-section-boxed elementor-section-height-default elementor-section-height-default\" data-id=\"cd25d40\" data-element_type=\"section\">\n\t\t\t\t\t\t<div class=\"elementor-container elementor-column-gap-default\">\n\t\t\t\t\t<div class=\"elementor-column elementor-col-50 elementor-top-column elementor-element elementor-element-851e15c\" data-id=\"851e15c\" data-element_type=\"column\">\n\t\t\t<div class=\"elementor-widget-wrap elementor-element-populated\">\n\t\t\t\t\t\t\t\t<div class=\"elementor-element elementor-element-b8fb54f elementor-widget elementor-widget-image\" data-id=\"b8fb54f\" data-element_type=\"widget\" data-widget_type=\"image.default\">\n\t\t\t\t<div class=\"elementor-widget-container\">\n\t\t\t<style>\/*! elementor - v3.18.0 - 20-12-2023 *\/\n.elementor-widget-image{text-align:center}.elementor-widget-image a{display:inline-block}.elementor-widget-image a img[src$=\".svg\"]{width:48px}.elementor-widget-image img{vertical-align:middle;display:inline-block}<\/style>\t\t\t\t\t\t\t\t\t\t\t\t<img fetchpriority=\"high\" decoding=\"async\" width=\"384\" height=\"296\" src=\"https:\/\/tgs-edisa.com\/wp-content\/uploads\/2022\/01\/servicios.jpg\" class=\"attachment-large size-large wp-image-14270\" alt=\"\" srcset=\"https:\/\/tgs-edisa.com\/wp-content\/uploads\/2022\/01\/servicios.jpg 384w, https:\/\/tgs-edisa.com\/wp-content\/uploads\/2022\/01\/servicios-300x231.jpg 300w\" sizes=\"(max-width: 384px) 100vw, 384px\" \/>\t\t\t\t\t\t\t\t\t\t\t\t\t\t\t<\/div>\n\t\t\t\t<\/div>\n\t\t\t\t\t<\/div>\n\t\t<\/div>\n\t\t\t\t<div class=\"elementor-column elementor-col-50 elementor-top-column elementor-element elementor-element-7bd25c6\" data-id=\"7bd25c6\" data-element_type=\"column\">\n\t\t\t<div class=\"elementor-widget-wrap elementor-element-populated\">\n\t\t\t\t\t\t\t\t<div class=\"elementor-element elementor-element-2423d80 elementor-widget elementor-widget-heading\" data-id=\"2423d80\" data-element_type=\"widget\" data-widget_type=\"heading.default\">\n\t\t\t\t<div class=\"elementor-widget-container\">\n\t\t\t<style>\/*! elementor - v3.18.0 - 20-12-2023 *\/\n.elementor-heading-title{padding:0;margin:0;line-height:1}.elementor-widget-heading .elementor-heading-title[class*=elementor-size-]>a{color:inherit;font-size:inherit;line-height:inherit}.elementor-widget-heading .elementor-heading-title.elementor-size-small{font-size:15px}.elementor-widget-heading .elementor-heading-title.elementor-size-medium{font-size:19px}.elementor-widget-heading .elementor-heading-title.elementor-size-large{font-size:29px}.elementor-widget-heading .elementor-heading-title.elementor-size-xl{font-size:39px}.elementor-widget-heading .elementor-heading-title.elementor-size-xxl{font-size:59px}<\/style><h1 class=\"elementor-heading-title elementor-size-default\">CONSEIL IMMOBILIER<\/h1>\t\t<\/div>\n\t\t\t\t<\/div>\n\t\t\t\t<div class=\"elementor-element elementor-element-12c1c04 elementor-widget elementor-widget-text-editor\" data-id=\"12c1c04\" data-element_type=\"widget\" data-widget_type=\"text-editor.default\">\n\t\t\t\t<div class=\"elementor-widget-container\">\n\t\t\t<style>\/*! elementor - v3.18.0 - 20-12-2023 *\/\n.elementor-widget-text-editor.elementor-drop-cap-view-stacked .elementor-drop-cap{background-color:#69727d;color:#fff}.elementor-widget-text-editor.elementor-drop-cap-view-framed .elementor-drop-cap{color:#69727d;border:3px solid;background-color:transparent}.elementor-widget-text-editor:not(.elementor-drop-cap-view-default) .elementor-drop-cap{margin-top:8px}.elementor-widget-text-editor:not(.elementor-drop-cap-view-default) .elementor-drop-cap-letter{width:1em;height:1em}.elementor-widget-text-editor .elementor-drop-cap{float:left;text-align:center;line-height:1;font-size:50px}.elementor-widget-text-editor .elementor-drop-cap-letter{display:inline-block}<\/style>\t\t\t\t<p>TGS Edisa dispose de professionnels experts en conseil immobilier.<\/p>\t\t\t\t\t\t<\/div>\n\t\t\t\t<\/div>\n\t\t\t\t\t<\/div>\n\t\t<\/div>\n\t\t\t\t\t\t\t<\/div>\n\t\t<\/section>\n\t\t\t\t<section class=\"elementor-section elementor-top-section elementor-element elementor-element-1386c8a elementor-section-boxed elementor-section-height-default elementor-section-height-default\" data-id=\"1386c8a\" data-element_type=\"section\">\n\t\t\t\t\t\t<div class=\"elementor-container elementor-column-gap-default\">\n\t\t\t\t\t<div class=\"elementor-column elementor-col-100 elementor-top-column elementor-element elementor-element-41fa4c8\" data-id=\"41fa4c8\" data-element_type=\"column\">\n\t\t\t<div class=\"elementor-widget-wrap elementor-element-populated\">\n\t\t\t\t\t\t\t\t<div class=\"elementor-element elementor-element-3abe839 elementor-widget elementor-widget-heading\" data-id=\"3abe839\" data-element_type=\"widget\" data-widget_type=\"heading.default\">\n\t\t\t\t<div class=\"elementor-widget-container\">\n\t\t\t<h2 class=\"elementor-heading-title elementor-size-default\">Experts-Conseils dans le secteur de l\u2019Immobilier<\/h2>\t\t<\/div>\n\t\t\t\t<\/div>\n\t\t\t\t<div class=\"elementor-element elementor-element-397679f elementor-widget elementor-widget-text-editor\" data-id=\"397679f\" data-element_type=\"widget\" data-widget_type=\"text-editor.default\">\n\t\t\t\t<div class=\"elementor-widget-container\">\n\t\t\t\t\t\t\t<p>Le secteur immobilier peut parfois \u00eatre complexe en termes de proc\u00e9dures et de bureaucratie. De plus, en raison de l\u2019importance \u00e9conomique de ce type d\u2019op\u00e9ration, il est essentiel de garantir l\u2019absence de risques ou de surprises dans l\u2019op\u00e9ration.<\/p><p>Par cons\u00e9quent, la plupart des gens d\u00e9cident de laisser entre des mains expertes tout type d\u2019op\u00e9ration li\u00e9e aux op\u00e9rations immobili\u00e8res, qu\u2019il s\u2019agisse de maisons priv\u00e9es, de locaux, de bureaux ou de grands b\u00e2timents.<\/p><p>\u00c0 cet \u00e9gard, l\u2019\u00e9quipe juridique de TGS Edisa poss\u00e8de les connaissances et l\u2019exp\u00e9rience dans des domaines tels que la gestion immobili\u00e8re, le registre des propri\u00e9t\u00e9s, le droit, les \u00e9valuations, les contrats ou hypoth\u00e8ques, entre autres aspects.<\/p><p>De m\u00eame, notre \u00e9quipe comptable et financi\u00e8re sera en mesure de vous aider \u00e0 valider les plans \u00e9conomiques pour comprendre la rentabilit\u00e9 attendue et le financement \u00e9ventuel d\u2019une op\u00e9ration sp\u00e9cifique.<\/p><p>TGS Edisa dispose de l\u2019exp\u00e9rience dans les op\u00e9rations de toutes sortes dans les domaines li\u00e9s \u00e0 la construction, \u00e0 la promotion, au financement et \u00e0 l\u2019investissement immobilier dans des b\u00e2timents r\u00e9sidentiels, des bureaux, des parcs d\u2019affaires, des entrep\u00f4ts logistiques, des complexes touristiques, des h\u00f4tels et des centres commerciaux.<\/p><p>Plus pr\u00e9cis\u00e9ment, avec l\u2019aide de nos experts, avec plus de 30 ans d\u2019exp\u00e9rience, nous intervenons dans :<\/p><ul><li>Conception de structures juridiques et fiscales. Nous r\u00e9alisons pour vous et selon vos besoins et objectifs une construction de projets de mani\u00e8re int\u00e9grale pour couvrir toutes les phases du processus. Achat, vente, investissement et gestion de projets immobiliers.<\/li><li>Conseil tout au long du processus de promotion et construction, et dans le processus d\u2019achat de projets immobiliers.<\/li><li>Due diligence l\u00e9gale.<\/li><li>Achat et vente de terrains et de projets immobiliers en cours d\u2019ex\u00e9cution.<\/li><li>Contrats de construction, architecture et gestion de projets.<\/li><li>Propri\u00e9t\u00e9, cr\u00e9dit-bail et gestion d\u2019actifs.<\/li><li>Financement de promotion et achat vente de <strong>projets immobiliers.<\/strong><\/li><\/ul><p>Si vous envisagez de d\u00e9marrer un projet immobilier et que vous avez besoin de conseils, TGS Edisa vous offre un service personnalis\u00e9, comp\u00e9titif et de haute qualit\u00e9 en mati\u00e8re de conseil et de gestion immobili\u00e8re. De plus, vous avez la garantie que nous traitons les informations de votre projet avec une confidentialit\u00e9 absolue et totale.<\/p>\t\t\t\t\t\t<\/div>\n\t\t\t\t<\/div>\n\t\t\t\t\t<\/div>\n\t\t<\/div>\n\t\t\t\t\t\t\t<\/div>\n\t\t<\/section>\n\t\t\t\t<section class=\"elementor-section elementor-top-section elementor-element elementor-element-b87d26f elementor-section-height-min-height elementor-section-boxed elementor-section-height-default elementor-section-items-middle\" data-id=\"b87d26f\" data-element_type=\"section\" data-settings=\"{&quot;background_background&quot;:&quot;classic&quot;}\">\n\t\t\t\t\t\t<div class=\"elementor-container elementor-column-gap-default\">\n\t\t\t\t\t<div class=\"elementor-column elementor-col-100 elementor-top-column elementor-element elementor-element-ce3e82c\" data-id=\"ce3e82c\" data-element_type=\"column\">\n\t\t\t<div class=\"elementor-widget-wrap elementor-element-populated\">\n\t\t\t\t\t\t\t\t<div class=\"elementor-element elementor-element-545f4a4 elementor-widget elementor-widget-heading\" data-id=\"545f4a4\" data-element_type=\"widget\" data-widget_type=\"heading.default\">\n\t\t\t\t<div class=\"elementor-widget-container\">\n\t\t\t<h2 class=\"elementor-heading-title elementor-size-default\">TGS Edisa, c'est une \u00e9quipe pluridisciplinaire hautement qualifi\u00e9e pour vous conseiller dans tous les domaines de votre entreprise. N'h\u00e9sitez pas \u00e0 nous contacter pour comprendre comment nous pourrions vous aider.<\/h2>\t\t<\/div>\n\t\t\t\t<\/div>\n\t\t\t\t<div class=\"elementor-element elementor-element-db40ac8 elementor-mobile-align-center boton-w100 elementor-align-center elementor-widget elementor-widget-button\" data-id=\"db40ac8\" data-element_type=\"widget\" data-widget_type=\"button.default\">\n\t\t\t\t<div class=\"elementor-widget-container\">\n\t\t\t\t\t<div class=\"elementor-button-wrapper\">\n\t\t\t<a class=\"elementor-button elementor-button-link elementor-size-md\" href=\"https:\/\/tgs-edisa.com\/fr\/contact\/\">\n\t\t\t\t\t\t<span class=\"elementor-button-content-wrapper\">\n\t\t\t\t\t\t<span class=\"elementor-button-text\">Contactez-nous<\/span>\n\t\t<\/span>\n\t\t\t\t\t<\/a>\n\t\t<\/div>\n\t\t\t\t<\/div>\n\t\t\t\t<\/div>\n\t\t\t\t\t<\/div>\n\t\t<\/div>\n\t\t\t\t\t\t\t<\/div>\n\t\t<\/section>\n\t\t\t\t\t\t\t<\/div>\n\t\t","protected":false},"excerpt":{"rendered":"<p>CONSEIL IMMOBILIER TGS Edisa dispose de professionnels experts en conseil immobilier. Experts-Conseils dans le secteur de l\u2019Immobilier Le secteur immobilier peut parfois \u00eatre complexe en termes de proc\u00e9dures et de bureaucratie. De plus, en raison de l\u2019importance \u00e9conomique de ce type d\u2019op\u00e9ration, il est essentiel de garantir l\u2019absence de risques ou de surprises dans l\u2019op\u00e9ration. &hellip; <br \/><a href=\"https:\/\/tgs-edisa.com\/fr\/services-de-conseil-chez-tgs-edisa\/conseil-immobilier\/\" class=\"more-link\">Continue reading <span class=\"screen-reader-text\">Conseil Immobilier<\/span><\/a><\/p>\n","protected":false},"author":1,"featured_media":0,"parent":16625,"menu_order":0,"comment_status":"closed","ping_status":"closed","template":"elementor_header_footer","meta":{"footnotes":""},"class_list":["post-16680","page","type-page","status-publish","hentry"],"yoast_head":"<!-- This site is optimized with the Yoast SEO plugin v25.0 - https:\/\/yoast.com\/wordpress\/plugins\/seo\/ -->\n<title>Conseil Immobilier - TGS Edisa<\/title>\n<meta name=\"robots\" content=\"index, follow, max-snippet:-1, max-image-preview:large, max-video-preview:-1\" \/>\n<link rel=\"canonical\" href=\"https:\/\/tgs-edisa.com\/fr\/services-de-conseil-chez-tgs-edisa\/conseil-immobilier\/\" \/>\n<meta property=\"og:locale\" content=\"fr_FR\" \/>\n<meta property=\"og:type\" content=\"article\" \/>\n<meta property=\"og:title\" content=\"Conseil Immobilier - TGS Edisa\" \/>\n<meta property=\"og:description\" content=\"CONSEIL IMMOBILIER TGS Edisa dispose de professionnels experts en conseil immobilier. Experts-Conseils dans le secteur de l\u2019Immobilier Le secteur immobilier peut parfois \u00eatre complexe en termes de proc\u00e9dures et de bureaucratie. De plus, en raison de l\u2019importance \u00e9conomique de ce type d\u2019op\u00e9ration, il est essentiel de garantir l\u2019absence de risques ou de surprises dans l\u2019op\u00e9ration. &hellip; Continue reading Conseil Immobilier\" \/>\n<meta property=\"og:url\" content=\"https:\/\/tgs-edisa.com\/fr\/services-de-conseil-chez-tgs-edisa\/conseil-immobilier\/\" \/>\n<meta property=\"og:site_name\" content=\"TGS Edisa\" \/>\n<meta property=\"article:modified_time\" content=\"2022-08-29T08:34:49+00:00\" \/>\n<meta property=\"og:image\" content=\"https:\/\/tgs-edisa.com\/wp-content\/uploads\/2022\/01\/servicios.jpg\" \/>\n<meta name=\"twitter:card\" content=\"summary_large_image\" \/>\n<meta name=\"twitter:label1\" content=\"Dur\u00e9e de lecture estim\u00e9e\" \/>\n\t<meta name=\"twitter:data1\" content=\"2 minutes\" \/>\n<script type=\"application\/ld+json\" class=\"yoast-schema-graph\">{\"@context\":\"https:\/\/schema.org\",\"@graph\":[{\"@type\":\"WebPage\",\"@id\":\"https:\/\/tgs-edisa.com\/fr\/services-de-conseil-chez-tgs-edisa\/conseil-immobilier\/\",\"url\":\"https:\/\/tgs-edisa.com\/fr\/services-de-conseil-chez-tgs-edisa\/conseil-immobilier\/\",\"name\":\"Conseil Immobilier - TGS Edisa\",\"isPartOf\":{\"@id\":\"https:\/\/tgs-edisa.com\/fr\/#website\"},\"primaryImageOfPage\":{\"@id\":\"https:\/\/tgs-edisa.com\/fr\/services-de-conseil-chez-tgs-edisa\/conseil-immobilier\/#primaryimage\"},\"image\":{\"@id\":\"https:\/\/tgs-edisa.com\/fr\/services-de-conseil-chez-tgs-edisa\/conseil-immobilier\/#primaryimage\"},\"thumbnailUrl\":\"https:\/\/tgs-edisa.com\/wp-content\/uploads\/2022\/01\/servicios.jpg\",\"datePublished\":\"2022-02-03T07:18:27+00:00\",\"dateModified\":\"2022-08-29T08:34:49+00:00\",\"breadcrumb\":{\"@id\":\"https:\/\/tgs-edisa.com\/fr\/services-de-conseil-chez-tgs-edisa\/conseil-immobilier\/#breadcrumb\"},\"inLanguage\":\"fr-FR\",\"potentialAction\":[{\"@type\":\"ReadAction\",\"target\":[\"https:\/\/tgs-edisa.com\/fr\/services-de-conseil-chez-tgs-edisa\/conseil-immobilier\/\"]}]},{\"@type\":\"ImageObject\",\"inLanguage\":\"fr-FR\",\"@id\":\"https:\/\/tgs-edisa.com\/fr\/services-de-conseil-chez-tgs-edisa\/conseil-immobilier\/#primaryimage\",\"url\":\"https:\/\/tgs-edisa.com\/wp-content\/uploads\/2022\/01\/servicios.jpg\",\"contentUrl\":\"https:\/\/tgs-edisa.com\/wp-content\/uploads\/2022\/01\/servicios.jpg\"},{\"@type\":\"BreadcrumbList\",\"@id\":\"https:\/\/tgs-edisa.com\/fr\/services-de-conseil-chez-tgs-edisa\/conseil-immobilier\/#breadcrumb\",\"itemListElement\":[{\"@type\":\"ListItem\",\"position\":1,\"name\":\"Portada\",\"item\":\"https:\/\/tgs-edisa.com\/fr\/inicio\/\"},{\"@type\":\"ListItem\",\"position\":2,\"name\":\"Services de conseil chez TGS EDISA\",\"item\":\"https:\/\/tgs-edisa.com\/fr\/services-de-conseil-chez-tgs-edisa\/\"},{\"@type\":\"ListItem\",\"position\":3,\"name\":\"Conseil Immobilier\"}]},{\"@type\":\"WebSite\",\"@id\":\"https:\/\/tgs-edisa.com\/fr\/#website\",\"url\":\"https:\/\/tgs-edisa.com\/fr\/\",\"name\":\"TGS Edisa\",\"description\":\"Asesor\u00eda Fiscal y Contable, Jur\u00eddica Legal y Laboral.\",\"potentialAction\":[{\"@type\":\"SearchAction\",\"target\":{\"@type\":\"EntryPoint\",\"urlTemplate\":\"https:\/\/tgs-edisa.com\/fr\/?s={search_term_string}\"},\"query-input\":{\"@type\":\"PropertyValueSpecification\",\"valueRequired\":true,\"valueName\":\"search_term_string\"}}],\"inLanguage\":\"fr-FR\"}]}<\/script>\n<!-- \/ Yoast SEO plugin. -->","yoast_head_json":{"title":"Conseil Immobilier - TGS Edisa","robots":{"index":"index","follow":"follow","max-snippet":"max-snippet:-1","max-image-preview":"max-image-preview:large","max-video-preview":"max-video-preview:-1"},"canonical":"https:\/\/tgs-edisa.com\/fr\/services-de-conseil-chez-tgs-edisa\/conseil-immobilier\/","og_locale":"fr_FR","og_type":"article","og_title":"Conseil Immobilier - TGS Edisa","og_description":"CONSEIL IMMOBILIER TGS Edisa dispose de professionnels experts en conseil immobilier. Experts-Conseils dans le secteur de l\u2019Immobilier Le secteur immobilier peut parfois \u00eatre complexe en termes de proc\u00e9dures et de bureaucratie. De plus, en raison de l\u2019importance \u00e9conomique de ce type d\u2019op\u00e9ration, il est essentiel de garantir l\u2019absence de risques ou de surprises dans l\u2019op\u00e9ration. &hellip; Continue reading Conseil Immobilier","og_url":"https:\/\/tgs-edisa.com\/fr\/services-de-conseil-chez-tgs-edisa\/conseil-immobilier\/","og_site_name":"TGS Edisa","article_modified_time":"2022-08-29T08:34:49+00:00","og_image":[{"url":"https:\/\/tgs-edisa.com\/wp-content\/uploads\/2022\/01\/servicios.jpg","type":"","width":"","height":""}],"twitter_card":"summary_large_image","twitter_misc":{"Dur\u00e9e de lecture estim\u00e9e":"2 minutes"},"schema":{"@context":"https:\/\/schema.org","@graph":[{"@type":"WebPage","@id":"https:\/\/tgs-edisa.com\/fr\/services-de-conseil-chez-tgs-edisa\/conseil-immobilier\/","url":"https:\/\/tgs-edisa.com\/fr\/services-de-conseil-chez-tgs-edisa\/conseil-immobilier\/","name":"Conseil Immobilier - TGS Edisa","isPartOf":{"@id":"https:\/\/tgs-edisa.com\/fr\/#website"},"primaryImageOfPage":{"@id":"https:\/\/tgs-edisa.com\/fr\/services-de-conseil-chez-tgs-edisa\/conseil-immobilier\/#primaryimage"},"image":{"@id":"https:\/\/tgs-edisa.com\/fr\/services-de-conseil-chez-tgs-edisa\/conseil-immobilier\/#primaryimage"},"thumbnailUrl":"https:\/\/tgs-edisa.com\/wp-content\/uploads\/2022\/01\/servicios.jpg","datePublished":"2022-02-03T07:18:27+00:00","dateModified":"2022-08-29T08:34:49+00:00","breadcrumb":{"@id":"https:\/\/tgs-edisa.com\/fr\/services-de-conseil-chez-tgs-edisa\/conseil-immobilier\/#breadcrumb"},"inLanguage":"fr-FR","potentialAction":[{"@type":"ReadAction","target":["https:\/\/tgs-edisa.com\/fr\/services-de-conseil-chez-tgs-edisa\/conseil-immobilier\/"]}]},{"@type":"ImageObject","inLanguage":"fr-FR","@id":"https:\/\/tgs-edisa.com\/fr\/services-de-conseil-chez-tgs-edisa\/conseil-immobilier\/#primaryimage","url":"https:\/\/tgs-edisa.com\/wp-content\/uploads\/2022\/01\/servicios.jpg","contentUrl":"https:\/\/tgs-edisa.com\/wp-content\/uploads\/2022\/01\/servicios.jpg"},{"@type":"BreadcrumbList","@id":"https:\/\/tgs-edisa.com\/fr\/services-de-conseil-chez-tgs-edisa\/conseil-immobilier\/#breadcrumb","itemListElement":[{"@type":"ListItem","position":1,"name":"Portada","item":"https:\/\/tgs-edisa.com\/fr\/inicio\/"},{"@type":"ListItem","position":2,"name":"Services de conseil chez TGS EDISA","item":"https:\/\/tgs-edisa.com\/fr\/services-de-conseil-chez-tgs-edisa\/"},{"@type":"ListItem","position":3,"name":"Conseil Immobilier"}]},{"@type":"WebSite","@id":"https:\/\/tgs-edisa.com\/fr\/#website","url":"https:\/\/tgs-edisa.com\/fr\/","name":"TGS Edisa","description":"Asesor\u00eda Fiscal y Contable, Jur\u00eddica Legal y Laboral.","potentialAction":[{"@type":"SearchAction","target":{"@type":"EntryPoint","urlTemplate":"https:\/\/tgs-edisa.com\/fr\/?s={search_term_string}"},"query-input":{"@type":"PropertyValueSpecification","valueRequired":true,"valueName":"search_term_string"}}],"inLanguage":"fr-FR"}]}},"_links":{"self":[{"href":"https:\/\/tgs-edisa.com\/fr\/wp-json\/wp\/v2\/pages\/16680","targetHints":{"allow":["GET"]}}],"collection":[{"href":"https:\/\/tgs-edisa.com\/fr\/wp-json\/wp\/v2\/pages"}],"about":[{"href":"https:\/\/tgs-edisa.com\/fr\/wp-json\/wp\/v2\/types\/page"}],"author":[{"embeddable":true,"href":"https:\/\/tgs-edisa.com\/fr\/wp-json\/wp\/v2\/users\/1"}],"replies":[{"embeddable":true,"href":"https:\/\/tgs-edisa.com\/fr\/wp-json\/wp\/v2\/comments?post=16680"}],"version-history":[{"count":1,"href":"https:\/\/tgs-edisa.com\/fr\/wp-json\/wp\/v2\/pages\/16680\/revisions"}],"predecessor-version":[{"id":16681,"href":"https:\/\/tgs-edisa.com\/fr\/wp-json\/wp\/v2\/pages\/16680\/revisions\/16681"}],"up":[{"embeddable":true,"href":"https:\/\/tgs-edisa.com\/fr\/wp-json\/wp\/v2\/pages\/16625"}],"wp:attachment":[{"href":"https:\/\/tgs-edisa.com\/fr\/wp-json\/wp\/v2\/media?parent=16680"}],"curies":[{"name":"wp","href":"https:\/\/api.w.org\/{rel}","templated":true}]}}