{"id":16678,"date":"2022-02-03T08:20:11","date_gmt":"2022-02-03T06:20:11","guid":{"rendered":"https:\/\/tgs-edisa.com\/services-de-conseil-chez-tgs-edisa\/accords-de-partenariat-et-protocoles-familiaux\/"},"modified":"2022-08-29T10:29:49","modified_gmt":"2022-08-29T08:29:49","slug":"accords-de-partenariat-et-protocoles-familiaux","status":"publish","type":"page","link":"https:\/\/tgs-edisa.com\/fr\/services-de-conseil-chez-tgs-edisa\/accords-de-partenariat-et-protocoles-familiaux\/","title":{"rendered":"Accords de partenariat et Protocoles Familiaux"},"content":{"rendered":"\t\t<div data-elementor-type=\"wp-page\" data-elementor-id=\"16678\" class=\"elementor elementor-16678 elementor-14334\">\n\t\t\t\t\t\t\t\t\t<section class=\"elementor-section elementor-top-section elementor-element elementor-element-cd25d40 elementor-reverse-mobile elementor-section-boxed elementor-section-height-default elementor-section-height-default\" data-id=\"cd25d40\" data-element_type=\"section\">\n\t\t\t\t\t\t<div class=\"elementor-container elementor-column-gap-default\">\n\t\t\t\t\t<div class=\"elementor-column elementor-col-50 elementor-top-column elementor-element elementor-element-851e15c\" data-id=\"851e15c\" data-element_type=\"column\">\n\t\t\t<div class=\"elementor-widget-wrap elementor-element-populated\">\n\t\t\t\t\t\t\t\t<div class=\"elementor-element elementor-element-b8fb54f elementor-widget elementor-widget-image\" data-id=\"b8fb54f\" data-element_type=\"widget\" data-widget_type=\"image.default\">\n\t\t\t\t<div class=\"elementor-widget-container\">\n\t\t\t<style>\/*! elementor - v3.18.0 - 20-12-2023 *\/\n.elementor-widget-image{text-align:center}.elementor-widget-image a{display:inline-block}.elementor-widget-image a img[src$=\".svg\"]{width:48px}.elementor-widget-image img{vertical-align:middle;display:inline-block}<\/style>\t\t\t\t\t\t\t\t\t\t\t\t<img fetchpriority=\"high\" decoding=\"async\" width=\"384\" height=\"296\" src=\"https:\/\/tgs-edisa.com\/wp-content\/uploads\/2022\/01\/servicios.jpg\" class=\"attachment-large size-large wp-image-14270\" alt=\"\" srcset=\"https:\/\/tgs-edisa.com\/wp-content\/uploads\/2022\/01\/servicios.jpg 384w, https:\/\/tgs-edisa.com\/wp-content\/uploads\/2022\/01\/servicios-300x231.jpg 300w\" sizes=\"(max-width: 384px) 100vw, 384px\" \/>\t\t\t\t\t\t\t\t\t\t\t\t\t\t\t<\/div>\n\t\t\t\t<\/div>\n\t\t\t\t\t<\/div>\n\t\t<\/div>\n\t\t\t\t<div class=\"elementor-column elementor-col-50 elementor-top-column elementor-element elementor-element-7bd25c6\" data-id=\"7bd25c6\" data-element_type=\"column\">\n\t\t\t<div class=\"elementor-widget-wrap elementor-element-populated\">\n\t\t\t\t\t\t\t\t<div class=\"elementor-element elementor-element-2423d80 elementor-widget elementor-widget-heading\" data-id=\"2423d80\" data-element_type=\"widget\" data-widget_type=\"heading.default\">\n\t\t\t\t<div class=\"elementor-widget-container\">\n\t\t\t<style>\/*! elementor - v3.18.0 - 20-12-2023 *\/\n.elementor-heading-title{padding:0;margin:0;line-height:1}.elementor-widget-heading .elementor-heading-title[class*=elementor-size-]>a{color:inherit;font-size:inherit;line-height:inherit}.elementor-widget-heading .elementor-heading-title.elementor-size-small{font-size:15px}.elementor-widget-heading .elementor-heading-title.elementor-size-medium{font-size:19px}.elementor-widget-heading .elementor-heading-title.elementor-size-large{font-size:29px}.elementor-widget-heading .elementor-heading-title.elementor-size-xl{font-size:39px}.elementor-widget-heading .elementor-heading-title.elementor-size-xxl{font-size:59px}<\/style><h1 class=\"elementor-heading-title elementor-size-default\">ACCORDS DE PARTENARIAT ET PROTOCOLES FAMILIAUX<\/h1>\t\t<\/div>\n\t\t\t\t<\/div>\n\t\t\t\t<div class=\"elementor-element elementor-element-12c1c04 elementor-widget elementor-widget-text-editor\" data-id=\"12c1c04\" data-element_type=\"widget\" data-widget_type=\"text-editor.default\">\n\t\t\t\t<div class=\"elementor-widget-container\">\n\t\t\t<style>\/*! elementor - v3.18.0 - 20-12-2023 *\/\n.elementor-widget-text-editor.elementor-drop-cap-view-stacked .elementor-drop-cap{background-color:#69727d;color:#fff}.elementor-widget-text-editor.elementor-drop-cap-view-framed .elementor-drop-cap{color:#69727d;border:3px solid;background-color:transparent}.elementor-widget-text-editor:not(.elementor-drop-cap-view-default) .elementor-drop-cap{margin-top:8px}.elementor-widget-text-editor:not(.elementor-drop-cap-view-default) .elementor-drop-cap-letter{width:1em;height:1em}.elementor-widget-text-editor .elementor-drop-cap{float:left;text-align:center;line-height:1;font-size:50px}.elementor-widget-text-editor .elementor-drop-cap-letter{display:inline-block}<\/style>\t\t\t\t<p>D\u00e9marrer une nouvelle entreprise avec d\u2019autres partenaires est toujours un projet passionnant, mais il est n\u00e9cessaire d\u2019avoir l\u2019esprit fix\u00e9 sur l\u2019avenir afin que cela ne devienne pas un probl\u00e8me.<\/p><p>Quelque chose qui, \u00e0 ses d\u00e9buts, est confortable et prometteur, avec le temps, peut \u00eatre compliqu\u00e9 et g\u00e9n\u00e9rer des barri\u00e8res possibles ou des obstacles entre partenaires qui peuvent causer un blocage commercial, des probl\u00e8mes juridiques ou mettre fin \u00e0 l\u2019entreprise, perdant tout le temps, les efforts et les investissements r\u00e9alis\u00e9s.<\/p><p>Par cons\u00e9quent, au moment de la cr\u00e9ation d\u2019une soci\u00e9t\u00e9 avec plusieurs partenaires (qu\u2019il s\u2019agisse d\u2019amis, de membres de la famille ou de tiers), il est recommand\u00e9 de clarifier les bases avec la cr\u00e9ation d\u2019un accord de partenariat ou d\u2019un protocole familial.<\/p>\t\t\t\t\t\t<\/div>\n\t\t\t\t<\/div>\n\t\t\t\t\t<\/div>\n\t\t<\/div>\n\t\t\t\t\t\t\t<\/div>\n\t\t<\/section>\n\t\t\t\t<section class=\"elementor-section elementor-top-section elementor-element elementor-element-1386c8a elementor-section-boxed elementor-section-height-default elementor-section-height-default\" data-id=\"1386c8a\" data-element_type=\"section\">\n\t\t\t\t\t\t<div class=\"elementor-container elementor-column-gap-default\">\n\t\t\t\t\t<div class=\"elementor-column elementor-col-100 elementor-top-column elementor-element elementor-element-41fa4c8\" data-id=\"41fa4c8\" data-element_type=\"column\">\n\t\t\t<div class=\"elementor-widget-wrap elementor-element-populated\">\n\t\t\t\t\t\t\t\t<div class=\"elementor-element elementor-element-3abe839 elementor-widget elementor-widget-heading\" data-id=\"3abe839\" data-element_type=\"widget\" data-widget_type=\"heading.default\">\n\t\t\t\t<div class=\"elementor-widget-container\">\n\t\t\t<h2 class=\"elementor-heading-title elementor-size-default\">Conseil sur les Accords de Partenariat et les Protocoles familiaux<\/h2>\t\t<\/div>\n\t\t\t\t<\/div>\n\t\t\t\t<div class=\"elementor-element elementor-element-397679f elementor-widget elementor-widget-text-editor\" data-id=\"397679f\" data-element_type=\"widget\" data-widget_type=\"text-editor.default\">\n\t\t\t\t<div class=\"elementor-widget-container\">\n\t\t\t\t\t\t\t<p>De la m\u00eame mani\u00e8re, le parcours des entreprises familiales signifie qu\u2019\u00e0 un moment donn\u00e9 de leur existence, elles ont la possibilit\u00e9 d\u2019inclure plusieurs membres de la famille dans la soci\u00e9t\u00e9, ce qui ajoute une perspective suppl\u00e9mentaire \u00e0 la relation entre leurs membres et renforce l\u2019importance d\u2019\u00e9viter les conflits et de clarifier ainsi les droits et les attentes de chaque personne.<\/p><p>C\u2019est pourquoi, depuis un certain temps, les accords de partenariat ou les protocoles familiaux sont de plus en plus fr\u00e9quents, et c\u2019est pourquoi chez TGS Edisa, nous aidons de plus en plus d\u2019entrepreneurs \u00e0 mettre en \u0153uvre ce contrat interne pour tous les partenaires ou membres de l\u2019entreprise.<\/p><p>Ainsi, chaque soci\u00e9t\u00e9 a des statuts qui \u00e9tablissent des aspects tels que le capital social, le domicile, le r\u00e9gime de repr\u00e9sentation des administrateurs et la prise de d\u00e9cision des administrateurs et de l\u2019assembl\u00e9e des partenaires, ainsi que des r\u00e8gles pour le transfert des participations.<\/p><p>Ces statuts sont \u00e9galement couverts par les normes juridiques qui les encadrent, telles que la Loi sur les Soci\u00e9t\u00e9s de Capitaux ou la Loi sur les Modifications Structurelles des Soci\u00e9t\u00e9s Commerciales, entre autres.<\/p><p>Cependant, tous ces outils de r\u00e9gulation des relations peuvent \u00eatre insuffisants dans certains cas o\u00f9 il est n\u00e9cessaire d\u2019\u00e9tablir d\u2019autres types d\u2019accords suppl\u00e9mentaires entre les partenaires, des accords qui n\u2019ont pas leur place dans les statuts, sur des aspects qui ne sont pas inclus dans les r\u00e8gles.<\/p><p>Il convient de noter que si la loi espagnole exige l\u2019existence de statuts sociaux qui sont publics pour s\u2019inscrire au registre du commerce, les accords de partenariat et les protocoles familiaux sont volontaires et, en g\u00e9n\u00e9ral, priv\u00e9s. Cependant, cela ne fait pas que les accords de partenariat ou les protocoles familiaux perdent leur utilit\u00e9, mais, bien au contraire, cela permet de leur fournir un contenu unique diff\u00e9rent des statuts mais compl\u00e9mentaires.<\/p><p>L\u2019accord de partenariat ou le protocole familial n\u2019est pas un document universel ou standard qui sert \u00e0 tout type de soci\u00e9t\u00e9 commerciale. Au contraire, chaque entreprise et chaque groupe de partenaires a un fonctionnement, une structure et des besoins sp\u00e9cifiques. Par cons\u00e9quent, il est conseill\u00e9 d\u2019avoir un groupe d\u2019experts-conseils qui peut vous aider dans le choix des clauses que la convention de partenaires devrait inclure.<\/p><p>Notre exp\u00e9rience nous a montr\u00e9 que le traitement des protocoles familiaux et des accords de partenariat atteint une grande utilit\u00e9 d\u00e8s le moment de leur pr\u00e9paration, car il permet aux partenaires de l\u2019entreprise et \u00e0 leurs proches d\u2019exprimer leurs int\u00e9r\u00eats et leurs mises en garde, tandis que de la part de nos conseillers, nous aidons \u00e0 trouver les solutions juridiques appropri\u00e9es pour atteindre les objectifs dont ils ont besoin.<\/p>\t\t\t\t\t\t<\/div>\n\t\t\t\t<\/div>\n\t\t\t\t\t<\/div>\n\t\t<\/div>\n\t\t\t\t\t\t\t<\/div>\n\t\t<\/section>\n\t\t\t\t<section class=\"elementor-section elementor-top-section elementor-element elementor-element-2a729d7 elementor-section-boxed elementor-section-height-default elementor-section-height-default\" data-id=\"2a729d7\" data-element_type=\"section\">\n\t\t\t\t\t\t<div class=\"elementor-container elementor-column-gap-default\">\n\t\t\t\t\t<div class=\"elementor-column elementor-col-100 elementor-top-column elementor-element elementor-element-f6fa88e\" data-id=\"f6fa88e\" data-element_type=\"column\">\n\t\t\t<div class=\"elementor-widget-wrap elementor-element-populated\">\n\t\t\t\t\t\t\t\t<div class=\"elementor-element elementor-element-2901ebe elementor-widget elementor-widget-heading\" data-id=\"2901ebe\" data-element_type=\"widget\" data-widget_type=\"heading.default\">\n\t\t\t\t<div class=\"elementor-widget-container\">\n\t\t\t<h2 class=\"elementor-heading-title elementor-size-default\">Phases de conseil en mati\u00e8re de protocoles familiaux et accords de partenariat.<\/h2>\t\t<\/div>\n\t\t\t\t<\/div>\n\t\t\t\t<div class=\"elementor-element elementor-element-305753d elementor-widget elementor-widget-text-editor\" data-id=\"305753d\" data-element_type=\"widget\" data-widget_type=\"text-editor.default\">\n\t\t\t\t<div class=\"elementor-widget-container\">\n\t\t\t\t\t\t\t<p>Notre service de conseil sur les protocoles familiaux et les accords de partenariat passe par les phases suivantes :<\/p><ul><li>Identification des caract\u00e9ristiques de l\u2019entreprise et des partenaires<\/li><li>D\u00e9finition des questions critiques et des aspects importants \u00e0 inclure dans l\u2019accord de partenariat<\/li><li>Proposition de r\u00e9daction et r\u00e9vision de l\u2019accord de partenariat<\/li><li>Souscription et, le cas \u00e9ch\u00e9ant, inscription de l\u2019accord de partenariat<\/li><li>Suivi du contenu de l\u2019accord de partenariat<\/li><\/ul>\t\t\t\t\t\t<\/div>\n\t\t\t\t<\/div>\n\t\t\t\t\t<\/div>\n\t\t<\/div>\n\t\t\t\t\t\t\t<\/div>\n\t\t<\/section>\n\t\t\t\t<section class=\"elementor-section elementor-top-section elementor-element elementor-element-7eed8dd elementor-section-height-min-height elementor-section-boxed elementor-section-height-default elementor-section-items-middle\" data-id=\"7eed8dd\" data-element_type=\"section\" data-settings=\"{&quot;background_background&quot;:&quot;classic&quot;}\">\n\t\t\t\t\t\t<div class=\"elementor-container elementor-column-gap-default\">\n\t\t\t\t\t<div class=\"elementor-column elementor-col-100 elementor-top-column elementor-element elementor-element-6295c86\" data-id=\"6295c86\" data-element_type=\"column\">\n\t\t\t<div class=\"elementor-widget-wrap elementor-element-populated\">\n\t\t\t\t\t\t\t\t<div class=\"elementor-element elementor-element-b2d66d5 elementor-widget elementor-widget-heading\" data-id=\"b2d66d5\" data-element_type=\"widget\" data-widget_type=\"heading.default\">\n\t\t\t\t<div class=\"elementor-widget-container\">\n\t\t\t<h2 class=\"elementor-heading-title elementor-size-default\">TGS Edisa, c'est une \u00e9quipe pluridisciplinaire hautement qualifi\u00e9e pour vous conseiller dans tous les domaines de votre entreprise. N'h\u00e9sitez pas \u00e0 nous contacter pour comprendre comment nous pourrions vous aider.<\/h2>\t\t<\/div>\n\t\t\t\t<\/div>\n\t\t\t\t<div class=\"elementor-element elementor-element-24f5e7e elementor-mobile-align-center boton-w100 elementor-align-center elementor-widget elementor-widget-button\" data-id=\"24f5e7e\" data-element_type=\"widget\" data-widget_type=\"button.default\">\n\t\t\t\t<div class=\"elementor-widget-container\">\n\t\t\t\t\t<div class=\"elementor-button-wrapper\">\n\t\t\t<a class=\"elementor-button elementor-button-link elementor-size-md\" href=\"https:\/\/tgs-edisa.com\/fr\/contact\/\">\n\t\t\t\t\t\t<span class=\"elementor-button-content-wrapper\">\n\t\t\t\t\t\t<span class=\"elementor-button-text\">Contactez-nous<\/span>\n\t\t<\/span>\n\t\t\t\t\t<\/a>\n\t\t<\/div>\n\t\t\t\t<\/div>\n\t\t\t\t<\/div>\n\t\t\t\t\t<\/div>\n\t\t<\/div>\n\t\t\t\t\t\t\t<\/div>\n\t\t<\/section>\n\t\t\t\t\t\t\t<\/div>\n\t\t","protected":false},"excerpt":{"rendered":"<p>ACCORDS DE PARTENARIAT ET PROTOCOLES FAMILIAUX D\u00e9marrer une nouvelle entreprise avec d\u2019autres partenaires est toujours un projet passionnant, mais il est n\u00e9cessaire d\u2019avoir l\u2019esprit fix\u00e9 sur l\u2019avenir afin que cela ne devienne pas un probl\u00e8me. Quelque chose qui, \u00e0 ses d\u00e9buts, est confortable et prometteur, avec le temps, peut \u00eatre compliqu\u00e9 et g\u00e9n\u00e9rer des barri\u00e8res &hellip; <br \/><a href=\"https:\/\/tgs-edisa.com\/fr\/services-de-conseil-chez-tgs-edisa\/accords-de-partenariat-et-protocoles-familiaux\/\" class=\"more-link\">Continue reading <span class=\"screen-reader-text\">Accords de partenariat et Protocoles Familiaux<\/span><\/a><\/p>\n","protected":false},"author":1,"featured_media":0,"parent":16625,"menu_order":0,"comment_status":"closed","ping_status":"closed","template":"elementor_header_footer","meta":{"footnotes":""},"class_list":["post-16678","page","type-page","status-publish","hentry"],"yoast_head":"<!-- This site is optimized with the Yoast SEO plugin v25.0 - https:\/\/yoast.com\/wordpress\/plugins\/seo\/ -->\n<title>Accords de partenariat et Protocoles Familiaux - TGS Edisa<\/title>\n<meta name=\"robots\" content=\"index, follow, max-snippet:-1, max-image-preview:large, max-video-preview:-1\" \/>\n<link rel=\"canonical\" href=\"https:\/\/tgs-edisa.com\/fr\/services-de-conseil-chez-tgs-edisa\/accords-de-partenariat-et-protocoles-familiaux\/\" \/>\n<meta property=\"og:locale\" content=\"fr_FR\" \/>\n<meta property=\"og:type\" content=\"article\" \/>\n<meta property=\"og:title\" content=\"Accords de partenariat et Protocoles Familiaux - TGS Edisa\" \/>\n<meta property=\"og:description\" content=\"ACCORDS DE PARTENARIAT ET PROTOCOLES FAMILIAUX D\u00e9marrer une nouvelle entreprise avec d\u2019autres partenaires est toujours un projet passionnant, mais il est n\u00e9cessaire d\u2019avoir l\u2019esprit fix\u00e9 sur l\u2019avenir afin que cela ne devienne pas un probl\u00e8me. Quelque chose qui, \u00e0 ses d\u00e9buts, est confortable et prometteur, avec le temps, peut \u00eatre compliqu\u00e9 et g\u00e9n\u00e9rer des barri\u00e8res &hellip; Continue reading Accords de partenariat et Protocoles Familiaux\" \/>\n<meta property=\"og:url\" content=\"https:\/\/tgs-edisa.com\/fr\/services-de-conseil-chez-tgs-edisa\/accords-de-partenariat-et-protocoles-familiaux\/\" \/>\n<meta property=\"og:site_name\" content=\"TGS Edisa\" \/>\n<meta property=\"article:modified_time\" content=\"2022-08-29T08:29:49+00:00\" \/>\n<meta property=\"og:image\" content=\"https:\/\/tgs-edisa.com\/wp-content\/uploads\/2022\/01\/servicios.jpg\" \/>\n<meta name=\"twitter:card\" content=\"summary_large_image\" \/>\n<meta name=\"twitter:label1\" content=\"Dur\u00e9e de lecture estim\u00e9e\" \/>\n\t<meta name=\"twitter:data1\" content=\"4 minutes\" \/>\n<script type=\"application\/ld+json\" class=\"yoast-schema-graph\">{\"@context\":\"https:\/\/schema.org\",\"@graph\":[{\"@type\":\"WebPage\",\"@id\":\"https:\/\/tgs-edisa.com\/fr\/services-de-conseil-chez-tgs-edisa\/accords-de-partenariat-et-protocoles-familiaux\/\",\"url\":\"https:\/\/tgs-edisa.com\/fr\/services-de-conseil-chez-tgs-edisa\/accords-de-partenariat-et-protocoles-familiaux\/\",\"name\":\"Accords de partenariat et Protocoles Familiaux - TGS Edisa\",\"isPartOf\":{\"@id\":\"https:\/\/tgs-edisa.com\/fr\/#website\"},\"primaryImageOfPage\":{\"@id\":\"https:\/\/tgs-edisa.com\/fr\/services-de-conseil-chez-tgs-edisa\/accords-de-partenariat-et-protocoles-familiaux\/#primaryimage\"},\"image\":{\"@id\":\"https:\/\/tgs-edisa.com\/fr\/services-de-conseil-chez-tgs-edisa\/accords-de-partenariat-et-protocoles-familiaux\/#primaryimage\"},\"thumbnailUrl\":\"https:\/\/tgs-edisa.com\/wp-content\/uploads\/2022\/01\/servicios.jpg\",\"datePublished\":\"2022-02-03T06:20:11+00:00\",\"dateModified\":\"2022-08-29T08:29:49+00:00\",\"breadcrumb\":{\"@id\":\"https:\/\/tgs-edisa.com\/fr\/services-de-conseil-chez-tgs-edisa\/accords-de-partenariat-et-protocoles-familiaux\/#breadcrumb\"},\"inLanguage\":\"fr-FR\",\"potentialAction\":[{\"@type\":\"ReadAction\",\"target\":[\"https:\/\/tgs-edisa.com\/fr\/services-de-conseil-chez-tgs-edisa\/accords-de-partenariat-et-protocoles-familiaux\/\"]}]},{\"@type\":\"ImageObject\",\"inLanguage\":\"fr-FR\",\"@id\":\"https:\/\/tgs-edisa.com\/fr\/services-de-conseil-chez-tgs-edisa\/accords-de-partenariat-et-protocoles-familiaux\/#primaryimage\",\"url\":\"https:\/\/tgs-edisa.com\/wp-content\/uploads\/2022\/01\/servicios.jpg\",\"contentUrl\":\"https:\/\/tgs-edisa.com\/wp-content\/uploads\/2022\/01\/servicios.jpg\"},{\"@type\":\"BreadcrumbList\",\"@id\":\"https:\/\/tgs-edisa.com\/fr\/services-de-conseil-chez-tgs-edisa\/accords-de-partenariat-et-protocoles-familiaux\/#breadcrumb\",\"itemListElement\":[{\"@type\":\"ListItem\",\"position\":1,\"name\":\"Portada\",\"item\":\"https:\/\/tgs-edisa.com\/fr\/inicio\/\"},{\"@type\":\"ListItem\",\"position\":2,\"name\":\"Services de conseil chez TGS EDISA\",\"item\":\"https:\/\/tgs-edisa.com\/fr\/services-de-conseil-chez-tgs-edisa\/\"},{\"@type\":\"ListItem\",\"position\":3,\"name\":\"Accords de partenariat et Protocoles Familiaux\"}]},{\"@type\":\"WebSite\",\"@id\":\"https:\/\/tgs-edisa.com\/fr\/#website\",\"url\":\"https:\/\/tgs-edisa.com\/fr\/\",\"name\":\"TGS Edisa\",\"description\":\"Asesor\u00eda Fiscal y Contable, Jur\u00eddica Legal y Laboral.\",\"potentialAction\":[{\"@type\":\"SearchAction\",\"target\":{\"@type\":\"EntryPoint\",\"urlTemplate\":\"https:\/\/tgs-edisa.com\/fr\/?s={search_term_string}\"},\"query-input\":{\"@type\":\"PropertyValueSpecification\",\"valueRequired\":true,\"valueName\":\"search_term_string\"}}],\"inLanguage\":\"fr-FR\"}]}<\/script>\n<!-- \/ Yoast SEO plugin. -->","yoast_head_json":{"title":"Accords de partenariat et Protocoles Familiaux - TGS Edisa","robots":{"index":"index","follow":"follow","max-snippet":"max-snippet:-1","max-image-preview":"max-image-preview:large","max-video-preview":"max-video-preview:-1"},"canonical":"https:\/\/tgs-edisa.com\/fr\/services-de-conseil-chez-tgs-edisa\/accords-de-partenariat-et-protocoles-familiaux\/","og_locale":"fr_FR","og_type":"article","og_title":"Accords de partenariat et Protocoles Familiaux - TGS Edisa","og_description":"ACCORDS DE PARTENARIAT ET PROTOCOLES FAMILIAUX D\u00e9marrer une nouvelle entreprise avec d\u2019autres partenaires est toujours un projet passionnant, mais il est n\u00e9cessaire d\u2019avoir l\u2019esprit fix\u00e9 sur l\u2019avenir afin que cela ne devienne pas un probl\u00e8me. Quelque chose qui, \u00e0 ses d\u00e9buts, est confortable et prometteur, avec le temps, peut \u00eatre compliqu\u00e9 et g\u00e9n\u00e9rer des barri\u00e8res &hellip; Continue reading Accords de partenariat et Protocoles Familiaux","og_url":"https:\/\/tgs-edisa.com\/fr\/services-de-conseil-chez-tgs-edisa\/accords-de-partenariat-et-protocoles-familiaux\/","og_site_name":"TGS Edisa","article_modified_time":"2022-08-29T08:29:49+00:00","og_image":[{"url":"https:\/\/tgs-edisa.com\/wp-content\/uploads\/2022\/01\/servicios.jpg","type":"","width":"","height":""}],"twitter_card":"summary_large_image","twitter_misc":{"Dur\u00e9e de lecture estim\u00e9e":"4 minutes"},"schema":{"@context":"https:\/\/schema.org","@graph":[{"@type":"WebPage","@id":"https:\/\/tgs-edisa.com\/fr\/services-de-conseil-chez-tgs-edisa\/accords-de-partenariat-et-protocoles-familiaux\/","url":"https:\/\/tgs-edisa.com\/fr\/services-de-conseil-chez-tgs-edisa\/accords-de-partenariat-et-protocoles-familiaux\/","name":"Accords de partenariat et Protocoles Familiaux - TGS Edisa","isPartOf":{"@id":"https:\/\/tgs-edisa.com\/fr\/#website"},"primaryImageOfPage":{"@id":"https:\/\/tgs-edisa.com\/fr\/services-de-conseil-chez-tgs-edisa\/accords-de-partenariat-et-protocoles-familiaux\/#primaryimage"},"image":{"@id":"https:\/\/tgs-edisa.com\/fr\/services-de-conseil-chez-tgs-edisa\/accords-de-partenariat-et-protocoles-familiaux\/#primaryimage"},"thumbnailUrl":"https:\/\/tgs-edisa.com\/wp-content\/uploads\/2022\/01\/servicios.jpg","datePublished":"2022-02-03T06:20:11+00:00","dateModified":"2022-08-29T08:29:49+00:00","breadcrumb":{"@id":"https:\/\/tgs-edisa.com\/fr\/services-de-conseil-chez-tgs-edisa\/accords-de-partenariat-et-protocoles-familiaux\/#breadcrumb"},"inLanguage":"fr-FR","potentialAction":[{"@type":"ReadAction","target":["https:\/\/tgs-edisa.com\/fr\/services-de-conseil-chez-tgs-edisa\/accords-de-partenariat-et-protocoles-familiaux\/"]}]},{"@type":"ImageObject","inLanguage":"fr-FR","@id":"https:\/\/tgs-edisa.com\/fr\/services-de-conseil-chez-tgs-edisa\/accords-de-partenariat-et-protocoles-familiaux\/#primaryimage","url":"https:\/\/tgs-edisa.com\/wp-content\/uploads\/2022\/01\/servicios.jpg","contentUrl":"https:\/\/tgs-edisa.com\/wp-content\/uploads\/2022\/01\/servicios.jpg"},{"@type":"BreadcrumbList","@id":"https:\/\/tgs-edisa.com\/fr\/services-de-conseil-chez-tgs-edisa\/accords-de-partenariat-et-protocoles-familiaux\/#breadcrumb","itemListElement":[{"@type":"ListItem","position":1,"name":"Portada","item":"https:\/\/tgs-edisa.com\/fr\/inicio\/"},{"@type":"ListItem","position":2,"name":"Services de conseil chez TGS EDISA","item":"https:\/\/tgs-edisa.com\/fr\/services-de-conseil-chez-tgs-edisa\/"},{"@type":"ListItem","position":3,"name":"Accords de partenariat et Protocoles Familiaux"}]},{"@type":"WebSite","@id":"https:\/\/tgs-edisa.com\/fr\/#website","url":"https:\/\/tgs-edisa.com\/fr\/","name":"TGS Edisa","description":"Asesor\u00eda Fiscal y Contable, Jur\u00eddica Legal y Laboral.","potentialAction":[{"@type":"SearchAction","target":{"@type":"EntryPoint","urlTemplate":"https:\/\/tgs-edisa.com\/fr\/?s={search_term_string}"},"query-input":{"@type":"PropertyValueSpecification","valueRequired":true,"valueName":"search_term_string"}}],"inLanguage":"fr-FR"}]}},"_links":{"self":[{"href":"https:\/\/tgs-edisa.com\/fr\/wp-json\/wp\/v2\/pages\/16678","targetHints":{"allow":["GET"]}}],"collection":[{"href":"https:\/\/tgs-edisa.com\/fr\/wp-json\/wp\/v2\/pages"}],"about":[{"href":"https:\/\/tgs-edisa.com\/fr\/wp-json\/wp\/v2\/types\/page"}],"author":[{"embeddable":true,"href":"https:\/\/tgs-edisa.com\/fr\/wp-json\/wp\/v2\/users\/1"}],"replies":[{"embeddable":true,"href":"https:\/\/tgs-edisa.com\/fr\/wp-json\/wp\/v2\/comments?post=16678"}],"version-history":[{"count":1,"href":"https:\/\/tgs-edisa.com\/fr\/wp-json\/wp\/v2\/pages\/16678\/revisions"}],"predecessor-version":[{"id":16679,"href":"https:\/\/tgs-edisa.com\/fr\/wp-json\/wp\/v2\/pages\/16678\/revisions\/16679"}],"up":[{"embeddable":true,"href":"https:\/\/tgs-edisa.com\/fr\/wp-json\/wp\/v2\/pages\/16625"}],"wp:attachment":[{"href":"https:\/\/tgs-edisa.com\/fr\/wp-json\/wp\/v2\/media?parent=16678"}],"curies":[{"name":"wp","href":"https:\/\/api.w.org\/{rel}","templated":true}]}}