{"id":16674,"date":"2022-02-03T09:12:27","date_gmt":"2022-02-03T07:12:27","guid":{"rendered":"https:\/\/tgs-edisa.com\/services-de-conseil-chez-tgs-edisa\/conseil-en-droit-commercial-et-des-societes\/"},"modified":"2022-08-29T10:25:40","modified_gmt":"2022-08-29T08:25:40","slug":"conseil-en-droit-commercial-et-des-societes","status":"publish","type":"page","link":"https:\/\/tgs-edisa.com\/fr\/services-de-conseil-chez-tgs-edisa\/conseil-en-droit-commercial-et-des-societes\/","title":{"rendered":"Conseil en Droit commercial et des soci\u00e9t\u00e9s"},"content":{"rendered":"\t\t<div data-elementor-type=\"wp-page\" data-elementor-id=\"16674\" class=\"elementor elementor-16674 elementor-14436\">\n\t\t\t\t\t\t\t\t\t<section class=\"elementor-section elementor-top-section elementor-element elementor-element-cd25d40 elementor-reverse-mobile elementor-section-boxed elementor-section-height-default elementor-section-height-default\" data-id=\"cd25d40\" data-element_type=\"section\">\n\t\t\t\t\t\t<div class=\"elementor-container elementor-column-gap-default\">\n\t\t\t\t\t<div class=\"elementor-column elementor-col-50 elementor-top-column elementor-element elementor-element-851e15c\" data-id=\"851e15c\" data-element_type=\"column\">\n\t\t\t<div class=\"elementor-widget-wrap elementor-element-populated\">\n\t\t\t\t\t\t\t\t<div class=\"elementor-element elementor-element-b8fb54f elementor-widget elementor-widget-image\" data-id=\"b8fb54f\" data-element_type=\"widget\" data-widget_type=\"image.default\">\n\t\t\t\t<div class=\"elementor-widget-container\">\n\t\t\t<style>\/*! elementor - v3.18.0 - 20-12-2023 *\/\n.elementor-widget-image{text-align:center}.elementor-widget-image a{display:inline-block}.elementor-widget-image a img[src$=\".svg\"]{width:48px}.elementor-widget-image img{vertical-align:middle;display:inline-block}<\/style>\t\t\t\t\t\t\t\t\t\t\t\t<img fetchpriority=\"high\" decoding=\"async\" width=\"384\" height=\"296\" src=\"https:\/\/tgs-edisa.com\/wp-content\/uploads\/2022\/01\/servicios.jpg\" class=\"attachment-large size-large wp-image-14270\" alt=\"\" srcset=\"https:\/\/tgs-edisa.com\/wp-content\/uploads\/2022\/01\/servicios.jpg 384w, https:\/\/tgs-edisa.com\/wp-content\/uploads\/2022\/01\/servicios-300x231.jpg 300w\" sizes=\"(max-width: 384px) 100vw, 384px\" \/>\t\t\t\t\t\t\t\t\t\t\t\t\t\t\t<\/div>\n\t\t\t\t<\/div>\n\t\t\t\t\t<\/div>\n\t\t<\/div>\n\t\t\t\t<div class=\"elementor-column elementor-col-50 elementor-top-column elementor-element elementor-element-7bd25c6\" data-id=\"7bd25c6\" data-element_type=\"column\">\n\t\t\t<div class=\"elementor-widget-wrap elementor-element-populated\">\n\t\t\t\t\t\t\t\t<div class=\"elementor-element elementor-element-2423d80 elementor-widget elementor-widget-heading\" data-id=\"2423d80\" data-element_type=\"widget\" data-widget_type=\"heading.default\">\n\t\t\t\t<div class=\"elementor-widget-container\">\n\t\t\t<style>\/*! elementor - v3.18.0 - 20-12-2023 *\/\n.elementor-heading-title{padding:0;margin:0;line-height:1}.elementor-widget-heading .elementor-heading-title[class*=elementor-size-]>a{color:inherit;font-size:inherit;line-height:inherit}.elementor-widget-heading .elementor-heading-title.elementor-size-small{font-size:15px}.elementor-widget-heading .elementor-heading-title.elementor-size-medium{font-size:19px}.elementor-widget-heading .elementor-heading-title.elementor-size-large{font-size:29px}.elementor-widget-heading .elementor-heading-title.elementor-size-xl{font-size:39px}.elementor-widget-heading .elementor-heading-title.elementor-size-xxl{font-size:59px}<\/style><h1 class=\"elementor-heading-title elementor-size-default\">DROIT COMMERCIAL ET DES SOCI\u00c9T\u00c9S<\/h1>\t\t<\/div>\n\t\t\t\t<\/div>\n\t\t\t\t<div class=\"elementor-element elementor-element-12c1c04 elementor-widget elementor-widget-text-editor\" data-id=\"12c1c04\" data-element_type=\"widget\" data-widget_type=\"text-editor.default\">\n\t\t\t\t<div class=\"elementor-widget-container\">\n\t\t\t<style>\/*! elementor - v3.18.0 - 20-12-2023 *\/\n.elementor-widget-text-editor.elementor-drop-cap-view-stacked .elementor-drop-cap{background-color:#69727d;color:#fff}.elementor-widget-text-editor.elementor-drop-cap-view-framed .elementor-drop-cap{color:#69727d;border:3px solid;background-color:transparent}.elementor-widget-text-editor:not(.elementor-drop-cap-view-default) .elementor-drop-cap{margin-top:8px}.elementor-widget-text-editor:not(.elementor-drop-cap-view-default) .elementor-drop-cap-letter{width:1em;height:1em}.elementor-widget-text-editor .elementor-drop-cap{float:left;text-align:center;line-height:1;font-size:50px}.elementor-widget-text-editor .elementor-drop-cap-letter{display:inline-block}<\/style>\t\t\t\t<p>Nous conseillons les entreprises et les groupes sur des questions d\u2019entreprise de toutes sortes, de la vie quotidienne des entreprises aux op\u00e9rations complexes qui englobent diff\u00e9rentes facettes de la soci\u00e9t\u00e9.<\/p>\t\t\t\t\t\t<\/div>\n\t\t\t\t<\/div>\n\t\t\t\t\t<\/div>\n\t\t<\/div>\n\t\t\t\t\t\t\t<\/div>\n\t\t<\/section>\n\t\t\t\t<section class=\"elementor-section elementor-top-section elementor-element elementor-element-1386c8a elementor-section-boxed elementor-section-height-default elementor-section-height-default\" data-id=\"1386c8a\" data-element_type=\"section\">\n\t\t\t\t\t\t<div class=\"elementor-container elementor-column-gap-default\">\n\t\t\t\t\t<div class=\"elementor-column elementor-col-100 elementor-top-column elementor-element elementor-element-41fa4c8\" data-id=\"41fa4c8\" data-element_type=\"column\">\n\t\t\t<div class=\"elementor-widget-wrap elementor-element-populated\">\n\t\t\t\t\t\t\t\t<div class=\"elementor-element elementor-element-397679f elementor-widget elementor-widget-text-editor\" data-id=\"397679f\" data-element_type=\"widget\" data-widget_type=\"text-editor.default\">\n\t\t\t\t<div class=\"elementor-widget-container\">\n\t\t\t\t\t\t\t<ul><li>Accords de partenariat et accords d\u2019investissement, avec des questions telles que les restrictions sur les transferts d\u2019actions, droits de <strong><em>tag-along<\/em><\/strong> et <strong><em>drag-along<\/em><\/strong>, <strong>options d\u2019achat et de vente, distribution de dividendes, etc<\/strong>\u2026<\/li><li>Constitution de soci\u00e9t\u00e9s et cr\u00e9ations de <strong>structures d\u2019entreprise.<\/strong><\/li><li>Conseil aux administrateurs concernant leur <strong>devoirs et responsabilit\u00e9s, assistance juridique aux organes de l\u2019entreprise<\/strong>.<\/li><li>R\u00e9formes statutaires de toutes sortes.<\/li><li>Modifications structurelles de toutes sortes (transformation de type de soci\u00e9t\u00e9s, scissions, s\u00e9gr\u00e9gations\u2026).<\/li><li>Fusions et Scissions de soci\u00e9t\u00e9s et groupe d\u2019entreprises.<\/li><li>Acquisitions et ventes d\u2019entreprises, LBOs.<\/li><li>Accords commerciaux. Nous conseillons nos clients dans la n\u00e9gociation d\u2019accords au niveau national et <a href=\"http:\/\/www.tgs-global.com\/\">international<\/a>, tels que des contrats d\u2019achat, vente ou de fourniture de biens et services, contrat de distribution et de fabrication.<\/li><li>Recrutement. Conseil sur la pr\u00e9paration, r\u00e9daction, n\u00e9gociation, conclusion et d\u00e9veloppement de toutes sortes de contrat commerciaux et civils.<\/li><\/ul><p>TGS Edisa a plus de 30 ans d\u2019exp\u00e9rience dans le Conseil Juridique en Droit Commercial et des Soci\u00e9t\u00e9s et dispose d\u2019une \u00e9quipe professionnelle multidisciplinaire pour vous conseiller sur les questions juridiques. Contactez-nous et l\u2019un de nos sp\u00e9cialistes en Droit Commercial et des Soci\u00e9t\u00e9s vous contactera.<\/p>\t\t\t\t\t\t<\/div>\n\t\t\t\t<\/div>\n\t\t\t\t\t<\/div>\n\t\t<\/div>\n\t\t\t\t\t\t\t<\/div>\n\t\t<\/section>\n\t\t\t\t<section class=\"elementor-section elementor-top-section elementor-element elementor-element-e4fd098 elementor-section-height-min-height elementor-section-boxed elementor-section-height-default elementor-section-items-middle\" data-id=\"e4fd098\" data-element_type=\"section\" data-settings=\"{&quot;background_background&quot;:&quot;classic&quot;}\">\n\t\t\t\t\t\t<div class=\"elementor-container elementor-column-gap-default\">\n\t\t\t\t\t<div class=\"elementor-column elementor-col-100 elementor-top-column elementor-element elementor-element-a83aed4\" data-id=\"a83aed4\" data-element_type=\"column\">\n\t\t\t<div class=\"elementor-widget-wrap elementor-element-populated\">\n\t\t\t\t\t\t\t\t<div class=\"elementor-element elementor-element-47a88c1 elementor-widget elementor-widget-heading\" data-id=\"47a88c1\" data-element_type=\"widget\" data-widget_type=\"heading.default\">\n\t\t\t\t<div class=\"elementor-widget-container\">\n\t\t\t<h2 class=\"elementor-heading-title elementor-size-default\">TGS Edisa, c'est une \u00e9quipe pluridisciplinaire hautement qualifi\u00e9e pour vous conseiller dans tous les domaines de votre entreprise. N'h\u00e9sitez pas \u00e0 nous contacter pour comprendre comment nous pourrions vous aider.<\/h2>\t\t<\/div>\n\t\t\t\t<\/div>\n\t\t\t\t<div class=\"elementor-element elementor-element-d189dc7 elementor-mobile-align-center boton-w100 elementor-align-center elementor-widget elementor-widget-button\" data-id=\"d189dc7\" data-element_type=\"widget\" data-widget_type=\"button.default\">\n\t\t\t\t<div class=\"elementor-widget-container\">\n\t\t\t\t\t<div class=\"elementor-button-wrapper\">\n\t\t\t<a class=\"elementor-button elementor-button-link elementor-size-md\" href=\"https:\/\/tgs-edisa.com\/fr\/contact\/\">\n\t\t\t\t\t\t<span class=\"elementor-button-content-wrapper\">\n\t\t\t\t\t\t<span class=\"elementor-button-text\">Contactez-nous<\/span>\n\t\t<\/span>\n\t\t\t\t\t<\/a>\n\t\t<\/div>\n\t\t\t\t<\/div>\n\t\t\t\t<\/div>\n\t\t\t\t\t<\/div>\n\t\t<\/div>\n\t\t\t\t\t\t\t<\/div>\n\t\t<\/section>\n\t\t\t\t\t\t\t<\/div>\n\t\t","protected":false},"excerpt":{"rendered":"<p>DROIT COMMERCIAL ET DES SOCI\u00c9T\u00c9S Nous conseillons les entreprises et les groupes sur des questions d\u2019entreprise de toutes sortes, de la vie quotidienne des entreprises aux op\u00e9rations complexes qui englobent diff\u00e9rentes facettes de la soci\u00e9t\u00e9. Accords de partenariat et accords d\u2019investissement, avec des questions telles que les restrictions sur les transferts d\u2019actions, droits de tag-along &hellip; <br \/><a href=\"https:\/\/tgs-edisa.com\/fr\/services-de-conseil-chez-tgs-edisa\/conseil-en-droit-commercial-et-des-societes\/\" class=\"more-link\">Continue reading <span class=\"screen-reader-text\">Conseil en Droit commercial et des soci\u00e9t\u00e9s<\/span><\/a><\/p>\n","protected":false},"author":1,"featured_media":0,"parent":16625,"menu_order":0,"comment_status":"closed","ping_status":"closed","template":"elementor_header_footer","meta":{"footnotes":""},"class_list":["post-16674","page","type-page","status-publish","hentry"],"yoast_head":"<!-- This site is optimized with the Yoast SEO plugin v25.0 - https:\/\/yoast.com\/wordpress\/plugins\/seo\/ -->\n<title>Conseil en Droit commercial et des soci\u00e9t\u00e9s - TGS Edisa<\/title>\n<meta name=\"robots\" content=\"index, follow, max-snippet:-1, max-image-preview:large, max-video-preview:-1\" \/>\n<link rel=\"canonical\" href=\"https:\/\/tgs-edisa.com\/fr\/services-de-conseil-chez-tgs-edisa\/conseil-en-droit-commercial-et-des-societes\/\" \/>\n<meta property=\"og:locale\" content=\"fr_FR\" \/>\n<meta property=\"og:type\" content=\"article\" \/>\n<meta property=\"og:title\" content=\"Conseil en Droit commercial et des soci\u00e9t\u00e9s - TGS Edisa\" \/>\n<meta property=\"og:description\" content=\"DROIT COMMERCIAL ET DES SOCI\u00c9T\u00c9S Nous conseillons les entreprises et les groupes sur des questions d\u2019entreprise de toutes sortes, de la vie quotidienne des entreprises aux op\u00e9rations complexes qui englobent diff\u00e9rentes facettes de la soci\u00e9t\u00e9. Accords de partenariat et accords d\u2019investissement, avec des questions telles que les restrictions sur les transferts d\u2019actions, droits de tag-along &hellip; Continue reading Conseil en Droit commercial et des soci\u00e9t\u00e9s\" \/>\n<meta property=\"og:url\" content=\"https:\/\/tgs-edisa.com\/fr\/services-de-conseil-chez-tgs-edisa\/conseil-en-droit-commercial-et-des-societes\/\" \/>\n<meta property=\"og:site_name\" content=\"TGS Edisa\" \/>\n<meta property=\"article:modified_time\" content=\"2022-08-29T08:25:40+00:00\" \/>\n<meta property=\"og:image\" content=\"https:\/\/tgs-edisa.com\/wp-content\/uploads\/2022\/01\/servicios.jpg\" \/>\n<meta name=\"twitter:card\" content=\"summary_large_image\" \/>\n<meta name=\"twitter:label1\" content=\"Dur\u00e9e de lecture estim\u00e9e\" \/>\n\t<meta name=\"twitter:data1\" content=\"1 minute\" \/>\n<script type=\"application\/ld+json\" class=\"yoast-schema-graph\">{\"@context\":\"https:\/\/schema.org\",\"@graph\":[{\"@type\":\"WebPage\",\"@id\":\"https:\/\/tgs-edisa.com\/fr\/services-de-conseil-chez-tgs-edisa\/conseil-en-droit-commercial-et-des-societes\/\",\"url\":\"https:\/\/tgs-edisa.com\/fr\/services-de-conseil-chez-tgs-edisa\/conseil-en-droit-commercial-et-des-societes\/\",\"name\":\"Conseil en Droit commercial et des soci\u00e9t\u00e9s - TGS Edisa\",\"isPartOf\":{\"@id\":\"https:\/\/tgs-edisa.com\/fr\/#website\"},\"primaryImageOfPage\":{\"@id\":\"https:\/\/tgs-edisa.com\/fr\/services-de-conseil-chez-tgs-edisa\/conseil-en-droit-commercial-et-des-societes\/#primaryimage\"},\"image\":{\"@id\":\"https:\/\/tgs-edisa.com\/fr\/services-de-conseil-chez-tgs-edisa\/conseil-en-droit-commercial-et-des-societes\/#primaryimage\"},\"thumbnailUrl\":\"https:\/\/tgs-edisa.com\/wp-content\/uploads\/2022\/01\/servicios.jpg\",\"datePublished\":\"2022-02-03T07:12:27+00:00\",\"dateModified\":\"2022-08-29T08:25:40+00:00\",\"breadcrumb\":{\"@id\":\"https:\/\/tgs-edisa.com\/fr\/services-de-conseil-chez-tgs-edisa\/conseil-en-droit-commercial-et-des-societes\/#breadcrumb\"},\"inLanguage\":\"fr-FR\",\"potentialAction\":[{\"@type\":\"ReadAction\",\"target\":[\"https:\/\/tgs-edisa.com\/fr\/services-de-conseil-chez-tgs-edisa\/conseil-en-droit-commercial-et-des-societes\/\"]}]},{\"@type\":\"ImageObject\",\"inLanguage\":\"fr-FR\",\"@id\":\"https:\/\/tgs-edisa.com\/fr\/services-de-conseil-chez-tgs-edisa\/conseil-en-droit-commercial-et-des-societes\/#primaryimage\",\"url\":\"https:\/\/tgs-edisa.com\/wp-content\/uploads\/2022\/01\/servicios.jpg\",\"contentUrl\":\"https:\/\/tgs-edisa.com\/wp-content\/uploads\/2022\/01\/servicios.jpg\"},{\"@type\":\"BreadcrumbList\",\"@id\":\"https:\/\/tgs-edisa.com\/fr\/services-de-conseil-chez-tgs-edisa\/conseil-en-droit-commercial-et-des-societes\/#breadcrumb\",\"itemListElement\":[{\"@type\":\"ListItem\",\"position\":1,\"name\":\"Portada\",\"item\":\"https:\/\/tgs-edisa.com\/fr\/inicio\/\"},{\"@type\":\"ListItem\",\"position\":2,\"name\":\"Services de conseil chez TGS EDISA\",\"item\":\"https:\/\/tgs-edisa.com\/fr\/services-de-conseil-chez-tgs-edisa\/\"},{\"@type\":\"ListItem\",\"position\":3,\"name\":\"Conseil en Droit commercial et des soci\u00e9t\u00e9s\"}]},{\"@type\":\"WebSite\",\"@id\":\"https:\/\/tgs-edisa.com\/fr\/#website\",\"url\":\"https:\/\/tgs-edisa.com\/fr\/\",\"name\":\"TGS Edisa\",\"description\":\"Asesor\u00eda Fiscal y Contable, Jur\u00eddica Legal y Laboral.\",\"potentialAction\":[{\"@type\":\"SearchAction\",\"target\":{\"@type\":\"EntryPoint\",\"urlTemplate\":\"https:\/\/tgs-edisa.com\/fr\/?s={search_term_string}\"},\"query-input\":{\"@type\":\"PropertyValueSpecification\",\"valueRequired\":true,\"valueName\":\"search_term_string\"}}],\"inLanguage\":\"fr-FR\"}]}<\/script>\n<!-- \/ Yoast SEO plugin. -->","yoast_head_json":{"title":"Conseil en Droit commercial et des soci\u00e9t\u00e9s - TGS Edisa","robots":{"index":"index","follow":"follow","max-snippet":"max-snippet:-1","max-image-preview":"max-image-preview:large","max-video-preview":"max-video-preview:-1"},"canonical":"https:\/\/tgs-edisa.com\/fr\/services-de-conseil-chez-tgs-edisa\/conseil-en-droit-commercial-et-des-societes\/","og_locale":"fr_FR","og_type":"article","og_title":"Conseil en Droit commercial et des soci\u00e9t\u00e9s - TGS Edisa","og_description":"DROIT COMMERCIAL ET DES SOCI\u00c9T\u00c9S Nous conseillons les entreprises et les groupes sur des questions d\u2019entreprise de toutes sortes, de la vie quotidienne des entreprises aux op\u00e9rations complexes qui englobent diff\u00e9rentes facettes de la soci\u00e9t\u00e9. Accords de partenariat et accords d\u2019investissement, avec des questions telles que les restrictions sur les transferts d\u2019actions, droits de tag-along &hellip; Continue reading Conseil en Droit commercial et des soci\u00e9t\u00e9s","og_url":"https:\/\/tgs-edisa.com\/fr\/services-de-conseil-chez-tgs-edisa\/conseil-en-droit-commercial-et-des-societes\/","og_site_name":"TGS Edisa","article_modified_time":"2022-08-29T08:25:40+00:00","og_image":[{"url":"https:\/\/tgs-edisa.com\/wp-content\/uploads\/2022\/01\/servicios.jpg","type":"","width":"","height":""}],"twitter_card":"summary_large_image","twitter_misc":{"Dur\u00e9e de lecture estim\u00e9e":"1 minute"},"schema":{"@context":"https:\/\/schema.org","@graph":[{"@type":"WebPage","@id":"https:\/\/tgs-edisa.com\/fr\/services-de-conseil-chez-tgs-edisa\/conseil-en-droit-commercial-et-des-societes\/","url":"https:\/\/tgs-edisa.com\/fr\/services-de-conseil-chez-tgs-edisa\/conseil-en-droit-commercial-et-des-societes\/","name":"Conseil en Droit commercial et des soci\u00e9t\u00e9s - TGS Edisa","isPartOf":{"@id":"https:\/\/tgs-edisa.com\/fr\/#website"},"primaryImageOfPage":{"@id":"https:\/\/tgs-edisa.com\/fr\/services-de-conseil-chez-tgs-edisa\/conseil-en-droit-commercial-et-des-societes\/#primaryimage"},"image":{"@id":"https:\/\/tgs-edisa.com\/fr\/services-de-conseil-chez-tgs-edisa\/conseil-en-droit-commercial-et-des-societes\/#primaryimage"},"thumbnailUrl":"https:\/\/tgs-edisa.com\/wp-content\/uploads\/2022\/01\/servicios.jpg","datePublished":"2022-02-03T07:12:27+00:00","dateModified":"2022-08-29T08:25:40+00:00","breadcrumb":{"@id":"https:\/\/tgs-edisa.com\/fr\/services-de-conseil-chez-tgs-edisa\/conseil-en-droit-commercial-et-des-societes\/#breadcrumb"},"inLanguage":"fr-FR","potentialAction":[{"@type":"ReadAction","target":["https:\/\/tgs-edisa.com\/fr\/services-de-conseil-chez-tgs-edisa\/conseil-en-droit-commercial-et-des-societes\/"]}]},{"@type":"ImageObject","inLanguage":"fr-FR","@id":"https:\/\/tgs-edisa.com\/fr\/services-de-conseil-chez-tgs-edisa\/conseil-en-droit-commercial-et-des-societes\/#primaryimage","url":"https:\/\/tgs-edisa.com\/wp-content\/uploads\/2022\/01\/servicios.jpg","contentUrl":"https:\/\/tgs-edisa.com\/wp-content\/uploads\/2022\/01\/servicios.jpg"},{"@type":"BreadcrumbList","@id":"https:\/\/tgs-edisa.com\/fr\/services-de-conseil-chez-tgs-edisa\/conseil-en-droit-commercial-et-des-societes\/#breadcrumb","itemListElement":[{"@type":"ListItem","position":1,"name":"Portada","item":"https:\/\/tgs-edisa.com\/fr\/inicio\/"},{"@type":"ListItem","position":2,"name":"Services de conseil chez TGS EDISA","item":"https:\/\/tgs-edisa.com\/fr\/services-de-conseil-chez-tgs-edisa\/"},{"@type":"ListItem","position":3,"name":"Conseil en Droit commercial et des soci\u00e9t\u00e9s"}]},{"@type":"WebSite","@id":"https:\/\/tgs-edisa.com\/fr\/#website","url":"https:\/\/tgs-edisa.com\/fr\/","name":"TGS Edisa","description":"Asesor\u00eda Fiscal y Contable, Jur\u00eddica Legal y Laboral.","potentialAction":[{"@type":"SearchAction","target":{"@type":"EntryPoint","urlTemplate":"https:\/\/tgs-edisa.com\/fr\/?s={search_term_string}"},"query-input":{"@type":"PropertyValueSpecification","valueRequired":true,"valueName":"search_term_string"}}],"inLanguage":"fr-FR"}]}},"_links":{"self":[{"href":"https:\/\/tgs-edisa.com\/fr\/wp-json\/wp\/v2\/pages\/16674","targetHints":{"allow":["GET"]}}],"collection":[{"href":"https:\/\/tgs-edisa.com\/fr\/wp-json\/wp\/v2\/pages"}],"about":[{"href":"https:\/\/tgs-edisa.com\/fr\/wp-json\/wp\/v2\/types\/page"}],"author":[{"embeddable":true,"href":"https:\/\/tgs-edisa.com\/fr\/wp-json\/wp\/v2\/users\/1"}],"replies":[{"embeddable":true,"href":"https:\/\/tgs-edisa.com\/fr\/wp-json\/wp\/v2\/comments?post=16674"}],"version-history":[{"count":3,"href":"https:\/\/tgs-edisa.com\/fr\/wp-json\/wp\/v2\/pages\/16674\/revisions"}],"predecessor-version":[{"id":16677,"href":"https:\/\/tgs-edisa.com\/fr\/wp-json\/wp\/v2\/pages\/16674\/revisions\/16677"}],"up":[{"embeddable":true,"href":"https:\/\/tgs-edisa.com\/fr\/wp-json\/wp\/v2\/pages\/16625"}],"wp:attachment":[{"href":"https:\/\/tgs-edisa.com\/fr\/wp-json\/wp\/v2\/media?parent=16674"}],"curies":[{"name":"wp","href":"https:\/\/api.w.org\/{rel}","templated":true}]}}