{"id":16648,"date":"2022-02-03T08:46:59","date_gmt":"2022-02-03T06:46:59","guid":{"rendered":"https:\/\/tgs-edisa.com\/services-de-conseil-chez-tgs-edisa\/testament-et-successions\/"},"modified":"2022-08-29T09:06:48","modified_gmt":"2022-08-29T07:06:48","slug":"testament-et-successions","status":"publish","type":"page","link":"https:\/\/tgs-edisa.com\/fr\/services-de-conseil-chez-tgs-edisa\/testament-et-successions\/","title":{"rendered":"Testament et Successions"},"content":{"rendered":"\t\t<div data-elementor-type=\"wp-page\" data-elementor-id=\"16648\" class=\"elementor elementor-16648 elementor-14370\">\n\t\t\t\t\t\t\t\t\t<section class=\"elementor-section elementor-top-section elementor-element elementor-element-cd25d40 elementor-reverse-mobile elementor-section-boxed elementor-section-height-default elementor-section-height-default\" data-id=\"cd25d40\" data-element_type=\"section\">\n\t\t\t\t\t\t<div class=\"elementor-container elementor-column-gap-default\">\n\t\t\t\t\t<div class=\"elementor-column elementor-col-50 elementor-top-column elementor-element elementor-element-851e15c\" data-id=\"851e15c\" data-element_type=\"column\">\n\t\t\t<div class=\"elementor-widget-wrap elementor-element-populated\">\n\t\t\t\t\t\t\t\t<div class=\"elementor-element elementor-element-b8fb54f elementor-widget elementor-widget-image\" data-id=\"b8fb54f\" data-element_type=\"widget\" data-widget_type=\"image.default\">\n\t\t\t\t<div class=\"elementor-widget-container\">\n\t\t\t<style>\/*! elementor - v3.18.0 - 20-12-2023 *\/\n.elementor-widget-image{text-align:center}.elementor-widget-image a{display:inline-block}.elementor-widget-image a img[src$=\".svg\"]{width:48px}.elementor-widget-image img{vertical-align:middle;display:inline-block}<\/style>\t\t\t\t\t\t\t\t\t\t\t\t<img fetchpriority=\"high\" decoding=\"async\" width=\"384\" height=\"296\" src=\"https:\/\/tgs-edisa.com\/wp-content\/uploads\/2022\/04\/sucesion-testamento.jpg\" class=\"attachment-large size-large wp-image-16190\" alt=\"Testamentar\u00eda y sucesiones\" srcset=\"https:\/\/tgs-edisa.com\/wp-content\/uploads\/2022\/04\/sucesion-testamento.jpg 384w, https:\/\/tgs-edisa.com\/wp-content\/uploads\/2022\/04\/sucesion-testamento-300x231.jpg 300w\" sizes=\"(max-width: 384px) 100vw, 384px\" \/>\t\t\t\t\t\t\t\t\t\t\t\t\t\t\t<\/div>\n\t\t\t\t<\/div>\n\t\t\t\t\t<\/div>\n\t\t<\/div>\n\t\t\t\t<div class=\"elementor-column elementor-col-50 elementor-top-column elementor-element elementor-element-7bd25c6\" data-id=\"7bd25c6\" data-element_type=\"column\">\n\t\t\t<div class=\"elementor-widget-wrap elementor-element-populated\">\n\t\t\t\t\t\t\t\t<div class=\"elementor-element elementor-element-2423d80 elementor-widget elementor-widget-heading\" data-id=\"2423d80\" data-element_type=\"widget\" data-widget_type=\"heading.default\">\n\t\t\t\t<div class=\"elementor-widget-container\">\n\t\t\t<style>\/*! elementor - v3.18.0 - 20-12-2023 *\/\n.elementor-heading-title{padding:0;margin:0;line-height:1}.elementor-widget-heading .elementor-heading-title[class*=elementor-size-]>a{color:inherit;font-size:inherit;line-height:inherit}.elementor-widget-heading .elementor-heading-title.elementor-size-small{font-size:15px}.elementor-widget-heading .elementor-heading-title.elementor-size-medium{font-size:19px}.elementor-widget-heading .elementor-heading-title.elementor-size-large{font-size:29px}.elementor-widget-heading .elementor-heading-title.elementor-size-xl{font-size:39px}.elementor-widget-heading .elementor-heading-title.elementor-size-xxl{font-size:59px}<\/style><h1 class=\"elementor-heading-title elementor-size-default\">TESTAMENT ET SUCCESSIONS<\/h1>\t\t<\/div>\n\t\t\t\t<\/div>\n\t\t\t\t<div class=\"elementor-element elementor-element-12c1c04 elementor-widget elementor-widget-text-editor\" data-id=\"12c1c04\" data-element_type=\"widget\" data-widget_type=\"text-editor.default\">\n\t\t\t\t<div class=\"elementor-widget-container\">\n\t\t\t<style>\/*! elementor - v3.18.0 - 20-12-2023 *\/\n.elementor-widget-text-editor.elementor-drop-cap-view-stacked .elementor-drop-cap{background-color:#69727d;color:#fff}.elementor-widget-text-editor.elementor-drop-cap-view-framed .elementor-drop-cap{color:#69727d;border:3px solid;background-color:transparent}.elementor-widget-text-editor:not(.elementor-drop-cap-view-default) .elementor-drop-cap{margin-top:8px}.elementor-widget-text-editor:not(.elementor-drop-cap-view-default) .elementor-drop-cap-letter{width:1em;height:1em}.elementor-widget-text-editor .elementor-drop-cap{float:left;text-align:center;line-height:1;font-size:50px}.elementor-widget-text-editor .elementor-drop-cap-letter{display:inline-block}<\/style>\t\t\t\t<p>Le d\u00e9c\u00e8s d\u2019un membre de la famille est un moment difficile. Nous sommes submerg\u00e9s par toutes sortes d\u2019\u00e9motions et de sentiments de tristesse. Cependant, le processus ne se termine pas avec la veill\u00e9e ou l\u2019enterrement. Lorsqu\u2019une personne d\u00e9c\u00e8de, tous ses biens deviennent la propri\u00e9t\u00e9 des h\u00e9ritiers. Et c\u2019est \u00e0 ce moment-l\u00e0 que les parents les plus proches doivent commencer le processus li\u00e9 \u00e0 l\u2019h\u00e9ritage et au testament du d\u00e9funt.<\/p><p>Notre cabinet compte sur des avocats et des \u00e9conomistes poss\u00e9dant de nombreuses ann\u00e9es d\u2019exp\u00e9rience, de professionnalisme et de sp\u00e9cialisation dans l\u2019assistance dans les proc\u00e9dures de testaments et de successions. Avec leur aide, la proc\u00e9dure et la gestion pour l\u2019ouverture du testament et l\u2019obtention de l\u2019h\u00e9ritage seront beaucoup plus agiles et rapides, soulageant le parent du d\u00e9funt de la n\u00e9cessit\u00e9 de faire des proc\u00e9dures complexes et d\u00e9licates \u00e0 un moment o\u00f9 le processus de deuil pour le parent est encore tr\u00e8s pr\u00e9sent.<\/p>\t\t\t\t\t\t<\/div>\n\t\t\t\t<\/div>\n\t\t\t\t\t<\/div>\n\t\t<\/div>\n\t\t\t\t\t\t\t<\/div>\n\t\t<\/section>\n\t\t\t\t<section class=\"elementor-section elementor-top-section elementor-element elementor-element-1386c8a elementor-section-boxed elementor-section-height-default elementor-section-height-default\" data-id=\"1386c8a\" data-element_type=\"section\">\n\t\t\t\t\t\t<div class=\"elementor-container elementor-column-gap-default\">\n\t\t\t\t\t<div class=\"elementor-column elementor-col-100 elementor-top-column elementor-element elementor-element-41fa4c8\" data-id=\"41fa4c8\" data-element_type=\"column\">\n\t\t\t<div class=\"elementor-widget-wrap elementor-element-populated\">\n\t\t\t\t\t\t\t\t<div class=\"elementor-element elementor-element-3abe839 elementor-widget elementor-widget-heading\" data-id=\"3abe839\" data-element_type=\"widget\" data-widget_type=\"heading.default\">\n\t\t\t\t<div class=\"elementor-widget-container\">\n\t\t\t<h2 class=\"elementor-heading-title elementor-size-default\">Testament<\/h2>\t\t<\/div>\n\t\t\t\t<\/div>\n\t\t\t\t<div class=\"elementor-element elementor-element-397679f elementor-widget elementor-widget-text-editor\" data-id=\"397679f\" data-element_type=\"widget\" data-widget_type=\"text-editor.default\">\n\t\t\t\t<div class=\"elementor-widget-container\">\n\t\t\t\t\t\t\t<p>Tout au long de notre vie, surtout \u00e0 l\u2019\u00e2ge adulte, avec un emploi, une famille et une vie stable, il est courant pour nous d\u2019acqu\u00e9rir une s\u00e9rie de propri\u00e9t\u00e9s, par exemple : une maison. Pour faciliter le transfert de tous nos biens \u00e0 nos descendants une fois que nous sommes d\u00e9c\u00e9d\u00e9s, un testament est n\u00e9cessaire.<\/p><p>Le testament consiste en une d\u00e9claration volontaire dans laquelle nous exposons ce que nous voulons faire de notre patrimoine une fois que nous sommes morts. En ce sens, il convient de noter qu\u2019il s\u2019agit d\u2019un instrument r\u00e9glement\u00e9 par le Code Civil espagnol, mais \u00e9galement influenc\u00e9 par des normes internationales qui peuvent entrer en jeu en cas de succession avec des composantes internationales.<\/p><p>Le testament peut \u00eatre fait devant un notaire ou non. En outre, il existe diff\u00e9rents types de testaments, bien que les plus courants soient le testament holographique ou le testament ouvert notari\u00e9. Le premier est \u00e9crit par le testateur de sa propre main et pour qu\u2019il soit valide, il doit inclure la date de sa r\u00e9daction, tandis que le second est \u00e9crit devant un notaire.<\/p><p>Les deux types de testaments sont l\u00e9gaux. Cependant, le testament ouvert notari\u00e9, bien qu\u2019il ait un co\u00fbt, pr\u00e9sente un certain nombre d\u2019avantages. Par exemple : il ne court pas le risque d\u2019\u00eatre perdu ou d\u00e9truit et, peut-\u00eatre le plus important encore, il ne peut pas \u00eatre annul\u00e9 pour violation des lois sur les successions ou pour vices de forme. Par cons\u00e9quent, il est fortement recommand\u00e9 de faire appel \u00e0 un avocat ou \u00e0 un conseiller en droit successoral pour garantir sa validit\u00e9 et, par cons\u00e9quent, que la volont\u00e9 du testateur soit respect\u00e9e.<\/p>\t\t\t\t\t\t<\/div>\n\t\t\t\t<\/div>\n\t\t\t\t\t<\/div>\n\t\t<\/div>\n\t\t\t\t\t\t\t<\/div>\n\t\t<\/section>\n\t\t\t\t<section class=\"elementor-section elementor-top-section elementor-element elementor-element-2a729d7 elementor-section-boxed elementor-section-height-default elementor-section-height-default\" data-id=\"2a729d7\" data-element_type=\"section\">\n\t\t\t\t\t\t<div class=\"elementor-container elementor-column-gap-default\">\n\t\t\t\t\t<div class=\"elementor-column elementor-col-100 elementor-top-column elementor-element elementor-element-f6fa88e\" data-id=\"f6fa88e\" data-element_type=\"column\">\n\t\t\t<div class=\"elementor-widget-wrap elementor-element-populated\">\n\t\t\t\t\t\t\t\t<div class=\"elementor-element elementor-element-2901ebe elementor-widget elementor-widget-heading\" data-id=\"2901ebe\" data-element_type=\"widget\" data-widget_type=\"heading.default\">\n\t\t\t\t<div class=\"elementor-widget-container\">\n\t\t\t<h2 class=\"elementor-heading-title elementor-size-default\">Successions<\/h2>\t\t<\/div>\n\t\t\t\t<\/div>\n\t\t\t\t<div class=\"elementor-element elementor-element-305753d elementor-widget elementor-widget-text-editor\" data-id=\"305753d\" data-element_type=\"widget\" data-widget_type=\"text-editor.default\">\n\t\t\t\t<div class=\"elementor-widget-container\">\n\t\t\t\t\t\t\t<p>Qui obtient plus ou moins ? Quelle est la r\u00e9partition s\u2019il n\u2019y a pas de testament ? Puis-je renoncer \u00e0 l\u2019h\u00e9ritage ? La r\u00e9serve h\u00e9r\u00e9ditaire m\u2019appartient ? Ce sont quelques-unes des questions les plus courantes qui se posent au moment de r\u00e9cup\u00e9rer un h\u00e9ritage. Par cons\u00e9quent, dans les cas o\u00f9 le testament du d\u00e9funt n\u2019est pas clair ou o\u00f9 il n\u2019y a pas de conciliation possible entre les h\u00e9ritiers, la figure d\u2019un conseiller fiscal ou juridique est essentielle non seulement pour agir en tant qu\u2019interm\u00e9diaire, mais aussi pour conseiller sur les droits et obligations de chacune des parties h\u00e9riti\u00e8res.<\/p><p>Il existe certaines situations sp\u00e9cifiques, comme par exemple lorsqu\u2019il n\u2019y a pas de bonne relation entre les h\u00e9ritiers ou que nous sommes confront\u00e9s \u00e0 une succession d\u2019entreprise. Dans ces cas, la pr\u00e9sence d\u2019un avocat sp\u00e9cialis\u00e9 dans les successions et conseil fiscal et juridique est, si possible, encore plus vitale pour \u00e9viter que le conflit caus\u00e9 par la r\u00e9partition des biens de la personne d\u00e9c\u00e9d\u00e9e ne stagne pas ou ne finisse pas devant les tribunaux, retardant davantage la r\u00e9ception de l\u2019h\u00e9ritage et entra\u00eenant des co\u00fbts \u00e9conomiques.<\/p><p>Notre cabinet fournit des services de conseils en mati\u00e8re commerciale, civile et fiscale aux entreprises familiales. Nous sommes experts dans le conseil sur la succession de l\u2019entreprise familiale, en aidant les familles dans ce domaine \u00e0 identifier les principaux facteurs qui leur permettent de b\u00e9n\u00e9ficier des avantages fiscaux que le syst\u00e8me juridique fiscal espagnol offre aux entreprises familiales.<\/p>\t\t\t\t\t\t<\/div>\n\t\t\t\t<\/div>\n\t\t\t\t\t<\/div>\n\t\t<\/div>\n\t\t\t\t\t\t\t<\/div>\n\t\t<\/section>\n\t\t\t\t<section class=\"elementor-section elementor-top-section elementor-element elementor-element-78e4175 elementor-section-height-min-height elementor-section-boxed elementor-section-height-default elementor-section-items-middle\" data-id=\"78e4175\" data-element_type=\"section\" data-settings=\"{&quot;background_background&quot;:&quot;classic&quot;}\">\n\t\t\t\t\t\t<div class=\"elementor-container elementor-column-gap-default\">\n\t\t\t\t\t<div class=\"elementor-column elementor-col-100 elementor-top-column elementor-element elementor-element-5137944\" data-id=\"5137944\" data-element_type=\"column\">\n\t\t\t<div class=\"elementor-widget-wrap elementor-element-populated\">\n\t\t\t\t\t\t\t\t<div class=\"elementor-element elementor-element-0af5704 elementor-widget elementor-widget-heading\" data-id=\"0af5704\" data-element_type=\"widget\" data-widget_type=\"heading.default\">\n\t\t\t\t<div class=\"elementor-widget-container\">\n\t\t\t<h2 class=\"elementor-heading-title elementor-size-default\">TGS Edisa, c'est une \u00e9quipe pluridisciplinaire hautement qualifi\u00e9e pour vous conseiller dans tous les domaines de votre entreprise. N'h\u00e9sitez pas \u00e0 nous contacter pour comprendre comment nous pourrions vous aider.<\/h2>\t\t<\/div>\n\t\t\t\t<\/div>\n\t\t\t\t<div class=\"elementor-element elementor-element-83a4ffb elementor-mobile-align-center boton-w100 elementor-align-center elementor-widget elementor-widget-button\" data-id=\"83a4ffb\" data-element_type=\"widget\" data-widget_type=\"button.default\">\n\t\t\t\t<div class=\"elementor-widget-container\">\n\t\t\t\t\t<div class=\"elementor-button-wrapper\">\n\t\t\t<a class=\"elementor-button elementor-button-link elementor-size-md\" href=\"https:\/\/tgs-edisa.com\/fr\/contact\/\">\n\t\t\t\t\t\t<span class=\"elementor-button-content-wrapper\">\n\t\t\t\t\t\t<span class=\"elementor-button-text\">CONTACTEZ-NOUS<\/span>\n\t\t<\/span>\n\t\t\t\t\t<\/a>\n\t\t<\/div>\n\t\t\t\t<\/div>\n\t\t\t\t<\/div>\n\t\t\t\t\t<\/div>\n\t\t<\/div>\n\t\t\t\t\t\t\t<\/div>\n\t\t<\/section>\n\t\t\t\t\t\t\t<\/div>\n\t\t","protected":false},"excerpt":{"rendered":"<p>TESTAMENT ET SUCCESSIONS Le d\u00e9c\u00e8s d\u2019un membre de la famille est un moment difficile. Nous sommes submerg\u00e9s par toutes sortes d\u2019\u00e9motions et de sentiments de tristesse. Cependant, le processus ne se termine pas avec la veill\u00e9e ou l\u2019enterrement. Lorsqu\u2019une personne d\u00e9c\u00e8de, tous ses biens deviennent la propri\u00e9t\u00e9 des h\u00e9ritiers. Et c\u2019est \u00e0 ce moment-l\u00e0 que &hellip; <br \/><a href=\"https:\/\/tgs-edisa.com\/fr\/services-de-conseil-chez-tgs-edisa\/testament-et-successions\/\" class=\"more-link\">Continue reading <span class=\"screen-reader-text\">Testament et Successions<\/span><\/a><\/p>\n","protected":false},"author":1,"featured_media":0,"parent":16625,"menu_order":0,"comment_status":"closed","ping_status":"closed","template":"elementor_header_footer","meta":{"footnotes":""},"class_list":["post-16648","page","type-page","status-publish","hentry"],"yoast_head":"<!-- This site is optimized with the Yoast SEO plugin v25.0 - https:\/\/yoast.com\/wordpress\/plugins\/seo\/ -->\n<title>Testament et Successions - TGS Edisa<\/title>\n<meta name=\"robots\" content=\"index, follow, max-snippet:-1, max-image-preview:large, max-video-preview:-1\" \/>\n<link rel=\"canonical\" href=\"https:\/\/tgs-edisa.com\/fr\/services-de-conseil-chez-tgs-edisa\/testament-et-successions\/\" \/>\n<meta property=\"og:locale\" content=\"fr_FR\" \/>\n<meta property=\"og:type\" content=\"article\" \/>\n<meta property=\"og:title\" content=\"Testament et Successions - TGS Edisa\" \/>\n<meta property=\"og:description\" content=\"TESTAMENT ET SUCCESSIONS Le d\u00e9c\u00e8s d\u2019un membre de la famille est un moment difficile. Nous sommes submerg\u00e9s par toutes sortes d\u2019\u00e9motions et de sentiments de tristesse. Cependant, le processus ne se termine pas avec la veill\u00e9e ou l\u2019enterrement. Lorsqu\u2019une personne d\u00e9c\u00e8de, tous ses biens deviennent la propri\u00e9t\u00e9 des h\u00e9ritiers. Et c\u2019est \u00e0 ce moment-l\u00e0 que &hellip; Continue reading Testament et Successions\" \/>\n<meta property=\"og:url\" content=\"https:\/\/tgs-edisa.com\/fr\/services-de-conseil-chez-tgs-edisa\/testament-et-successions\/\" \/>\n<meta property=\"og:site_name\" content=\"TGS Edisa\" \/>\n<meta property=\"article:modified_time\" content=\"2022-08-29T07:06:48+00:00\" \/>\n<meta property=\"og:image\" content=\"https:\/\/tgs-edisa.com\/wp-content\/uploads\/2022\/04\/sucesion-testamento.jpg\" \/>\n<meta name=\"twitter:card\" content=\"summary_large_image\" \/>\n<meta name=\"twitter:label1\" content=\"Dur\u00e9e de lecture estim\u00e9e\" \/>\n\t<meta name=\"twitter:data1\" content=\"4 minutes\" \/>\n<script type=\"application\/ld+json\" class=\"yoast-schema-graph\">{\"@context\":\"https:\/\/schema.org\",\"@graph\":[{\"@type\":\"WebPage\",\"@id\":\"https:\/\/tgs-edisa.com\/fr\/services-de-conseil-chez-tgs-edisa\/testament-et-successions\/\",\"url\":\"https:\/\/tgs-edisa.com\/fr\/services-de-conseil-chez-tgs-edisa\/testament-et-successions\/\",\"name\":\"Testament et Successions - TGS Edisa\",\"isPartOf\":{\"@id\":\"https:\/\/tgs-edisa.com\/fr\/#website\"},\"primaryImageOfPage\":{\"@id\":\"https:\/\/tgs-edisa.com\/fr\/services-de-conseil-chez-tgs-edisa\/testament-et-successions\/#primaryimage\"},\"image\":{\"@id\":\"https:\/\/tgs-edisa.com\/fr\/services-de-conseil-chez-tgs-edisa\/testament-et-successions\/#primaryimage\"},\"thumbnailUrl\":\"https:\/\/tgs-edisa.com\/wp-content\/uploads\/2022\/04\/sucesion-testamento.jpg\",\"datePublished\":\"2022-02-03T06:46:59+00:00\",\"dateModified\":\"2022-08-29T07:06:48+00:00\",\"breadcrumb\":{\"@id\":\"https:\/\/tgs-edisa.com\/fr\/services-de-conseil-chez-tgs-edisa\/testament-et-successions\/#breadcrumb\"},\"inLanguage\":\"fr-FR\",\"potentialAction\":[{\"@type\":\"ReadAction\",\"target\":[\"https:\/\/tgs-edisa.com\/fr\/services-de-conseil-chez-tgs-edisa\/testament-et-successions\/\"]}]},{\"@type\":\"ImageObject\",\"inLanguage\":\"fr-FR\",\"@id\":\"https:\/\/tgs-edisa.com\/fr\/services-de-conseil-chez-tgs-edisa\/testament-et-successions\/#primaryimage\",\"url\":\"https:\/\/tgs-edisa.com\/wp-content\/uploads\/2022\/04\/sucesion-testamento.jpg\",\"contentUrl\":\"https:\/\/tgs-edisa.com\/wp-content\/uploads\/2022\/04\/sucesion-testamento.jpg\"},{\"@type\":\"BreadcrumbList\",\"@id\":\"https:\/\/tgs-edisa.com\/fr\/services-de-conseil-chez-tgs-edisa\/testament-et-successions\/#breadcrumb\",\"itemListElement\":[{\"@type\":\"ListItem\",\"position\":1,\"name\":\"Portada\",\"item\":\"https:\/\/tgs-edisa.com\/fr\/inicio\/\"},{\"@type\":\"ListItem\",\"position\":2,\"name\":\"Services de conseil chez TGS EDISA\",\"item\":\"https:\/\/tgs-edisa.com\/fr\/services-de-conseil-chez-tgs-edisa\/\"},{\"@type\":\"ListItem\",\"position\":3,\"name\":\"Testament et Successions\"}]},{\"@type\":\"WebSite\",\"@id\":\"https:\/\/tgs-edisa.com\/fr\/#website\",\"url\":\"https:\/\/tgs-edisa.com\/fr\/\",\"name\":\"TGS Edisa\",\"description\":\"Asesor\u00eda Fiscal y Contable, Jur\u00eddica Legal y Laboral.\",\"potentialAction\":[{\"@type\":\"SearchAction\",\"target\":{\"@type\":\"EntryPoint\",\"urlTemplate\":\"https:\/\/tgs-edisa.com\/fr\/?s={search_term_string}\"},\"query-input\":{\"@type\":\"PropertyValueSpecification\",\"valueRequired\":true,\"valueName\":\"search_term_string\"}}],\"inLanguage\":\"fr-FR\"}]}<\/script>\n<!-- \/ Yoast SEO plugin. -->","yoast_head_json":{"title":"Testament et Successions - TGS Edisa","robots":{"index":"index","follow":"follow","max-snippet":"max-snippet:-1","max-image-preview":"max-image-preview:large","max-video-preview":"max-video-preview:-1"},"canonical":"https:\/\/tgs-edisa.com\/fr\/services-de-conseil-chez-tgs-edisa\/testament-et-successions\/","og_locale":"fr_FR","og_type":"article","og_title":"Testament et Successions - TGS Edisa","og_description":"TESTAMENT ET SUCCESSIONS Le d\u00e9c\u00e8s d\u2019un membre de la famille est un moment difficile. Nous sommes submerg\u00e9s par toutes sortes d\u2019\u00e9motions et de sentiments de tristesse. Cependant, le processus ne se termine pas avec la veill\u00e9e ou l\u2019enterrement. Lorsqu\u2019une personne d\u00e9c\u00e8de, tous ses biens deviennent la propri\u00e9t\u00e9 des h\u00e9ritiers. Et c\u2019est \u00e0 ce moment-l\u00e0 que &hellip; Continue reading Testament et Successions","og_url":"https:\/\/tgs-edisa.com\/fr\/services-de-conseil-chez-tgs-edisa\/testament-et-successions\/","og_site_name":"TGS Edisa","article_modified_time":"2022-08-29T07:06:48+00:00","og_image":[{"url":"https:\/\/tgs-edisa.com\/wp-content\/uploads\/2022\/04\/sucesion-testamento.jpg","type":"","width":"","height":""}],"twitter_card":"summary_large_image","twitter_misc":{"Dur\u00e9e de lecture estim\u00e9e":"4 minutes"},"schema":{"@context":"https:\/\/schema.org","@graph":[{"@type":"WebPage","@id":"https:\/\/tgs-edisa.com\/fr\/services-de-conseil-chez-tgs-edisa\/testament-et-successions\/","url":"https:\/\/tgs-edisa.com\/fr\/services-de-conseil-chez-tgs-edisa\/testament-et-successions\/","name":"Testament et Successions - TGS Edisa","isPartOf":{"@id":"https:\/\/tgs-edisa.com\/fr\/#website"},"primaryImageOfPage":{"@id":"https:\/\/tgs-edisa.com\/fr\/services-de-conseil-chez-tgs-edisa\/testament-et-successions\/#primaryimage"},"image":{"@id":"https:\/\/tgs-edisa.com\/fr\/services-de-conseil-chez-tgs-edisa\/testament-et-successions\/#primaryimage"},"thumbnailUrl":"https:\/\/tgs-edisa.com\/wp-content\/uploads\/2022\/04\/sucesion-testamento.jpg","datePublished":"2022-02-03T06:46:59+00:00","dateModified":"2022-08-29T07:06:48+00:00","breadcrumb":{"@id":"https:\/\/tgs-edisa.com\/fr\/services-de-conseil-chez-tgs-edisa\/testament-et-successions\/#breadcrumb"},"inLanguage":"fr-FR","potentialAction":[{"@type":"ReadAction","target":["https:\/\/tgs-edisa.com\/fr\/services-de-conseil-chez-tgs-edisa\/testament-et-successions\/"]}]},{"@type":"ImageObject","inLanguage":"fr-FR","@id":"https:\/\/tgs-edisa.com\/fr\/services-de-conseil-chez-tgs-edisa\/testament-et-successions\/#primaryimage","url":"https:\/\/tgs-edisa.com\/wp-content\/uploads\/2022\/04\/sucesion-testamento.jpg","contentUrl":"https:\/\/tgs-edisa.com\/wp-content\/uploads\/2022\/04\/sucesion-testamento.jpg"},{"@type":"BreadcrumbList","@id":"https:\/\/tgs-edisa.com\/fr\/services-de-conseil-chez-tgs-edisa\/testament-et-successions\/#breadcrumb","itemListElement":[{"@type":"ListItem","position":1,"name":"Portada","item":"https:\/\/tgs-edisa.com\/fr\/inicio\/"},{"@type":"ListItem","position":2,"name":"Services de conseil chez TGS EDISA","item":"https:\/\/tgs-edisa.com\/fr\/services-de-conseil-chez-tgs-edisa\/"},{"@type":"ListItem","position":3,"name":"Testament et Successions"}]},{"@type":"WebSite","@id":"https:\/\/tgs-edisa.com\/fr\/#website","url":"https:\/\/tgs-edisa.com\/fr\/","name":"TGS Edisa","description":"Asesor\u00eda Fiscal y Contable, Jur\u00eddica Legal y Laboral.","potentialAction":[{"@type":"SearchAction","target":{"@type":"EntryPoint","urlTemplate":"https:\/\/tgs-edisa.com\/fr\/?s={search_term_string}"},"query-input":{"@type":"PropertyValueSpecification","valueRequired":true,"valueName":"search_term_string"}}],"inLanguage":"fr-FR"}]}},"_links":{"self":[{"href":"https:\/\/tgs-edisa.com\/fr\/wp-json\/wp\/v2\/pages\/16648","targetHints":{"allow":["GET"]}}],"collection":[{"href":"https:\/\/tgs-edisa.com\/fr\/wp-json\/wp\/v2\/pages"}],"about":[{"href":"https:\/\/tgs-edisa.com\/fr\/wp-json\/wp\/v2\/types\/page"}],"author":[{"embeddable":true,"href":"https:\/\/tgs-edisa.com\/fr\/wp-json\/wp\/v2\/users\/1"}],"replies":[{"embeddable":true,"href":"https:\/\/tgs-edisa.com\/fr\/wp-json\/wp\/v2\/comments?post=16648"}],"version-history":[{"count":1,"href":"https:\/\/tgs-edisa.com\/fr\/wp-json\/wp\/v2\/pages\/16648\/revisions"}],"predecessor-version":[{"id":16649,"href":"https:\/\/tgs-edisa.com\/fr\/wp-json\/wp\/v2\/pages\/16648\/revisions\/16649"}],"up":[{"embeddable":true,"href":"https:\/\/tgs-edisa.com\/fr\/wp-json\/wp\/v2\/pages\/16625"}],"wp:attachment":[{"href":"https:\/\/tgs-edisa.com\/fr\/wp-json\/wp\/v2\/media?parent=16648"}],"curies":[{"name":"wp","href":"https:\/\/api.w.org\/{rel}","templated":true}]}}