{"id":16646,"date":"2022-04-08T11:17:16","date_gmt":"2022-04-08T09:17:16","guid":{"rendered":"https:\/\/tgs-edisa.com\/services-de-conseil-chez-tgs-edisa\/entreprise-familiale\/"},"modified":"2022-08-29T08:51:44","modified_gmt":"2022-08-29T06:51:44","slug":"entreprise-familiale","status":"publish","type":"page","link":"https:\/\/tgs-edisa.com\/fr\/services-de-conseil-chez-tgs-edisa\/entreprise-familiale\/","title":{"rendered":"Entreprise Familiale"},"content":{"rendered":"\t\t<div data-elementor-type=\"wp-page\" data-elementor-id=\"16646\" class=\"elementor elementor-16646 elementor-15804\">\n\t\t\t\t\t\t\t\t\t<section class=\"elementor-section elementor-top-section elementor-element elementor-element-cd25d40 elementor-reverse-mobile elementor-section-boxed elementor-section-height-default elementor-section-height-default\" data-id=\"cd25d40\" data-element_type=\"section\">\n\t\t\t\t\t\t<div class=\"elementor-container elementor-column-gap-default\">\n\t\t\t\t\t<div class=\"elementor-column elementor-col-50 elementor-top-column elementor-element elementor-element-851e15c\" data-id=\"851e15c\" data-element_type=\"column\">\n\t\t\t<div class=\"elementor-widget-wrap elementor-element-populated\">\n\t\t\t\t\t\t\t\t<div class=\"elementor-element elementor-element-b8fb54f elementor-widget elementor-widget-image\" data-id=\"b8fb54f\" data-element_type=\"widget\" data-widget_type=\"image.default\">\n\t\t\t\t<div class=\"elementor-widget-container\">\n\t\t\t<style>\/*! elementor - v3.18.0 - 20-12-2023 *\/\n.elementor-widget-image{text-align:center}.elementor-widget-image a{display:inline-block}.elementor-widget-image a img[src$=\".svg\"]{width:48px}.elementor-widget-image img{vertical-align:middle;display:inline-block}<\/style>\t\t\t\t\t\t\t\t\t\t\t\t<img fetchpriority=\"high\" decoding=\"async\" width=\"384\" height=\"296\" src=\"https:\/\/tgs-edisa.com\/wp-content\/uploads\/2022\/04\/asesoria-empresa-familiar.jpg\" class=\"attachment-large size-large wp-image-16217\" alt=\"Asesor\u00eda Empresa Familiar\" srcset=\"https:\/\/tgs-edisa.com\/wp-content\/uploads\/2022\/04\/asesoria-empresa-familiar.jpg 384w, https:\/\/tgs-edisa.com\/wp-content\/uploads\/2022\/04\/asesoria-empresa-familiar-300x231.jpg 300w\" sizes=\"(max-width: 384px) 100vw, 384px\" \/>\t\t\t\t\t\t\t\t\t\t\t\t\t\t\t<\/div>\n\t\t\t\t<\/div>\n\t\t\t\t\t<\/div>\n\t\t<\/div>\n\t\t\t\t<div class=\"elementor-column elementor-col-50 elementor-top-column elementor-element elementor-element-7bd25c6\" data-id=\"7bd25c6\" data-element_type=\"column\">\n\t\t\t<div class=\"elementor-widget-wrap elementor-element-populated\">\n\t\t\t\t\t\t\t\t<div class=\"elementor-element elementor-element-2423d80 elementor-widget elementor-widget-heading\" data-id=\"2423d80\" data-element_type=\"widget\" data-widget_type=\"heading.default\">\n\t\t\t\t<div class=\"elementor-widget-container\">\n\t\t\t<style>\/*! elementor - v3.18.0 - 20-12-2023 *\/\n.elementor-heading-title{padding:0;margin:0;line-height:1}.elementor-widget-heading .elementor-heading-title[class*=elementor-size-]>a{color:inherit;font-size:inherit;line-height:inherit}.elementor-widget-heading .elementor-heading-title.elementor-size-small{font-size:15px}.elementor-widget-heading .elementor-heading-title.elementor-size-medium{font-size:19px}.elementor-widget-heading .elementor-heading-title.elementor-size-large{font-size:29px}.elementor-widget-heading .elementor-heading-title.elementor-size-xl{font-size:39px}.elementor-widget-heading .elementor-heading-title.elementor-size-xxl{font-size:59px}<\/style><h1 class=\"elementor-heading-title elementor-size-default\">ENTREPRISE FAMILIALE<\/h1>\t\t<\/div>\n\t\t\t\t<\/div>\n\t\t\t\t<div class=\"elementor-element elementor-element-12c1c04 elementor-widget elementor-widget-text-editor\" data-id=\"12c1c04\" data-element_type=\"widget\" data-widget_type=\"text-editor.default\">\n\t\t\t\t<div class=\"elementor-widget-container\">\n\t\t\t<style>\/*! elementor - v3.18.0 - 20-12-2023 *\/\n.elementor-widget-text-editor.elementor-drop-cap-view-stacked .elementor-drop-cap{background-color:#69727d;color:#fff}.elementor-widget-text-editor.elementor-drop-cap-view-framed .elementor-drop-cap{color:#69727d;border:3px solid;background-color:transparent}.elementor-widget-text-editor:not(.elementor-drop-cap-view-default) .elementor-drop-cap{margin-top:8px}.elementor-widget-text-editor:not(.elementor-drop-cap-view-default) .elementor-drop-cap-letter{width:1em;height:1em}.elementor-widget-text-editor .elementor-drop-cap{float:left;text-align:center;line-height:1;font-size:50px}.elementor-widget-text-editor .elementor-drop-cap-letter{display:inline-block}<\/style>\t\t\t\t<p>Chez TGS Edisa, nous sommes tr\u00e8s habitu\u00e9s \u00e0 travailler avec des entreprises familiales de diff\u00e9rentes tailles et secteurs d\u2019activit\u00e9.<\/p><p>Nous avons collabor\u00e9 avec plusieurs entreprises familiales pour d\u00e9finir la succession g\u00e9n\u00e9rationnelle de la propri\u00e9t\u00e9 et de la gestion de l\u2019entreprise familiale. Dans chaque cas, nous avons tenu compte de la situation personnelle de chaque famille et de chaque entreprise afin d\u2019identifier les m\u00e9canismes qui permettent d\u2019atteindre les objectifs familiaux tout en favorisant l\u2019activit\u00e9 commerciale.<\/p><p>Nous avons une exp\u00e9rience av\u00e9r\u00e9e dans l\u2019\u00e9laboration de protocoles familiaux, en tenant toujours compte des particularit\u00e9s de chaque famille et entreprise.<\/p><p>Nous travaillons avec nos clients dans la d\u00e9finition et la structuration de leur patrimoine d\u2019entreprise, en surveillant le respect des exigences pour pouvoir acc\u00e9der aux avantages que le syst\u00e8me fiscal attribue aux entreprises familiales sur l\u2019Imp\u00f4t sur la Fortune, l\u2019Imp\u00f4t sur les Successions et les Donations ou l\u2019Imp\u00f4t sur le Revenu des Personnes Physiques.<\/p>\t\t\t\t\t\t<\/div>\n\t\t\t\t<\/div>\n\t\t\t\t\t<\/div>\n\t\t<\/div>\n\t\t\t\t\t\t\t<\/div>\n\t\t<\/section>\n\t\t\t\t<section class=\"elementor-section elementor-top-section elementor-element elementor-element-825b4ae elementor-section-height-min-height elementor-section-boxed elementor-section-height-default elementor-section-items-middle\" data-id=\"825b4ae\" data-element_type=\"section\" data-settings=\"{&quot;background_background&quot;:&quot;classic&quot;}\">\n\t\t\t\t\t\t<div class=\"elementor-container elementor-column-gap-default\">\n\t\t\t\t\t<div class=\"elementor-column elementor-col-100 elementor-top-column elementor-element elementor-element-33abffe\" data-id=\"33abffe\" data-element_type=\"column\">\n\t\t\t<div class=\"elementor-widget-wrap elementor-element-populated\">\n\t\t\t\t\t\t\t\t<div class=\"elementor-element elementor-element-d779b17 elementor-widget elementor-widget-heading\" data-id=\"d779b17\" data-element_type=\"widget\" data-widget_type=\"heading.default\">\n\t\t\t\t<div class=\"elementor-widget-container\">\n\t\t\t<h2 class=\"elementor-heading-title elementor-size-default\">TGS Edisa, c'est une \u00e9quipe pluridisciplinaire hautement qualifi\u00e9e pour vous conseiller dans tous les domaines de votre entreprise. N'h\u00e9sitez pas \u00e0 nous contacter pour comprendre comment nous pourrions vous aider.<\/h2>\t\t<\/div>\n\t\t\t\t<\/div>\n\t\t\t\t<div class=\"elementor-element elementor-element-5007a36 elementor-mobile-align-center boton-w100 elementor-align-center elementor-widget elementor-widget-button\" data-id=\"5007a36\" data-element_type=\"widget\" data-widget_type=\"button.default\">\n\t\t\t\t<div class=\"elementor-widget-container\">\n\t\t\t\t\t<div class=\"elementor-button-wrapper\">\n\t\t\t<a class=\"elementor-button elementor-button-link elementor-size-md\" href=\"https:\/\/tgs-edisa.com\/fr\/contact\/\">\n\t\t\t\t\t\t<span class=\"elementor-button-content-wrapper\">\n\t\t\t\t\t\t<span class=\"elementor-button-text\">CONTACTEZ-NOUS<\/span>\n\t\t<\/span>\n\t\t\t\t\t<\/a>\n\t\t<\/div>\n\t\t\t\t<\/div>\n\t\t\t\t<\/div>\n\t\t\t\t\t<\/div>\n\t\t<\/div>\n\t\t\t\t\t\t\t<\/div>\n\t\t<\/section>\n\t\t\t\t\t\t\t<\/div>\n\t\t","protected":false},"excerpt":{"rendered":"<p>ENTREPRISE FAMILIALE Chez TGS Edisa, nous sommes tr\u00e8s habitu\u00e9s \u00e0 travailler avec des entreprises familiales de diff\u00e9rentes tailles et secteurs d\u2019activit\u00e9. Nous avons collabor\u00e9 avec plusieurs entreprises familiales pour d\u00e9finir la succession g\u00e9n\u00e9rationnelle de la propri\u00e9t\u00e9 et de la gestion de l\u2019entreprise familiale. Dans chaque cas, nous avons tenu compte de la situation personnelle de &hellip; <br \/><a href=\"https:\/\/tgs-edisa.com\/fr\/services-de-conseil-chez-tgs-edisa\/entreprise-familiale\/\" class=\"more-link\">Continue reading <span class=\"screen-reader-text\">Entreprise Familiale<\/span><\/a><\/p>\n","protected":false},"author":1,"featured_media":0,"parent":16625,"menu_order":0,"comment_status":"closed","ping_status":"closed","template":"elementor_header_footer","meta":{"footnotes":""},"class_list":["post-16646","page","type-page","status-publish","hentry"],"yoast_head":"<!-- This site is optimized with the Yoast SEO plugin v25.0 - https:\/\/yoast.com\/wordpress\/plugins\/seo\/ -->\n<title>Entreprise Familiale - TGS Edisa<\/title>\n<meta name=\"description\" content=\"Chez TGS Edisa, nous sommes tr\u00e8s habitu\u00e9s \u00e0 travailler avec des entreprises familiales de diff\u00e9rentes tailles et secteurs d\u2019activit\u00e9.\" \/>\n<meta name=\"robots\" content=\"index, follow, max-snippet:-1, max-image-preview:large, max-video-preview:-1\" \/>\n<link rel=\"canonical\" href=\"https:\/\/tgs-edisa.com\/fr\/services-de-conseil-chez-tgs-edisa\/entreprise-familiale\/\" \/>\n<meta property=\"og:locale\" content=\"fr_FR\" \/>\n<meta property=\"og:type\" content=\"article\" \/>\n<meta property=\"og:title\" content=\"Entreprise Familiale - TGS Edisa\" \/>\n<meta property=\"og:description\" content=\"Chez TGS Edisa, nous sommes tr\u00e8s habitu\u00e9s \u00e0 travailler avec des entreprises familiales de diff\u00e9rentes tailles et secteurs d\u2019activit\u00e9.\" \/>\n<meta property=\"og:url\" content=\"https:\/\/tgs-edisa.com\/fr\/services-de-conseil-chez-tgs-edisa\/entreprise-familiale\/\" \/>\n<meta property=\"og:site_name\" content=\"TGS Edisa\" \/>\n<meta property=\"article:modified_time\" content=\"2022-08-29T06:51:44+00:00\" \/>\n<meta property=\"og:image\" content=\"https:\/\/tgs-edisa.com\/wp-content\/uploads\/2022\/04\/asesoria-empresa-familiar.jpg\" \/>\n<meta name=\"twitter:card\" content=\"summary_large_image\" \/>\n<meta name=\"twitter:label1\" content=\"Dur\u00e9e de lecture estim\u00e9e\" \/>\n\t<meta name=\"twitter:data1\" content=\"1 minute\" \/>\n<script type=\"application\/ld+json\" class=\"yoast-schema-graph\">{\"@context\":\"https:\/\/schema.org\",\"@graph\":[{\"@type\":\"WebPage\",\"@id\":\"https:\/\/tgs-edisa.com\/fr\/services-de-conseil-chez-tgs-edisa\/entreprise-familiale\/\",\"url\":\"https:\/\/tgs-edisa.com\/fr\/services-de-conseil-chez-tgs-edisa\/entreprise-familiale\/\",\"name\":\"Entreprise Familiale - TGS Edisa\",\"isPartOf\":{\"@id\":\"https:\/\/tgs-edisa.com\/fr\/#website\"},\"primaryImageOfPage\":{\"@id\":\"https:\/\/tgs-edisa.com\/fr\/services-de-conseil-chez-tgs-edisa\/entreprise-familiale\/#primaryimage\"},\"image\":{\"@id\":\"https:\/\/tgs-edisa.com\/fr\/services-de-conseil-chez-tgs-edisa\/entreprise-familiale\/#primaryimage\"},\"thumbnailUrl\":\"https:\/\/tgs-edisa.com\/wp-content\/uploads\/2022\/04\/asesoria-empresa-familiar.jpg\",\"datePublished\":\"2022-04-08T09:17:16+00:00\",\"dateModified\":\"2022-08-29T06:51:44+00:00\",\"description\":\"Chez TGS Edisa, nous sommes tr\u00e8s habitu\u00e9s \u00e0 travailler avec des entreprises familiales de diff\u00e9rentes tailles et secteurs d\u2019activit\u00e9.\",\"breadcrumb\":{\"@id\":\"https:\/\/tgs-edisa.com\/fr\/services-de-conseil-chez-tgs-edisa\/entreprise-familiale\/#breadcrumb\"},\"inLanguage\":\"fr-FR\",\"potentialAction\":[{\"@type\":\"ReadAction\",\"target\":[\"https:\/\/tgs-edisa.com\/fr\/services-de-conseil-chez-tgs-edisa\/entreprise-familiale\/\"]}]},{\"@type\":\"ImageObject\",\"inLanguage\":\"fr-FR\",\"@id\":\"https:\/\/tgs-edisa.com\/fr\/services-de-conseil-chez-tgs-edisa\/entreprise-familiale\/#primaryimage\",\"url\":\"https:\/\/tgs-edisa.com\/wp-content\/uploads\/2022\/04\/asesoria-empresa-familiar.jpg\",\"contentUrl\":\"https:\/\/tgs-edisa.com\/wp-content\/uploads\/2022\/04\/asesoria-empresa-familiar.jpg\"},{\"@type\":\"BreadcrumbList\",\"@id\":\"https:\/\/tgs-edisa.com\/fr\/services-de-conseil-chez-tgs-edisa\/entreprise-familiale\/#breadcrumb\",\"itemListElement\":[{\"@type\":\"ListItem\",\"position\":1,\"name\":\"Portada\",\"item\":\"https:\/\/tgs-edisa.com\/fr\/inicio\/\"},{\"@type\":\"ListItem\",\"position\":2,\"name\":\"Services de conseil chez TGS EDISA\",\"item\":\"https:\/\/tgs-edisa.com\/fr\/services-de-conseil-chez-tgs-edisa\/\"},{\"@type\":\"ListItem\",\"position\":3,\"name\":\"Entreprise Familiale\"}]},{\"@type\":\"WebSite\",\"@id\":\"https:\/\/tgs-edisa.com\/fr\/#website\",\"url\":\"https:\/\/tgs-edisa.com\/fr\/\",\"name\":\"TGS Edisa\",\"description\":\"Asesor\u00eda Fiscal y Contable, Jur\u00eddica Legal y Laboral.\",\"potentialAction\":[{\"@type\":\"SearchAction\",\"target\":{\"@type\":\"EntryPoint\",\"urlTemplate\":\"https:\/\/tgs-edisa.com\/fr\/?s={search_term_string}\"},\"query-input\":{\"@type\":\"PropertyValueSpecification\",\"valueRequired\":true,\"valueName\":\"search_term_string\"}}],\"inLanguage\":\"fr-FR\"}]}<\/script>\n<!-- \/ Yoast SEO plugin. -->","yoast_head_json":{"title":"Entreprise Familiale - TGS Edisa","description":"Chez TGS Edisa, nous sommes tr\u00e8s habitu\u00e9s \u00e0 travailler avec des entreprises familiales de diff\u00e9rentes tailles et secteurs d\u2019activit\u00e9.","robots":{"index":"index","follow":"follow","max-snippet":"max-snippet:-1","max-image-preview":"max-image-preview:large","max-video-preview":"max-video-preview:-1"},"canonical":"https:\/\/tgs-edisa.com\/fr\/services-de-conseil-chez-tgs-edisa\/entreprise-familiale\/","og_locale":"fr_FR","og_type":"article","og_title":"Entreprise Familiale - TGS Edisa","og_description":"Chez TGS Edisa, nous sommes tr\u00e8s habitu\u00e9s \u00e0 travailler avec des entreprises familiales de diff\u00e9rentes tailles et secteurs d\u2019activit\u00e9.","og_url":"https:\/\/tgs-edisa.com\/fr\/services-de-conseil-chez-tgs-edisa\/entreprise-familiale\/","og_site_name":"TGS Edisa","article_modified_time":"2022-08-29T06:51:44+00:00","og_image":[{"url":"https:\/\/tgs-edisa.com\/wp-content\/uploads\/2022\/04\/asesoria-empresa-familiar.jpg","type":"","width":"","height":""}],"twitter_card":"summary_large_image","twitter_misc":{"Dur\u00e9e de lecture estim\u00e9e":"1 minute"},"schema":{"@context":"https:\/\/schema.org","@graph":[{"@type":"WebPage","@id":"https:\/\/tgs-edisa.com\/fr\/services-de-conseil-chez-tgs-edisa\/entreprise-familiale\/","url":"https:\/\/tgs-edisa.com\/fr\/services-de-conseil-chez-tgs-edisa\/entreprise-familiale\/","name":"Entreprise Familiale - TGS Edisa","isPartOf":{"@id":"https:\/\/tgs-edisa.com\/fr\/#website"},"primaryImageOfPage":{"@id":"https:\/\/tgs-edisa.com\/fr\/services-de-conseil-chez-tgs-edisa\/entreprise-familiale\/#primaryimage"},"image":{"@id":"https:\/\/tgs-edisa.com\/fr\/services-de-conseil-chez-tgs-edisa\/entreprise-familiale\/#primaryimage"},"thumbnailUrl":"https:\/\/tgs-edisa.com\/wp-content\/uploads\/2022\/04\/asesoria-empresa-familiar.jpg","datePublished":"2022-04-08T09:17:16+00:00","dateModified":"2022-08-29T06:51:44+00:00","description":"Chez TGS Edisa, nous sommes tr\u00e8s habitu\u00e9s \u00e0 travailler avec des entreprises familiales de diff\u00e9rentes tailles et secteurs d\u2019activit\u00e9.","breadcrumb":{"@id":"https:\/\/tgs-edisa.com\/fr\/services-de-conseil-chez-tgs-edisa\/entreprise-familiale\/#breadcrumb"},"inLanguage":"fr-FR","potentialAction":[{"@type":"ReadAction","target":["https:\/\/tgs-edisa.com\/fr\/services-de-conseil-chez-tgs-edisa\/entreprise-familiale\/"]}]},{"@type":"ImageObject","inLanguage":"fr-FR","@id":"https:\/\/tgs-edisa.com\/fr\/services-de-conseil-chez-tgs-edisa\/entreprise-familiale\/#primaryimage","url":"https:\/\/tgs-edisa.com\/wp-content\/uploads\/2022\/04\/asesoria-empresa-familiar.jpg","contentUrl":"https:\/\/tgs-edisa.com\/wp-content\/uploads\/2022\/04\/asesoria-empresa-familiar.jpg"},{"@type":"BreadcrumbList","@id":"https:\/\/tgs-edisa.com\/fr\/services-de-conseil-chez-tgs-edisa\/entreprise-familiale\/#breadcrumb","itemListElement":[{"@type":"ListItem","position":1,"name":"Portada","item":"https:\/\/tgs-edisa.com\/fr\/inicio\/"},{"@type":"ListItem","position":2,"name":"Services de conseil chez TGS EDISA","item":"https:\/\/tgs-edisa.com\/fr\/services-de-conseil-chez-tgs-edisa\/"},{"@type":"ListItem","position":3,"name":"Entreprise Familiale"}]},{"@type":"WebSite","@id":"https:\/\/tgs-edisa.com\/fr\/#website","url":"https:\/\/tgs-edisa.com\/fr\/","name":"TGS Edisa","description":"Asesor\u00eda Fiscal y Contable, Jur\u00eddica Legal y Laboral.","potentialAction":[{"@type":"SearchAction","target":{"@type":"EntryPoint","urlTemplate":"https:\/\/tgs-edisa.com\/fr\/?s={search_term_string}"},"query-input":{"@type":"PropertyValueSpecification","valueRequired":true,"valueName":"search_term_string"}}],"inLanguage":"fr-FR"}]}},"_links":{"self":[{"href":"https:\/\/tgs-edisa.com\/fr\/wp-json\/wp\/v2\/pages\/16646","targetHints":{"allow":["GET"]}}],"collection":[{"href":"https:\/\/tgs-edisa.com\/fr\/wp-json\/wp\/v2\/pages"}],"about":[{"href":"https:\/\/tgs-edisa.com\/fr\/wp-json\/wp\/v2\/types\/page"}],"author":[{"embeddable":true,"href":"https:\/\/tgs-edisa.com\/fr\/wp-json\/wp\/v2\/users\/1"}],"replies":[{"embeddable":true,"href":"https:\/\/tgs-edisa.com\/fr\/wp-json\/wp\/v2\/comments?post=16646"}],"version-history":[{"count":1,"href":"https:\/\/tgs-edisa.com\/fr\/wp-json\/wp\/v2\/pages\/16646\/revisions"}],"predecessor-version":[{"id":16647,"href":"https:\/\/tgs-edisa.com\/fr\/wp-json\/wp\/v2\/pages\/16646\/revisions\/16647"}],"up":[{"embeddable":true,"href":"https:\/\/tgs-edisa.com\/fr\/wp-json\/wp\/v2\/pages\/16625"}],"wp:attachment":[{"href":"https:\/\/tgs-edisa.com\/fr\/wp-json\/wp\/v2\/media?parent=16646"}],"curies":[{"name":"wp","href":"https:\/\/api.w.org\/{rel}","templated":true}]}}