{"id":16642,"date":"2022-02-03T08:59:20","date_gmt":"2022-02-03T06:59:20","guid":{"rendered":"https:\/\/tgs-edisa.com\/services-de-conseil-chez-tgs-edisa\/conseil-en-fusiones-et-acquisitions\/"},"modified":"2022-08-29T11:30:29","modified_gmt":"2022-08-29T09:30:29","slug":"conseil-en-fusiones-et-acquisitions","status":"publish","type":"page","link":"https:\/\/tgs-edisa.com\/fr\/services-de-conseil-chez-tgs-edisa\/conseil-en-fusiones-et-acquisitions\/","title":{"rendered":"Conseil en Fusions et Acquisitions"},"content":{"rendered":"\t\t<div data-elementor-type=\"wp-page\" data-elementor-id=\"16642\" class=\"elementor elementor-16642 elementor-14406\">\n\t\t\t\t\t\t\t\t\t<section class=\"elementor-section elementor-top-section elementor-element elementor-element-cd25d40 elementor-reverse-mobile elementor-section-boxed elementor-section-height-default elementor-section-height-default\" data-id=\"cd25d40\" data-element_type=\"section\">\n\t\t\t\t\t\t<div class=\"elementor-container elementor-column-gap-default\">\n\t\t\t\t\t<div class=\"elementor-column elementor-col-50 elementor-top-column elementor-element elementor-element-851e15c\" data-id=\"851e15c\" data-element_type=\"column\">\n\t\t\t<div class=\"elementor-widget-wrap elementor-element-populated\">\n\t\t\t\t\t\t\t\t<div class=\"elementor-element elementor-element-b8fb54f elementor-widget elementor-widget-image\" data-id=\"b8fb54f\" data-element_type=\"widget\" data-widget_type=\"image.default\">\n\t\t\t\t<div class=\"elementor-widget-container\">\n\t\t\t<style>\/*! elementor - v3.18.0 - 20-12-2023 *\/\n.elementor-widget-image{text-align:center}.elementor-widget-image a{display:inline-block}.elementor-widget-image a img[src$=\".svg\"]{width:48px}.elementor-widget-image img{vertical-align:middle;display:inline-block}<\/style>\t\t\t\t\t\t\t\t\t\t\t\t<img fetchpriority=\"high\" decoding=\"async\" width=\"384\" height=\"296\" src=\"https:\/\/tgs-edisa.com\/wp-content\/uploads\/2022\/01\/servicios.jpg\" class=\"attachment-large size-large wp-image-14270\" alt=\"\" srcset=\"https:\/\/tgs-edisa.com\/wp-content\/uploads\/2022\/01\/servicios.jpg 384w, https:\/\/tgs-edisa.com\/wp-content\/uploads\/2022\/01\/servicios-300x231.jpg 300w\" sizes=\"(max-width: 384px) 100vw, 384px\" \/>\t\t\t\t\t\t\t\t\t\t\t\t\t\t\t<\/div>\n\t\t\t\t<\/div>\n\t\t\t\t\t<\/div>\n\t\t<\/div>\n\t\t\t\t<div class=\"elementor-column elementor-col-50 elementor-top-column elementor-element elementor-element-7bd25c6\" data-id=\"7bd25c6\" data-element_type=\"column\">\n\t\t\t<div class=\"elementor-widget-wrap elementor-element-populated\">\n\t\t\t\t\t\t\t\t<div class=\"elementor-element elementor-element-2423d80 elementor-widget elementor-widget-heading\" data-id=\"2423d80\" data-element_type=\"widget\" data-widget_type=\"heading.default\">\n\t\t\t\t<div class=\"elementor-widget-container\">\n\t\t\t<style>\/*! elementor - v3.18.0 - 20-12-2023 *\/\n.elementor-heading-title{padding:0;margin:0;line-height:1}.elementor-widget-heading .elementor-heading-title[class*=elementor-size-]>a{color:inherit;font-size:inherit;line-height:inherit}.elementor-widget-heading .elementor-heading-title.elementor-size-small{font-size:15px}.elementor-widget-heading .elementor-heading-title.elementor-size-medium{font-size:19px}.elementor-widget-heading .elementor-heading-title.elementor-size-large{font-size:29px}.elementor-widget-heading .elementor-heading-title.elementor-size-xl{font-size:39px}.elementor-widget-heading .elementor-heading-title.elementor-size-xxl{font-size:59px}<\/style><h1 class=\"elementor-heading-title elementor-size-default\">CONSEIL EN FUSIONS ET ACQUISITIONS D\u2019ENTREPRISES<\/h1>\t\t<\/div>\n\t\t\t\t<\/div>\n\t\t\t\t<div class=\"elementor-element elementor-element-12c1c04 elementor-widget elementor-widget-text-editor\" data-id=\"12c1c04\" data-element_type=\"widget\" data-widget_type=\"text-editor.default\">\n\t\t\t\t<div class=\"elementor-widget-container\">\n\t\t\t<style>\/*! elementor - v3.18.0 - 20-12-2023 *\/\n.elementor-widget-text-editor.elementor-drop-cap-view-stacked .elementor-drop-cap{background-color:#69727d;color:#fff}.elementor-widget-text-editor.elementor-drop-cap-view-framed .elementor-drop-cap{color:#69727d;border:3px solid;background-color:transparent}.elementor-widget-text-editor:not(.elementor-drop-cap-view-default) .elementor-drop-cap{margin-top:8px}.elementor-widget-text-editor:not(.elementor-drop-cap-view-default) .elementor-drop-cap-letter{width:1em;height:1em}.elementor-widget-text-editor .elementor-drop-cap{float:left;text-align:center;line-height:1;font-size:50px}.elementor-widget-text-editor .elementor-drop-cap-letter{display:inline-block}<\/style>\t\t\t\t<p>Dans le parcours de vie d\u2019une entreprise, les fusions et acquisitions sont des moments d\u2019une grande importance pour l\u2019entreprise qui repr\u00e9sentent souvent un tournant pour les entreprises. C\u2019est donc un moment qui peut marquer l\u2019avenir de la soci\u00e9t\u00e9. Par cons\u00e9quent, il est important de disposer d\u2019une \u00e9quipe d\u2019experts en fusions et acquisitions (fusions et acquisitions) pour s\u2019assurer que les objectifs strat\u00e9giques sont atteints.<\/p>\t\t\t\t\t\t<\/div>\n\t\t\t\t<\/div>\n\t\t\t\t\t<\/div>\n\t\t<\/div>\n\t\t\t\t\t\t\t<\/div>\n\t\t<\/section>\n\t\t\t\t<section class=\"elementor-section elementor-top-section elementor-element elementor-element-1386c8a elementor-section-boxed elementor-section-height-default elementor-section-height-default\" data-id=\"1386c8a\" data-element_type=\"section\">\n\t\t\t\t\t\t<div class=\"elementor-container elementor-column-gap-default\">\n\t\t\t\t\t<div class=\"elementor-column elementor-col-100 elementor-top-column elementor-element elementor-element-41fa4c8\" data-id=\"41fa4c8\" data-element_type=\"column\">\n\t\t\t<div class=\"elementor-widget-wrap elementor-element-populated\">\n\t\t\t\t\t\t\t\t<div class=\"elementor-element elementor-element-397679f elementor-widget elementor-widget-text-editor\" data-id=\"397679f\" data-element_type=\"widget\" data-widget_type=\"text-editor.default\">\n\t\t\t\t<div class=\"elementor-widget-container\">\n\t\t\t\t\t\t\t<p>L\u2019achat et la vente d\u2019une entreprise est une p\u00e9riode de transition complexe et critique qui, avant de commencer, doit faire l\u2019objet d\u2019une analyse qui facilite le succ\u00e8s de la fusion ou de l\u2019acquisition. En ce sens, notre cabinet dispose d\u2019une \u00e9quipe multidisciplinaire d\u2019experts-conseils qui ont une vaste exp\u00e9rience de la participation dans les op\u00e9rations d\u2019entreprise de fusions et acquisitions d\u2019entreprises ou de restructurations.<\/p><p>TGS Edisa conseille ses clients en analysant le cadre juridique et la fiscalit\u00e9 des op\u00e9rations d\u2019entreprise de toutes sortes, y compris les acquisitions, les alliances, les restructurations et les r\u00e9organisations d\u2019entreprises (fusions, scissions, \u00e9changes de titres, apports de branche d\u2019activit\u00e9, etc.). Nous nous assurons que ces op\u00e9rations soient garanties de succ\u00e8s dans leur parcours formel, et nous recherchons le moins de charge et la plus grande s\u00e9curit\u00e9 fiscale possible, en particulier en ce qui concerne l\u2019Imp\u00f4t sur les Soci\u00e9t\u00e9s et la fiscalit\u00e9 indirecte.<\/p>\t\t\t\t\t\t<\/div>\n\t\t\t\t<\/div>\n\t\t\t\t\t<\/div>\n\t\t<\/div>\n\t\t\t\t\t\t\t<\/div>\n\t\t<\/section>\n\t\t\t\t<section class=\"elementor-section elementor-top-section elementor-element elementor-element-2a729d7 elementor-section-boxed elementor-section-height-default elementor-section-height-default\" data-id=\"2a729d7\" data-element_type=\"section\">\n\t\t\t\t\t\t<div class=\"elementor-container elementor-column-gap-default\">\n\t\t\t\t\t<div class=\"elementor-column elementor-col-100 elementor-top-column elementor-element elementor-element-f6fa88e\" data-id=\"f6fa88e\" data-element_type=\"column\">\n\t\t\t<div class=\"elementor-widget-wrap elementor-element-populated\">\n\t\t\t\t\t\t\t\t<div class=\"elementor-element elementor-element-2901ebe elementor-widget elementor-widget-heading\" data-id=\"2901ebe\" data-element_type=\"widget\" data-widget_type=\"heading.default\">\n\t\t\t\t<div class=\"elementor-widget-container\">\n\t\t\t<h2 class=\"elementor-heading-title elementor-size-default\">Aspects \u00e0 \u00e9valuer avant d\u2019effectuer une op\u00e9ration d\u2019entreprise<\/h2>\t\t<\/div>\n\t\t\t\t<\/div>\n\t\t\t\t<div class=\"elementor-element elementor-element-305753d elementor-widget elementor-widget-text-editor\" data-id=\"305753d\" data-element_type=\"widget\" data-widget_type=\"text-editor.default\">\n\t\t\t\t<div class=\"elementor-widget-container\">\n\t\t\t\t\t\t\t<p>L\u2019acquisition ou l\u2019absorption d\u2019autres soci\u00e9t\u00e9s est une op\u00e9ration extraordinaire au niveau commercial. C\u2019est l\u2019une des d\u00e9cisions les plus importantes qu\u2019un entrepreneur puisse prendre. Pour ce faire, il est important de prendre en compte certains aspects et de savoir interpr\u00e9ter tous les signaux :<\/p><p>Chaque ann\u00e9e, depuis TGS Edisa, nous participons \u00e0 diverses proc\u00e9dures d\u2019acquisition d\u2019entreprises, y compris l\u2019\u00e9valuation de l\u2019entreprise, la planification de l\u2019acquisition, la coordination et l\u2019ex\u00e9cution de due diligence.<\/p><p>De m\u00eame, notre \u00e9quipe d\u2019avocats jouit d\u2019un grand cr\u00e9dit dans la r\u00e9daction des contrats et actes et leur ex\u00e9cution. De cette fa\u00e7on, nos diff\u00e9rents experts peuvent vous aider \u00e0 :<\/p><p><strong>D\u00e9finir l\u2019op\u00e9ration<\/strong> : En fonction des objectifs souhait\u00e9s, et du cadre juridique et fiscal, nous pouvons vous aider \u00e0 identifier la meilleure fa\u00e7on de r\u00e9aliser l\u2019int\u00e9gration sous tous les angles.<\/p><p><strong>\u00c9valuation appropri\u00e9e<\/strong> : Notre \u00e9quipe d\u2019\u00c9valuation d\u2019Entreprises vous aidera \u00e0 valider l\u2019analyse \u00e9conomique et \u00e0 identifier la valeur marchande de la transaction projet\u00e9e<\/p><p><strong>Conna\u00eetre les partenaires potentiels et les personnes cl\u00e9s<\/strong> : la d\u00e9cision de travailler avec quelqu\u2019un doit \u00eatre prise en tenant compte d\u2019aspects tels que les ant\u00e9c\u00e9dents, les r\u00e9f\u00e9rences, l\u2019opinion des employ\u00e9s, des fournisseurs, etc.<\/p><p><strong>Examiner les risques<\/strong> : Nos \u00e9quipes multidisciplinaires peuvent vous aider \u00e0 effectuer un examen approfondi de l\u2019entreprise cible afin d\u2019identifier tous les risques existants. TGS Edisa peut vous offrir son soutien dans la r\u00e9alisation de la Due Diligence L\u00e9gale, de la Due Diligence Fiscale, de la Due Diligence Comptable, de la Due Diligence du Travail ou de la Due Diligence Digitale.<\/p><p><strong>R\u00e9diger<\/strong> : Notre \u00c9quipe Juridique poss\u00e8de une vaste exp\u00e9rience dans la r\u00e9daction de documents relatifs aux acquisitions d\u2019entreprises (lettre d\u2019intention, contrats priv\u00e9s, actes, accords de partenaires&#8230;) qui garantiront que le contenu de l\u2019accord correspond \u00e0 ce qui est souhait\u00e9 par les parties.<\/p>\t\t\t\t\t\t<\/div>\n\t\t\t\t<\/div>\n\t\t\t\t\t<\/div>\n\t\t<\/div>\n\t\t\t\t\t\t\t<\/div>\n\t\t<\/section>\n\t\t\t\t<section class=\"elementor-section elementor-top-section elementor-element elementor-element-0ccda43 elementor-section-boxed elementor-section-height-default elementor-section-height-default\" data-id=\"0ccda43\" data-element_type=\"section\">\n\t\t\t\t\t\t<div class=\"elementor-container elementor-column-gap-default\">\n\t\t\t\t\t<div class=\"elementor-column elementor-col-100 elementor-top-column elementor-element elementor-element-3c085da\" data-id=\"3c085da\" data-element_type=\"column\">\n\t\t\t<div class=\"elementor-widget-wrap elementor-element-populated\">\n\t\t\t\t\t\t\t\t<div class=\"elementor-element elementor-element-338b240 elementor-widget elementor-widget-heading\" data-id=\"338b240\" data-element_type=\"widget\" data-widget_type=\"heading.default\">\n\t\t\t\t<div class=\"elementor-widget-container\">\n\t\t\t<h2 class=\"elementor-heading-title elementor-size-default\">Pourquoi faire appel aux services d\u2019une \u00e9quipe de conseils en fusions et acquisitions ?<\/h2>\t\t<\/div>\n\t\t\t\t<\/div>\n\t\t\t\t<div class=\"elementor-element elementor-element-c7cc739 elementor-widget elementor-widget-text-editor\" data-id=\"c7cc739\" data-element_type=\"widget\" data-widget_type=\"text-editor.default\">\n\t\t\t\t<div class=\"elementor-widget-container\">\n\t\t\t\t\t\t\t<p>Il est fortement recommand\u00e9 d\u2019\u00eatre bien assist\u00e9 pour mener \u00e0 bien toute op\u00e9ration de fusion et acquisition, et personne de mieux qu\u2019une \u00e9quipe multidisciplinaire sp\u00e9cialis\u00e9e pour ex\u00e9cuter en toute s\u00e9curit\u00e9 et garantir l\u2019ensemble du processus qui implique l\u2019acquisition d\u2019une entreprise. Ainsi, avoir les conseils de TGS Edisa implique toute une s\u00e9rie d\u2019avantages :<\/p><ul><li>Aide pour d\u00e9finir objectivement et avec des arguments clairs pour vendre, acheter ou fusionner une entreprise.<\/li><li>Conseils par rapport au type de structure selon l\u2019op\u00e9ration, ainsi que le meilleur moment pour la r\u00e9aliser.<\/li><li>Connaissances des usages et connaissance des processus de fusion et acquisition, des conditions du march\u00e9, etc\u2026<\/li><li>Facilite la coordination avec d\u2019autres professionnels qui sont impliqu\u00e9s dans ce type d\u2019op\u00e9rations commerciales.<\/li><li style=\"list-style-type: none;\"> <\/li><\/ul><p>Le succ\u00e8s de la fusion ou de l\u2019acquisition d\u2019une entreprise d\u00e9pend de nombreux aspects, mais il est crucial dans tous les cas que l\u2019op\u00e9ration ait \u00e9t\u00e9 r\u00e9alis\u00e9e de mani\u00e8re professionnelle, en respectant toutes les obligations l\u00e9gales et fiscales. Contactez-nous pour r\u00e9aliser votre op\u00e9ration de fusion et\/ou d\u2019acquisition avec les meilleures garanties et les plus grandes \u00e9conomies d\u2019imp\u00f4t possibles.<\/p>\t\t\t\t\t\t<\/div>\n\t\t\t\t<\/div>\n\t\t\t\t\t<\/div>\n\t\t<\/div>\n\t\t\t\t\t\t\t<\/div>\n\t\t<\/section>\n\t\t\t\t<section class=\"elementor-section elementor-top-section elementor-element elementor-element-df8754d elementor-section-height-min-height elementor-section-boxed elementor-section-height-default elementor-section-items-middle\" data-id=\"df8754d\" data-element_type=\"section\" data-settings=\"{&quot;background_background&quot;:&quot;classic&quot;}\">\n\t\t\t\t\t\t<div class=\"elementor-container elementor-column-gap-default\">\n\t\t\t\t\t<div class=\"elementor-column elementor-col-100 elementor-top-column elementor-element elementor-element-50fa40b\" data-id=\"50fa40b\" data-element_type=\"column\">\n\t\t\t<div class=\"elementor-widget-wrap elementor-element-populated\">\n\t\t\t\t\t\t\t\t<div class=\"elementor-element elementor-element-5989eba elementor-widget elementor-widget-heading\" data-id=\"5989eba\" data-element_type=\"widget\" data-widget_type=\"heading.default\">\n\t\t\t\t<div class=\"elementor-widget-container\">\n\t\t\t<h2 class=\"elementor-heading-title elementor-size-default\">TGS Edisa, c'est une \u00e9quipe pluridisciplinaire hautement qualifi\u00e9e pour vous conseiller dans tous les domaines de votre entreprise. N'h\u00e9sitez pas \u00e0 nous contacter pour comprendre comment nous pourrions vous aider<\/h2>\t\t<\/div>\n\t\t\t\t<\/div>\n\t\t\t\t<div class=\"elementor-element elementor-element-f634f3f elementor-mobile-align-center boton-w100 elementor-align-center elementor-widget elementor-widget-button\" data-id=\"f634f3f\" data-element_type=\"widget\" data-widget_type=\"button.default\">\n\t\t\t\t<div class=\"elementor-widget-container\">\n\t\t\t\t\t<div class=\"elementor-button-wrapper\">\n\t\t\t<a class=\"elementor-button elementor-button-link elementor-size-md\" href=\"https:\/\/tgs-edisa.com\/fr\/contact\/\">\n\t\t\t\t\t\t<span class=\"elementor-button-content-wrapper\">\n\t\t\t\t\t\t<span class=\"elementor-button-text\">CONTACTEZ-NOUS<\/span>\n\t\t<\/span>\n\t\t\t\t\t<\/a>\n\t\t<\/div>\n\t\t\t\t<\/div>\n\t\t\t\t<\/div>\n\t\t\t\t\t<\/div>\n\t\t<\/div>\n\t\t\t\t\t\t\t<\/div>\n\t\t<\/section>\n\t\t\t\t\t\t\t<\/div>\n\t\t","protected":false},"excerpt":{"rendered":"<p>CONSEIL EN FUSIONS ET ACQUISITIONS D\u2019ENTREPRISES Dans le parcours de vie d\u2019une entreprise, les fusions et acquisitions sont des moments d\u2019une grande importance pour l\u2019entreprise qui repr\u00e9sentent souvent un tournant pour les entreprises. C\u2019est donc un moment qui peut marquer l\u2019avenir de la soci\u00e9t\u00e9. Par cons\u00e9quent, il est important de disposer d\u2019une \u00e9quipe d\u2019experts en &hellip; <br \/><a href=\"https:\/\/tgs-edisa.com\/fr\/services-de-conseil-chez-tgs-edisa\/conseil-en-fusiones-et-acquisitions\/\" class=\"more-link\">Continue reading <span class=\"screen-reader-text\">Conseil en Fusions et Acquisitions<\/span><\/a><\/p>\n","protected":false},"author":1,"featured_media":0,"parent":16625,"menu_order":0,"comment_status":"closed","ping_status":"closed","template":"elementor_header_footer","meta":{"footnotes":""},"class_list":["post-16642","page","type-page","status-publish","hentry"],"yoast_head":"<!-- This site is optimized with the Yoast SEO plugin v25.0 - https:\/\/yoast.com\/wordpress\/plugins\/seo\/ -->\n<title>Conseil en Fusions et Acquisitions - TGS Edisa<\/title>\n<meta name=\"robots\" content=\"index, follow, max-snippet:-1, max-image-preview:large, max-video-preview:-1\" \/>\n<link rel=\"canonical\" href=\"https:\/\/tgs-edisa.com\/fr\/services-de-conseil-chez-tgs-edisa\/conseil-en-fusiones-et-acquisitions\/\" \/>\n<meta property=\"og:locale\" content=\"fr_FR\" \/>\n<meta property=\"og:type\" content=\"article\" \/>\n<meta property=\"og:title\" content=\"Conseil en Fusions et Acquisitions - TGS Edisa\" \/>\n<meta property=\"og:description\" content=\"CONSEIL EN FUSIONS ET ACQUISITIONS D\u2019ENTREPRISES Dans le parcours de vie d\u2019une entreprise, les fusions et acquisitions sont des moments d\u2019une grande importance pour l\u2019entreprise qui repr\u00e9sentent souvent un tournant pour les entreprises. C\u2019est donc un moment qui peut marquer l\u2019avenir de la soci\u00e9t\u00e9. Par cons\u00e9quent, il est important de disposer d\u2019une \u00e9quipe d\u2019experts en &hellip; Continue reading Conseil en Fusions et Acquisitions\" \/>\n<meta property=\"og:url\" content=\"https:\/\/tgs-edisa.com\/fr\/services-de-conseil-chez-tgs-edisa\/conseil-en-fusiones-et-acquisitions\/\" \/>\n<meta property=\"og:site_name\" content=\"TGS Edisa\" \/>\n<meta property=\"article:modified_time\" content=\"2022-08-29T09:30:29+00:00\" \/>\n<meta property=\"og:image\" content=\"https:\/\/tgs-edisa.com\/wp-content\/uploads\/2022\/01\/servicios.jpg\" \/>\n<meta name=\"twitter:card\" content=\"summary_large_image\" \/>\n<meta name=\"twitter:label1\" content=\"Dur\u00e9e de lecture estim\u00e9e\" \/>\n\t<meta name=\"twitter:data1\" content=\"4 minutes\" \/>\n<script type=\"application\/ld+json\" class=\"yoast-schema-graph\">{\"@context\":\"https:\/\/schema.org\",\"@graph\":[{\"@type\":\"WebPage\",\"@id\":\"https:\/\/tgs-edisa.com\/fr\/services-de-conseil-chez-tgs-edisa\/conseil-en-fusiones-et-acquisitions\/\",\"url\":\"https:\/\/tgs-edisa.com\/fr\/services-de-conseil-chez-tgs-edisa\/conseil-en-fusiones-et-acquisitions\/\",\"name\":\"Conseil en Fusions et Acquisitions - TGS Edisa\",\"isPartOf\":{\"@id\":\"https:\/\/tgs-edisa.com\/fr\/#website\"},\"primaryImageOfPage\":{\"@id\":\"https:\/\/tgs-edisa.com\/fr\/services-de-conseil-chez-tgs-edisa\/conseil-en-fusiones-et-acquisitions\/#primaryimage\"},\"image\":{\"@id\":\"https:\/\/tgs-edisa.com\/fr\/services-de-conseil-chez-tgs-edisa\/conseil-en-fusiones-et-acquisitions\/#primaryimage\"},\"thumbnailUrl\":\"https:\/\/tgs-edisa.com\/wp-content\/uploads\/2022\/01\/servicios.jpg\",\"datePublished\":\"2022-02-03T06:59:20+00:00\",\"dateModified\":\"2022-08-29T09:30:29+00:00\",\"breadcrumb\":{\"@id\":\"https:\/\/tgs-edisa.com\/fr\/services-de-conseil-chez-tgs-edisa\/conseil-en-fusiones-et-acquisitions\/#breadcrumb\"},\"inLanguage\":\"fr-FR\",\"potentialAction\":[{\"@type\":\"ReadAction\",\"target\":[\"https:\/\/tgs-edisa.com\/fr\/services-de-conseil-chez-tgs-edisa\/conseil-en-fusiones-et-acquisitions\/\"]}]},{\"@type\":\"ImageObject\",\"inLanguage\":\"fr-FR\",\"@id\":\"https:\/\/tgs-edisa.com\/fr\/services-de-conseil-chez-tgs-edisa\/conseil-en-fusiones-et-acquisitions\/#primaryimage\",\"url\":\"https:\/\/tgs-edisa.com\/wp-content\/uploads\/2022\/01\/servicios.jpg\",\"contentUrl\":\"https:\/\/tgs-edisa.com\/wp-content\/uploads\/2022\/01\/servicios.jpg\"},{\"@type\":\"BreadcrumbList\",\"@id\":\"https:\/\/tgs-edisa.com\/fr\/services-de-conseil-chez-tgs-edisa\/conseil-en-fusiones-et-acquisitions\/#breadcrumb\",\"itemListElement\":[{\"@type\":\"ListItem\",\"position\":1,\"name\":\"Portada\",\"item\":\"https:\/\/tgs-edisa.com\/fr\/inicio\/\"},{\"@type\":\"ListItem\",\"position\":2,\"name\":\"Services de conseil chez TGS EDISA\",\"item\":\"https:\/\/tgs-edisa.com\/fr\/services-de-conseil-chez-tgs-edisa\/\"},{\"@type\":\"ListItem\",\"position\":3,\"name\":\"Conseil en Fusions et Acquisitions\"}]},{\"@type\":\"WebSite\",\"@id\":\"https:\/\/tgs-edisa.com\/fr\/#website\",\"url\":\"https:\/\/tgs-edisa.com\/fr\/\",\"name\":\"TGS Edisa\",\"description\":\"Asesor\u00eda Fiscal y Contable, Jur\u00eddica Legal y Laboral.\",\"potentialAction\":[{\"@type\":\"SearchAction\",\"target\":{\"@type\":\"EntryPoint\",\"urlTemplate\":\"https:\/\/tgs-edisa.com\/fr\/?s={search_term_string}\"},\"query-input\":{\"@type\":\"PropertyValueSpecification\",\"valueRequired\":true,\"valueName\":\"search_term_string\"}}],\"inLanguage\":\"fr-FR\"}]}<\/script>\n<!-- \/ Yoast SEO plugin. -->","yoast_head_json":{"title":"Conseil en Fusions et Acquisitions - TGS Edisa","robots":{"index":"index","follow":"follow","max-snippet":"max-snippet:-1","max-image-preview":"max-image-preview:large","max-video-preview":"max-video-preview:-1"},"canonical":"https:\/\/tgs-edisa.com\/fr\/services-de-conseil-chez-tgs-edisa\/conseil-en-fusiones-et-acquisitions\/","og_locale":"fr_FR","og_type":"article","og_title":"Conseil en Fusions et Acquisitions - TGS Edisa","og_description":"CONSEIL EN FUSIONS ET ACQUISITIONS D\u2019ENTREPRISES Dans le parcours de vie d\u2019une entreprise, les fusions et acquisitions sont des moments d\u2019une grande importance pour l\u2019entreprise qui repr\u00e9sentent souvent un tournant pour les entreprises. C\u2019est donc un moment qui peut marquer l\u2019avenir de la soci\u00e9t\u00e9. Par cons\u00e9quent, il est important de disposer d\u2019une \u00e9quipe d\u2019experts en &hellip; Continue reading Conseil en Fusions et Acquisitions","og_url":"https:\/\/tgs-edisa.com\/fr\/services-de-conseil-chez-tgs-edisa\/conseil-en-fusiones-et-acquisitions\/","og_site_name":"TGS Edisa","article_modified_time":"2022-08-29T09:30:29+00:00","og_image":[{"url":"https:\/\/tgs-edisa.com\/wp-content\/uploads\/2022\/01\/servicios.jpg","type":"","width":"","height":""}],"twitter_card":"summary_large_image","twitter_misc":{"Dur\u00e9e de lecture estim\u00e9e":"4 minutes"},"schema":{"@context":"https:\/\/schema.org","@graph":[{"@type":"WebPage","@id":"https:\/\/tgs-edisa.com\/fr\/services-de-conseil-chez-tgs-edisa\/conseil-en-fusiones-et-acquisitions\/","url":"https:\/\/tgs-edisa.com\/fr\/services-de-conseil-chez-tgs-edisa\/conseil-en-fusiones-et-acquisitions\/","name":"Conseil en Fusions et Acquisitions - TGS Edisa","isPartOf":{"@id":"https:\/\/tgs-edisa.com\/fr\/#website"},"primaryImageOfPage":{"@id":"https:\/\/tgs-edisa.com\/fr\/services-de-conseil-chez-tgs-edisa\/conseil-en-fusiones-et-acquisitions\/#primaryimage"},"image":{"@id":"https:\/\/tgs-edisa.com\/fr\/services-de-conseil-chez-tgs-edisa\/conseil-en-fusiones-et-acquisitions\/#primaryimage"},"thumbnailUrl":"https:\/\/tgs-edisa.com\/wp-content\/uploads\/2022\/01\/servicios.jpg","datePublished":"2022-02-03T06:59:20+00:00","dateModified":"2022-08-29T09:30:29+00:00","breadcrumb":{"@id":"https:\/\/tgs-edisa.com\/fr\/services-de-conseil-chez-tgs-edisa\/conseil-en-fusiones-et-acquisitions\/#breadcrumb"},"inLanguage":"fr-FR","potentialAction":[{"@type":"ReadAction","target":["https:\/\/tgs-edisa.com\/fr\/services-de-conseil-chez-tgs-edisa\/conseil-en-fusiones-et-acquisitions\/"]}]},{"@type":"ImageObject","inLanguage":"fr-FR","@id":"https:\/\/tgs-edisa.com\/fr\/services-de-conseil-chez-tgs-edisa\/conseil-en-fusiones-et-acquisitions\/#primaryimage","url":"https:\/\/tgs-edisa.com\/wp-content\/uploads\/2022\/01\/servicios.jpg","contentUrl":"https:\/\/tgs-edisa.com\/wp-content\/uploads\/2022\/01\/servicios.jpg"},{"@type":"BreadcrumbList","@id":"https:\/\/tgs-edisa.com\/fr\/services-de-conseil-chez-tgs-edisa\/conseil-en-fusiones-et-acquisitions\/#breadcrumb","itemListElement":[{"@type":"ListItem","position":1,"name":"Portada","item":"https:\/\/tgs-edisa.com\/fr\/inicio\/"},{"@type":"ListItem","position":2,"name":"Services de conseil chez TGS EDISA","item":"https:\/\/tgs-edisa.com\/fr\/services-de-conseil-chez-tgs-edisa\/"},{"@type":"ListItem","position":3,"name":"Conseil en Fusions et Acquisitions"}]},{"@type":"WebSite","@id":"https:\/\/tgs-edisa.com\/fr\/#website","url":"https:\/\/tgs-edisa.com\/fr\/","name":"TGS Edisa","description":"Asesor\u00eda Fiscal y Contable, Jur\u00eddica Legal y Laboral.","potentialAction":[{"@type":"SearchAction","target":{"@type":"EntryPoint","urlTemplate":"https:\/\/tgs-edisa.com\/fr\/?s={search_term_string}"},"query-input":{"@type":"PropertyValueSpecification","valueRequired":true,"valueName":"search_term_string"}}],"inLanguage":"fr-FR"}]}},"_links":{"self":[{"href":"https:\/\/tgs-edisa.com\/fr\/wp-json\/wp\/v2\/pages\/16642","targetHints":{"allow":["GET"]}}],"collection":[{"href":"https:\/\/tgs-edisa.com\/fr\/wp-json\/wp\/v2\/pages"}],"about":[{"href":"https:\/\/tgs-edisa.com\/fr\/wp-json\/wp\/v2\/types\/page"}],"author":[{"embeddable":true,"href":"https:\/\/tgs-edisa.com\/fr\/wp-json\/wp\/v2\/users\/1"}],"replies":[{"embeddable":true,"href":"https:\/\/tgs-edisa.com\/fr\/wp-json\/wp\/v2\/comments?post=16642"}],"version-history":[{"count":3,"href":"https:\/\/tgs-edisa.com\/fr\/wp-json\/wp\/v2\/pages\/16642\/revisions"}],"predecessor-version":[{"id":16726,"href":"https:\/\/tgs-edisa.com\/fr\/wp-json\/wp\/v2\/pages\/16642\/revisions\/16726"}],"up":[{"embeddable":true,"href":"https:\/\/tgs-edisa.com\/fr\/wp-json\/wp\/v2\/pages\/16625"}],"wp:attachment":[{"href":"https:\/\/tgs-edisa.com\/fr\/wp-json\/wp\/v2\/media?parent=16642"}],"curies":[{"name":"wp","href":"https:\/\/api.w.org\/{rel}","templated":true}]}}