{"id":16627,"date":"2022-02-07T10:00:19","date_gmt":"2022-02-07T08:00:19","guid":{"rendered":"https:\/\/tgs-edisa.com\/conseillers-internationaux-tgs-global\/"},"modified":"2022-08-26T13:35:23","modified_gmt":"2022-08-26T11:35:23","slug":"conseillers-internationaux-tgs-global","status":"publish","type":"page","link":"https:\/\/tgs-edisa.com\/fr\/conseillers-internationaux-tgs-global\/","title":{"rendered":"Conseillers internationaux TGS Global"},"content":{"rendered":"\t\t<div data-elementor-type=\"wp-page\" data-elementor-id=\"16627\" class=\"elementor elementor-16627 elementor-14518\">\n\t\t\t\t\t\t\t\t\t<section class=\"elementor-section elementor-top-section elementor-element elementor-element-2990a65 elementor-section-height-min-height elementor-section-boxed elementor-section-height-default elementor-section-items-middle\" data-id=\"2990a65\" data-element_type=\"section\" data-settings=\"{&quot;background_background&quot;:&quot;classic&quot;}\">\n\t\t\t\t\t\t<div class=\"elementor-container elementor-column-gap-default\">\n\t\t\t\t\t<div class=\"elementor-column elementor-col-50 elementor-top-column elementor-element elementor-element-0e3ebd8\" data-id=\"0e3ebd8\" data-element_type=\"column\">\n\t\t\t<div class=\"elementor-widget-wrap elementor-element-populated\">\n\t\t\t\t\t\t\t\t<div class=\"elementor-element elementor-element-2b5a7c1 elementor-widget elementor-widget-heading\" data-id=\"2b5a7c1\" data-element_type=\"widget\" data-widget_type=\"heading.default\">\n\t\t\t\t<div class=\"elementor-widget-container\">\n\t\t\t<style>\/*! elementor - v3.18.0 - 20-12-2023 *\/\n.elementor-heading-title{padding:0;margin:0;line-height:1}.elementor-widget-heading .elementor-heading-title[class*=elementor-size-]>a{color:inherit;font-size:inherit;line-height:inherit}.elementor-widget-heading .elementor-heading-title.elementor-size-small{font-size:15px}.elementor-widget-heading .elementor-heading-title.elementor-size-medium{font-size:19px}.elementor-widget-heading .elementor-heading-title.elementor-size-large{font-size:29px}.elementor-widget-heading .elementor-heading-title.elementor-size-xl{font-size:39px}.elementor-widget-heading .elementor-heading-title.elementor-size-xxl{font-size:59px}<\/style><h1 class=\"elementor-heading-title elementor-size-default\">Conseillers internationaux TGS Global<\/h1>\t\t<\/div>\n\t\t\t\t<\/div>\n\t\t\t\t<div class=\"elementor-element elementor-element-6c26cc9 elementor-widget elementor-widget-text-editor\" data-id=\"6c26cc9\" data-element_type=\"widget\" data-widget_type=\"text-editor.default\">\n\t\t\t\t<div class=\"elementor-widget-container\">\n\t\t\t<style>\/*! elementor - v3.18.0 - 20-12-2023 *\/\n.elementor-widget-text-editor.elementor-drop-cap-view-stacked .elementor-drop-cap{background-color:#69727d;color:#fff}.elementor-widget-text-editor.elementor-drop-cap-view-framed .elementor-drop-cap{color:#69727d;border:3px solid;background-color:transparent}.elementor-widget-text-editor:not(.elementor-drop-cap-view-default) .elementor-drop-cap{margin-top:8px}.elementor-widget-text-editor:not(.elementor-drop-cap-view-default) .elementor-drop-cap-letter{width:1em;height:1em}.elementor-widget-text-editor .elementor-drop-cap{float:left;text-align:center;line-height:1;font-size:50px}.elementor-widget-text-editor .elementor-drop-cap-letter{display:inline-block}<\/style>\t\t\t\t<h2>TGS Global soutient le d\u00e9veloppement de ses clients diff\u00e9remment<\/h2><p>TGS Global est un r\u00e9seau international de conseillers ind\u00e9pendants fournissant des services de conseil fiscal, comptable, du travail, commerce et audit dans pr\u00e8s de 60 pays. Chaque membre du r\u00e9seau international s\u2019engage \u00e0 accompagner ses clients de mani\u00e8re dynamique et entrepreneuriale.<\/p><p>Avec plus de 4000 employ\u00e9s dans le monde, ses pr\u00e8s de 70 cabinets fournissent des services multidisciplinaires de mani\u00e8re coordonn\u00e9e, encourageant le d\u00e9veloppement international des affaires.<\/p>\t\t\t\t\t\t<\/div>\n\t\t\t\t<\/div>\n\t\t\t\t\t<\/div>\n\t\t<\/div>\n\t\t\t\t<div class=\"elementor-column elementor-col-50 elementor-top-column elementor-element elementor-element-0fd4aa9\" data-id=\"0fd4aa9\" data-element_type=\"column\">\n\t\t\t<div class=\"elementor-widget-wrap\">\n\t\t\t\t\t\t\t\t\t<\/div>\n\t\t<\/div>\n\t\t\t\t\t\t\t<\/div>\n\t\t<\/section>\n\t\t\t\t<section class=\"elementor-section elementor-top-section elementor-element elementor-element-381369b elementor-section-boxed elementor-section-height-default elementor-section-height-default\" data-id=\"381369b\" data-element_type=\"section\">\n\t\t\t\t\t\t<div class=\"elementor-container elementor-column-gap-default\">\n\t\t\t\t\t<div class=\"elementor-column elementor-col-100 elementor-top-column elementor-element elementor-element-c6f4abf\" data-id=\"c6f4abf\" data-element_type=\"column\">\n\t\t\t<div class=\"elementor-widget-wrap elementor-element-populated\">\n\t\t\t\t\t\t\t\t<div class=\"elementor-element elementor-element-3312d88 elementor-widget elementor-widget-text-editor\" data-id=\"3312d88\" data-element_type=\"widget\" data-widget_type=\"text-editor.default\">\n\t\t\t\t<div class=\"elementor-widget-container\">\n\t\t\t\t\t\t\t<div class='sim-main-content ' role='main' id='mainContent'>\n\t\t\t\t\t\t<div id='super-inter-active-map-block'>\n\t\t\t\t\t\t\t<div class='sim_maps_blcok' >\n                                 <div id='sim_interactive_map1' class='sim_map_area'><\/div>\n\t\t\t\t\t\t\t<\/div>\n\t\t\t\t\t\t<\/div>\n\t\t\t\t\t<\/div><style><\/style><style>#super-inter-active-map-block path{ stroke-width: 0px}#super-inter-active-map-block path:hover {\n\t\t\tstroke-width: 1px !important;\n\t\t}<\/style>\t\t\t\t\t\t<\/div>\n\t\t\t\t<\/div>\n\t\t\t\t\t<\/div>\n\t\t<\/div>\n\t\t\t\t\t\t\t<\/div>\n\t\t<\/section>\n\t\t\t\t<section class=\"elementor-section elementor-top-section elementor-element elementor-element-14ebb14 elementor-section-boxed elementor-section-height-default elementor-section-height-default\" data-id=\"14ebb14\" data-element_type=\"section\">\n\t\t\t\t\t\t<div class=\"elementor-container elementor-column-gap-default\">\n\t\t\t\t\t<div class=\"elementor-column elementor-col-100 elementor-top-column elementor-element elementor-element-1e1c01e\" data-id=\"1e1c01e\" data-element_type=\"column\">\n\t\t\t<div class=\"elementor-widget-wrap elementor-element-populated\">\n\t\t\t\t\t\t\t\t<div class=\"elementor-element elementor-element-3691168 elementor-widget elementor-widget-text-editor\" data-id=\"3691168\" data-element_type=\"widget\" data-widget_type=\"text-editor.default\">\n\t\t\t\t<div class=\"elementor-widget-container\">\n\t\t\t\t\t\t\t<h2>Cr\u00e9ation du r\u00e9seau de Conseillers Internationaux TGS Global.<\/h2><p>Cofond\u00e9e en 2012 par le Groupe Soregor, TGS Global est un r\u00e9seau international de conseillers d\u2019affaires en strat\u00e9gie, audit, droit et comptabilit\u00e9. Depuis sa cr\u00e9ation, TGS Global a \u00e9t\u00e9 reconnu comme l\u2019un des 25 meilleurs r\u00e9seaux internationaux.<\/p><p>Notre m\u00e9tier : transformer, d\u00e9velopper et s\u00e9curiser les projets commerciaux de nos clients.<\/p><p>TGS Edisa est un membre ind\u00e9pendant de TGS, un r\u00e9seau international de consultants en affaires et signataire du Pacte Mondial des Nations Unies. En tant que soci\u00e9t\u00e9 ind\u00e9pendante de TGS, TGS Edisa est seule responsable du travail qu\u2019elle effectue et des services qu\u2019elle fournit \u00e0 ses clients. TGS et les autres membres du R\u00e9seau ne sont pas responsables et n\u2019ont aucune responsabilit\u00e9 pour les actes ou omissions de TGS Edisa et TGS Edisa n\u2019a aucune responsabilit\u00e9 pour les actes ou omissions d\u2019autres entreprises appartenant \u00e0 TGS.<\/p><h2>TGS Global valorise sa diff\u00e9rence gr\u00e2ce \u00e0 son fort esprit d\u2019entreprise<\/h2>\t\t\t\t\t\t<\/div>\n\t\t\t\t<\/div>\n\t\t\t\t<section class=\"elementor-section elementor-inner-section elementor-element elementor-element-72fe78c elementor-section-boxed elementor-section-height-default elementor-section-height-default\" data-id=\"72fe78c\" data-element_type=\"section\">\n\t\t\t\t\t\t<div class=\"elementor-container elementor-column-gap-default\">\n\t\t\t\t\t<div class=\"elementor-column elementor-col-25 elementor-inner-column elementor-element elementor-element-97bbd64\" data-id=\"97bbd64\" data-element_type=\"column\">\n\t\t\t<div class=\"elementor-widget-wrap elementor-element-populated\">\n\t\t\t\t\t\t\t\t<div class=\"elementor-element elementor-element-39608fa elementor-widget elementor-widget-image\" data-id=\"39608fa\" data-element_type=\"widget\" data-widget_type=\"image.default\">\n\t\t\t\t<div class=\"elementor-widget-container\">\n\t\t\t<style>\/*! elementor - v3.18.0 - 20-12-2023 *\/\n.elementor-widget-image{text-align:center}.elementor-widget-image a{display:inline-block}.elementor-widget-image a img[src$=\".svg\"]{width:48px}.elementor-widget-image img{vertical-align:middle;display:inline-block}<\/style>\t\t\t\t\t\t\t\t\t\t\t\t<img decoding=\"async\" width=\"75\" height=\"64\" src=\"https:\/\/tgs-edisa.com\/wp-content\/uploads\/2022\/02\/grafica.png\" class=\"attachment-large size-large wp-image-14534\" alt=\"\" \/>\t\t\t\t\t\t\t\t\t\t\t\t\t\t\t<\/div>\n\t\t\t\t<\/div>\n\t\t\t\t<div class=\"elementor-element elementor-element-8053ca5 elementor-widget elementor-widget-heading\" data-id=\"8053ca5\" data-element_type=\"widget\" data-widget_type=\"heading.default\">\n\t\t\t\t<div class=\"elementor-widget-container\">\n\t\t\t<h3 class=\"elementor-heading-title elementor-size-default\">Facturation<\/h3>\t\t<\/div>\n\t\t\t\t<\/div>\n\t\t\t\t<div class=\"elementor-element elementor-element-1ab6dd9 elementor-widget elementor-widget-heading\" data-id=\"1ab6dd9\" data-element_type=\"widget\" data-widget_type=\"heading.default\">\n\t\t\t\t<div class=\"elementor-widget-container\">\n\t\t\t<h2 class=\"elementor-heading-title elementor-size-default\">240M. \u20ac<\/h2>\t\t<\/div>\n\t\t\t\t<\/div>\n\t\t\t\t\t<\/div>\n\t\t<\/div>\n\t\t\t\t<div class=\"elementor-column elementor-col-25 elementor-inner-column elementor-element elementor-element-0893f75\" data-id=\"0893f75\" data-element_type=\"column\">\n\t\t\t<div class=\"elementor-widget-wrap elementor-element-populated\">\n\t\t\t\t\t\t\t\t<div class=\"elementor-element elementor-element-3e28ec8 elementor-widget elementor-widget-image\" data-id=\"3e28ec8\" data-element_type=\"widget\" data-widget_type=\"image.default\">\n\t\t\t\t<div class=\"elementor-widget-container\">\n\t\t\t\t\t\t\t\t\t\t\t\t\t\t\t<img decoding=\"async\" width=\"75\" height=\"64\" src=\"https:\/\/tgs-edisa.com\/wp-content\/uploads\/2022\/02\/mundo.png\" class=\"attachment-large size-large wp-image-14537\" alt=\"\" \/>\t\t\t\t\t\t\t\t\t\t\t\t\t\t\t<\/div>\n\t\t\t\t<\/div>\n\t\t\t\t<div class=\"elementor-element elementor-element-1419da4 elementor-widget elementor-widget-heading\" data-id=\"1419da4\" data-element_type=\"widget\" data-widget_type=\"heading.default\">\n\t\t\t\t<div class=\"elementor-widget-container\">\n\t\t\t<h3 class=\"elementor-heading-title elementor-size-default\">Pays<\/h3>\t\t<\/div>\n\t\t\t\t<\/div>\n\t\t\t\t<div class=\"elementor-element elementor-element-5beb9ce elementor-widget elementor-widget-heading\" data-id=\"5beb9ce\" data-element_type=\"widget\" data-widget_type=\"heading.default\">\n\t\t\t\t<div class=\"elementor-widget-container\">\n\t\t\t<h2 class=\"elementor-heading-title elementor-size-default\">68<\/h2>\t\t<\/div>\n\t\t\t\t<\/div>\n\t\t\t\t\t<\/div>\n\t\t<\/div>\n\t\t\t\t<div class=\"elementor-column elementor-col-25 elementor-inner-column elementor-element elementor-element-6560058\" data-id=\"6560058\" data-element_type=\"column\">\n\t\t\t<div class=\"elementor-widget-wrap elementor-element-populated\">\n\t\t\t\t\t\t\t\t<div class=\"elementor-element elementor-element-95fff61 elementor-widget elementor-widget-image\" data-id=\"95fff61\" data-element_type=\"widget\" data-widget_type=\"image.default\">\n\t\t\t\t<div class=\"elementor-widget-container\">\n\t\t\t\t\t\t\t\t\t\t\t\t\t\t\t<img decoding=\"async\" width=\"75\" height=\"64\" src=\"https:\/\/tgs-edisa.com\/wp-content\/uploads\/2022\/02\/colaboradores.png\" class=\"attachment-large size-large wp-image-14540\" alt=\"\" \/>\t\t\t\t\t\t\t\t\t\t\t\t\t\t\t<\/div>\n\t\t\t\t<\/div>\n\t\t\t\t<div class=\"elementor-element elementor-element-778f3d0 elementor-widget elementor-widget-heading\" data-id=\"778f3d0\" data-element_type=\"widget\" data-widget_type=\"heading.default\">\n\t\t\t\t<div class=\"elementor-widget-container\">\n\t\t\t<h3 class=\"elementor-heading-title elementor-size-default\">Hubs<\/h3>\t\t<\/div>\n\t\t\t\t<\/div>\n\t\t\t\t<div class=\"elementor-element elementor-element-2adbbd9 elementor-widget elementor-widget-heading\" data-id=\"2adbbd9\" data-element_type=\"widget\" data-widget_type=\"heading.default\">\n\t\t\t\t<div class=\"elementor-widget-container\">\n\t\t\t<h2 class=\"elementor-heading-title elementor-size-default\">255<\/h2>\t\t<\/div>\n\t\t\t\t<\/div>\n\t\t\t\t\t<\/div>\n\t\t<\/div>\n\t\t\t\t<div class=\"elementor-column elementor-col-25 elementor-inner-column elementor-element elementor-element-9fe30ce\" data-id=\"9fe30ce\" data-element_type=\"column\">\n\t\t\t<div class=\"elementor-widget-wrap elementor-element-populated\">\n\t\t\t\t\t\t\t\t<div class=\"elementor-element elementor-element-1ecb328 elementor-widget elementor-widget-image\" data-id=\"1ecb328\" data-element_type=\"widget\" data-widget_type=\"image.default\">\n\t\t\t\t<div class=\"elementor-widget-container\">\n\t\t\t\t\t\t\t\t\t\t\t\t\t\t\t<img loading=\"lazy\" decoding=\"async\" width=\"75\" height=\"64\" src=\"https:\/\/tgs-edisa.com\/wp-content\/uploads\/2022\/02\/firmas.png\" class=\"attachment-large size-large wp-image-14543\" alt=\"\" \/>\t\t\t\t\t\t\t\t\t\t\t\t\t\t\t<\/div>\n\t\t\t\t<\/div>\n\t\t\t\t<div class=\"elementor-element elementor-element-6af8f3d elementor-widget elementor-widget-heading\" data-id=\"6af8f3d\" data-element_type=\"widget\" data-widget_type=\"heading.default\">\n\t\t\t\t<div class=\"elementor-widget-container\">\n\t\t\t<h3 class=\"elementor-heading-title elementor-size-default\">Cabinets<\/h3>\t\t<\/div>\n\t\t\t\t<\/div>\n\t\t\t\t<div class=\"elementor-element elementor-element-e033cb2 elementor-widget elementor-widget-heading\" data-id=\"e033cb2\" data-element_type=\"widget\" data-widget_type=\"heading.default\">\n\t\t\t\t<div class=\"elementor-widget-container\">\n\t\t\t<h2 class=\"elementor-heading-title elementor-size-default\">70<\/h2>\t\t<\/div>\n\t\t\t\t<\/div>\n\t\t\t\t\t<\/div>\n\t\t<\/div>\n\t\t\t\t\t\t\t<\/div>\n\t\t<\/section>\n\t\t\t\t\t<\/div>\n\t\t<\/div>\n\t\t\t\t\t\t\t<\/div>\n\t\t<\/section>\n\t\t\t\t\t\t\t<\/div>\n\t\t","protected":false},"excerpt":{"rendered":"<p>Conseillers internationaux TGS Global TGS Global soutient le d\u00e9veloppement de ses clients diff\u00e9remment TGS Global est un r\u00e9seau international de conseillers ind\u00e9pendants fournissant des services de conseil fiscal, comptable, du travail, commerce et audit dans pr\u00e8s de 60 pays. Chaque membre du r\u00e9seau international s\u2019engage \u00e0 accompagner ses clients de mani\u00e8re dynamique et entrepreneuriale. Avec &hellip; <br \/><a href=\"https:\/\/tgs-edisa.com\/fr\/conseillers-internationaux-tgs-global\/\" class=\"more-link\">Continue reading <span class=\"screen-reader-text\">Conseillers internationaux TGS Global<\/span><\/a><\/p>\n","protected":false},"author":1,"featured_media":0,"parent":0,"menu_order":0,"comment_status":"closed","ping_status":"closed","template":"elementor_header_footer","meta":{"footnotes":""},"class_list":["post-16627","page","type-page","status-publish","hentry"],"yoast_head":"<!-- This site is optimized with the Yoast SEO plugin v25.0 - https:\/\/yoast.com\/wordpress\/plugins\/seo\/ -->\n<title>Conseillers internationaux TGS Global - TGS Edisa<\/title>\n<meta name=\"description\" content=\"TGS Edisa fait partie du TGS Global Network of International Advisors, sp\u00e9cialis\u00e9 dans le conseil fiscal et comptable international.\" \/>\n<meta name=\"robots\" content=\"index, follow, max-snippet:-1, max-image-preview:large, max-video-preview:-1\" \/>\n<link rel=\"canonical\" href=\"https:\/\/tgs-edisa.com\/fr\/conseillers-internationaux-tgs-global\/\" \/>\n<meta property=\"og:locale\" content=\"fr_FR\" \/>\n<meta property=\"og:type\" content=\"article\" \/>\n<meta property=\"og:title\" content=\"Conseillers internationaux TGS Global - TGS Edisa\" \/>\n<meta property=\"og:description\" content=\"TGS Edisa fait partie du TGS Global Network of International Advisors, sp\u00e9cialis\u00e9 dans le conseil fiscal et comptable international.\" \/>\n<meta property=\"og:url\" content=\"https:\/\/tgs-edisa.com\/fr\/conseillers-internationaux-tgs-global\/\" \/>\n<meta property=\"og:site_name\" content=\"TGS Edisa\" \/>\n<meta property=\"article:modified_time\" content=\"2022-08-26T11:35:23+00:00\" \/>\n<meta property=\"og:image\" content=\"https:\/\/tgs-edisa.com\/wp-content\/uploads\/2022\/02\/grafica.png\" \/>\n<meta name=\"twitter:card\" content=\"summary_large_image\" \/>\n<meta name=\"twitter:label1\" content=\"Dur\u00e9e de lecture estim\u00e9e\" \/>\n\t<meta name=\"twitter:data1\" content=\"3 minutes\" \/>\n<script type=\"application\/ld+json\" class=\"yoast-schema-graph\">{\"@context\":\"https:\/\/schema.org\",\"@graph\":[{\"@type\":\"WebPage\",\"@id\":\"https:\/\/tgs-edisa.com\/fr\/conseillers-internationaux-tgs-global\/\",\"url\":\"https:\/\/tgs-edisa.com\/fr\/conseillers-internationaux-tgs-global\/\",\"name\":\"Conseillers internationaux TGS Global - TGS Edisa\",\"isPartOf\":{\"@id\":\"https:\/\/tgs-edisa.com\/fr\/#website\"},\"primaryImageOfPage\":{\"@id\":\"https:\/\/tgs-edisa.com\/fr\/conseillers-internationaux-tgs-global\/#primaryimage\"},\"image\":{\"@id\":\"https:\/\/tgs-edisa.com\/fr\/conseillers-internationaux-tgs-global\/#primaryimage\"},\"thumbnailUrl\":\"https:\/\/tgs-edisa.com\/wp-content\/uploads\/2022\/02\/grafica.png\",\"datePublished\":\"2022-02-07T08:00:19+00:00\",\"dateModified\":\"2022-08-26T11:35:23+00:00\",\"description\":\"TGS Edisa fait partie du TGS Global Network of International Advisors, sp\u00e9cialis\u00e9 dans le conseil fiscal et comptable international.\",\"breadcrumb\":{\"@id\":\"https:\/\/tgs-edisa.com\/fr\/conseillers-internationaux-tgs-global\/#breadcrumb\"},\"inLanguage\":\"fr-FR\",\"potentialAction\":[{\"@type\":\"ReadAction\",\"target\":[\"https:\/\/tgs-edisa.com\/fr\/conseillers-internationaux-tgs-global\/\"]}]},{\"@type\":\"ImageObject\",\"inLanguage\":\"fr-FR\",\"@id\":\"https:\/\/tgs-edisa.com\/fr\/conseillers-internationaux-tgs-global\/#primaryimage\",\"url\":\"https:\/\/tgs-edisa.com\/wp-content\/uploads\/2022\/02\/grafica.png\",\"contentUrl\":\"https:\/\/tgs-edisa.com\/wp-content\/uploads\/2022\/02\/grafica.png\"},{\"@type\":\"BreadcrumbList\",\"@id\":\"https:\/\/tgs-edisa.com\/fr\/conseillers-internationaux-tgs-global\/#breadcrumb\",\"itemListElement\":[{\"@type\":\"ListItem\",\"position\":1,\"name\":\"Portada\",\"item\":\"https:\/\/tgs-edisa.com\/fr\/inicio\/\"},{\"@type\":\"ListItem\",\"position\":2,\"name\":\"Conseillers internationaux TGS Global\"}]},{\"@type\":\"WebSite\",\"@id\":\"https:\/\/tgs-edisa.com\/fr\/#website\",\"url\":\"https:\/\/tgs-edisa.com\/fr\/\",\"name\":\"TGS Edisa\",\"description\":\"Asesor\u00eda Fiscal y Contable, Jur\u00eddica Legal y Laboral.\",\"potentialAction\":[{\"@type\":\"SearchAction\",\"target\":{\"@type\":\"EntryPoint\",\"urlTemplate\":\"https:\/\/tgs-edisa.com\/fr\/?s={search_term_string}\"},\"query-input\":{\"@type\":\"PropertyValueSpecification\",\"valueRequired\":true,\"valueName\":\"search_term_string\"}}],\"inLanguage\":\"fr-FR\"}]}<\/script>\n<!-- \/ Yoast SEO plugin. -->","yoast_head_json":{"title":"Conseillers internationaux TGS Global - TGS Edisa","description":"TGS Edisa fait partie du TGS Global Network of International Advisors, sp\u00e9cialis\u00e9 dans le conseil fiscal et comptable international.","robots":{"index":"index","follow":"follow","max-snippet":"max-snippet:-1","max-image-preview":"max-image-preview:large","max-video-preview":"max-video-preview:-1"},"canonical":"https:\/\/tgs-edisa.com\/fr\/conseillers-internationaux-tgs-global\/","og_locale":"fr_FR","og_type":"article","og_title":"Conseillers internationaux TGS Global - TGS Edisa","og_description":"TGS Edisa fait partie du TGS Global Network of International Advisors, sp\u00e9cialis\u00e9 dans le conseil fiscal et comptable international.","og_url":"https:\/\/tgs-edisa.com\/fr\/conseillers-internationaux-tgs-global\/","og_site_name":"TGS Edisa","article_modified_time":"2022-08-26T11:35:23+00:00","og_image":[{"url":"https:\/\/tgs-edisa.com\/wp-content\/uploads\/2022\/02\/grafica.png","type":"","width":"","height":""}],"twitter_card":"summary_large_image","twitter_misc":{"Dur\u00e9e de lecture estim\u00e9e":"3 minutes"},"schema":{"@context":"https:\/\/schema.org","@graph":[{"@type":"WebPage","@id":"https:\/\/tgs-edisa.com\/fr\/conseillers-internationaux-tgs-global\/","url":"https:\/\/tgs-edisa.com\/fr\/conseillers-internationaux-tgs-global\/","name":"Conseillers internationaux TGS Global - TGS Edisa","isPartOf":{"@id":"https:\/\/tgs-edisa.com\/fr\/#website"},"primaryImageOfPage":{"@id":"https:\/\/tgs-edisa.com\/fr\/conseillers-internationaux-tgs-global\/#primaryimage"},"image":{"@id":"https:\/\/tgs-edisa.com\/fr\/conseillers-internationaux-tgs-global\/#primaryimage"},"thumbnailUrl":"https:\/\/tgs-edisa.com\/wp-content\/uploads\/2022\/02\/grafica.png","datePublished":"2022-02-07T08:00:19+00:00","dateModified":"2022-08-26T11:35:23+00:00","description":"TGS Edisa fait partie du TGS Global Network of International Advisors, sp\u00e9cialis\u00e9 dans le conseil fiscal et comptable international.","breadcrumb":{"@id":"https:\/\/tgs-edisa.com\/fr\/conseillers-internationaux-tgs-global\/#breadcrumb"},"inLanguage":"fr-FR","potentialAction":[{"@type":"ReadAction","target":["https:\/\/tgs-edisa.com\/fr\/conseillers-internationaux-tgs-global\/"]}]},{"@type":"ImageObject","inLanguage":"fr-FR","@id":"https:\/\/tgs-edisa.com\/fr\/conseillers-internationaux-tgs-global\/#primaryimage","url":"https:\/\/tgs-edisa.com\/wp-content\/uploads\/2022\/02\/grafica.png","contentUrl":"https:\/\/tgs-edisa.com\/wp-content\/uploads\/2022\/02\/grafica.png"},{"@type":"BreadcrumbList","@id":"https:\/\/tgs-edisa.com\/fr\/conseillers-internationaux-tgs-global\/#breadcrumb","itemListElement":[{"@type":"ListItem","position":1,"name":"Portada","item":"https:\/\/tgs-edisa.com\/fr\/inicio\/"},{"@type":"ListItem","position":2,"name":"Conseillers internationaux TGS Global"}]},{"@type":"WebSite","@id":"https:\/\/tgs-edisa.com\/fr\/#website","url":"https:\/\/tgs-edisa.com\/fr\/","name":"TGS Edisa","description":"Asesor\u00eda Fiscal y Contable, Jur\u00eddica Legal y Laboral.","potentialAction":[{"@type":"SearchAction","target":{"@type":"EntryPoint","urlTemplate":"https:\/\/tgs-edisa.com\/fr\/?s={search_term_string}"},"query-input":{"@type":"PropertyValueSpecification","valueRequired":true,"valueName":"search_term_string"}}],"inLanguage":"fr-FR"}]}},"_links":{"self":[{"href":"https:\/\/tgs-edisa.com\/fr\/wp-json\/wp\/v2\/pages\/16627","targetHints":{"allow":["GET"]}}],"collection":[{"href":"https:\/\/tgs-edisa.com\/fr\/wp-json\/wp\/v2\/pages"}],"about":[{"href":"https:\/\/tgs-edisa.com\/fr\/wp-json\/wp\/v2\/types\/page"}],"author":[{"embeddable":true,"href":"https:\/\/tgs-edisa.com\/fr\/wp-json\/wp\/v2\/users\/1"}],"replies":[{"embeddable":true,"href":"https:\/\/tgs-edisa.com\/fr\/wp-json\/wp\/v2\/comments?post=16627"}],"version-history":[{"count":7,"href":"https:\/\/tgs-edisa.com\/fr\/wp-json\/wp\/v2\/pages\/16627\/revisions"}],"predecessor-version":[{"id":16636,"href":"https:\/\/tgs-edisa.com\/fr\/wp-json\/wp\/v2\/pages\/16627\/revisions\/16636"}],"wp:attachment":[{"href":"https:\/\/tgs-edisa.com\/fr\/wp-json\/wp\/v2\/media?parent=16627"}],"curies":[{"name":"wp","href":"https:\/\/api.w.org\/{rel}","templated":true}]}}