{"id":16604,"date":"2022-04-01T07:28:07","date_gmt":"2022-04-01T05:28:07","guid":{"rendered":"https:\/\/tgs-edisa.com\/politica-de-cookies\/"},"modified":"2022-08-23T12:43:13","modified_gmt":"2022-08-23T10:43:13","slug":"politica-de-cookies","status":"publish","type":"page","link":"https:\/\/tgs-edisa.com\/en\/politica-de-cookies\/","title":{"rendered":"Pol\u00edtica de cookies"},"content":{"rendered":"\t\t<div data-elementor-type=\"wp-page\" data-elementor-id=\"16604\" class=\"elementor elementor-16604 elementor-15338\">\n\t\t\t\t\t\t\t\t\t<section class=\"elementor-section elementor-top-section elementor-element elementor-element-192f0ecd elementor-section-boxed elementor-section-height-default elementor-section-height-default\" data-id=\"192f0ecd\" data-element_type=\"section\">\n\t\t\t\t\t\t<div class=\"elementor-container elementor-column-gap-default\">\n\t\t\t\t\t<div class=\"elementor-column elementor-col-100 elementor-top-column elementor-element elementor-element-33a8c416\" data-id=\"33a8c416\" data-element_type=\"column\">\n\t\t\t<div class=\"elementor-widget-wrap elementor-element-populated\">\n\t\t\t\t\t\t\t\t<div class=\"elementor-element elementor-element-7599d26c elementor-widget elementor-widget-text-editor\" data-id=\"7599d26c\" data-element_type=\"widget\" data-widget_type=\"text-editor.default\">\n\t\t\t\t<div class=\"elementor-widget-container\">\n\t\t\t<style>\/*! elementor - v3.18.0 - 20-12-2023 *\/\n.elementor-widget-text-editor.elementor-drop-cap-view-stacked .elementor-drop-cap{background-color:#69727d;color:#fff}.elementor-widget-text-editor.elementor-drop-cap-view-framed .elementor-drop-cap{color:#69727d;border:3px solid;background-color:transparent}.elementor-widget-text-editor:not(.elementor-drop-cap-view-default) .elementor-drop-cap{margin-top:8px}.elementor-widget-text-editor:not(.elementor-drop-cap-view-default) .elementor-drop-cap-letter{width:1em;height:1em}.elementor-widget-text-editor .elementor-drop-cap{float:left;text-align:center;line-height:1;font-size:50px}.elementor-widget-text-editor .elementor-drop-cap-letter{display:inline-block}<\/style>\t\t\t\t<p>De conformidad con lo establecido en el art\u00edculo 22.2 de la LSSICE (Ley 34\/2002, de 11 de julio) y con el Reglamento (UE) 2016\/679, de 27 de abril (RGPD), le informamos de lo relativo al uso y tratamiento de dispositivos de almacenamiento y recuperaci\u00f3n de datos en equipos terminales de los destinatarios, dispositivos com\u00fanmente denominados \u201ccookies\u201d, por parte de EDISA ASESORES, S.A., en lo sucesivo, EDISA ASESORES<\/p><p>En este sentido, EDISA ASESORES, en esta web, utiliza cookies.<\/p><h2><strong>\u00bfQu\u00e9 son las Cookies?<\/strong><\/h2><p>Aunque sea generalizar un poco, podemos definir las \u201ccookies\u201d como peque\u00f1os ficheros que se almacenan en su equipo o dispositivo cuando usted accede a determinados sitios web. Su utilizaci\u00f3n est\u00e1 ampliamente extendida ya que redunda en un funcionamiento m\u00e1s eficaz de las p\u00e1ginas web y, por tanto, del servicio o servicios que las mismas prestan.<\/p><p>Esos archivos de texto principalmente recogen datos de uso y navegaci\u00f3n que luego pueden recuperarse y utilizarse por el responsable de esa cookie para diversas finalidades: por ejemplo, y sin \u00e1nimo exhaustivo, observaci\u00f3n del comportamiento del usuario, personalizaci\u00f3n de caracter\u00edsticas determinadas de la navegaci\u00f3n, determinar caracter\u00edsticas de su navegador o dispositivos utilizados, etc.<\/p><p>En ning\u00fan caso EDISA ASESORES se sirve de cookies que puedan recopilar informaci\u00f3n sensible sobre usted ni sobre su identidad o perfil. Dicho de forma muy sencilla: nunca conoceremos su identidad exclusivamente a partir de las cookies utilizadas por nuestra web.<\/p><h2><strong>Clasificaci\u00f3n de las cookies<\/strong><\/h2><p>Existen diversos tipos de cookies, pero queremos advertirle fundamentalmente sobre lo que son \u201ccookies propias\u201d (las que genera propiamente esta p\u00e1gina web) y \u201ccookies de terceros\u201d (que son las que depositan en tu equipo servicios externos o de terceros que EDISA ASESORES utiliza en esta web con alguna finalidad expresamente declarada). Esta web utiliza ambos tipos de cookies.<\/p><p>Por el tiempo en que permanecen almacenadas en el navegador de tu terminal o dispositivo, podemos clasificar las cookies en \u201ccookies de sesi\u00f3n\u201d, que son transitorias y se borran cuando el usuario cierra su navegador, y \u201ccookies persistentes\u201d, que se almacenan en el dispositivo o terminal del usuario hasta que son eliminadas manualmente o el navegador las suprime de acuerdo con su plazo de duraci\u00f3n, que puede estar comprendido entre unos pocos minutos y varios a\u00f1os.<\/p><p>Igualmente, y al objeto de poder informarle de manera clara y comprensible sobre las finalidades de la utilizaci\u00f3n de cookies por parte de EDISA ASESORES, las hemos clasificado en la siguiente tipolog\u00eda:<\/p><p>Cookies t\u00e9cnicas y funcionales. Son necesarias y permiten al usuario la navegaci\u00f3n a trav\u00e9s de esta web y la utilizaci\u00f3n de las diferentes opciones o servicios que en ella existan como, por ejemplo, controlar el tr\u00e1fico y la comunicaci\u00f3n de datos, identificar la sesi\u00f3n, acceder a partes de acceso restringido, recordar la informaci\u00f3n que integra un pedido, realizar el proceso de compra de un pedido y otras expresamente declaradas. En esta tipolog\u00eda incluimos las llamadas \u201ccookies de personalizaci\u00f3n\u201d, que permiten a la web de EDISA ASESORES almacenar ciertas preferencias de tu navegaci\u00f3n como puedan ser el idioma de tu dispositivo, la configuraci\u00f3n regional, o terminal o el navegador utilizado para servirte la informaci\u00f3n adaptada a dichas caracter\u00edsticas.<\/p><p>Cookies anal\u00edticas. En EDISA ASESORES las empleamos con la finalidad de medici\u00f3n y an\u00e1lisis, esto es, para evaluar y cuantificar el n\u00famero de visitantes a las distintas p\u00e1ginas y secciones de nuestra web, as\u00ed como la duraci\u00f3n y las distintas interacciones de tales visitas. Dicha informaci\u00f3n es almacenada por estas cookies de manera agregada y anonimizada, y sirve al responsable de la web para intentar mejorar la experiencia del usuario.<\/p><h2><strong>Identificaci\u00f3n del editor responsable de esta web<\/strong><\/h2><p>Nombre del titular\/responsable: EDISA ASESORES, S.A.<\/p><p>NIF\/CIF: A39088810<\/p><p>Domicilio: Calle Calvo Sotelo, 23 \u2013 39002 Santander (Espa\u00f1a)<\/p><p>Email: protecciondatos@tgs-edisa.com<\/p><p>Tel\u00e9fono: +34 942312762<\/p><h2><strong>Tipolog\u00eda de cookies empleada por esta web<\/strong><\/h2><h3><strong>Cookies anal\u00edticas<\/strong> (ver el apartado Clasificaci\u00f3n de las cookies)<\/h3><p>Esta web utiliza cookies habilitadas por el servicio de anal\u00edtica de Google Analytics, de la empresa Google (m\u00e1s informaci\u00f3n en: <a href=\"http:\/\/www.google.es\/intl\/es\/analytics\/privacyoverview.html\">http:\/\/www.google.es\/intl\/es\/analytics\/privacyoverview.html<\/a>).<\/p><h3><strong>Cookies publicitarias<\/strong><\/h3><p>Los sitios web suelen utilizar este tipo de cookies para mejorar la eficacia de la publicidad. En nuestro caso, Google habilita cookies desde el dominio doubleclick.net para poder hacer seguimiento de aquellos usuarios que han accedido a este sitio web desde anuncios colocados en el servicio de B\u00fasqueda de Google o bien en Google Maps. (m\u00e1s informaci\u00f3n en: <a href=\"https:\/\/policies.google.com\/technologies\/types?hl=es\">https:\/\/policies.google.com\/technologies\/types?hl=es<\/a>).<\/p><h3><strong>Cookies de personalizaci\u00f3n<\/strong><\/h3><p>Nuestro sistema de gesti\u00f3n de contenidos (WordPress) utiliza un complemento (plugin) que proporciona la funcionalidad al usuario de elegir el idioma en que se muestra la web (plugin WPML o Word Press Multi Language, m\u00e1s informaci\u00f3n en https:\/\/wpml.org\/). Dicho plugin o complemento puede habilitar una cookie propia de nuestro sitio web para que este pueda administrar y configurar las opciones de idioma.<\/p><h3><strong>Cookies estrictamente t\u00e9cnicas y funcionales<\/strong><\/h3><p>Son b\u00e1sicamente cookies propias y su duraci\u00f3n es la sesi\u00f3n de navegaci\u00f3n. Nos permiten controlar la comunicaci\u00f3n de datos o, precisamente, identificar la sesi\u00f3n.<\/p><p>Si en el uso de esta web usted detectase alguna tipolog\u00eda de cookie que no se encuentra en este resumen, puede ponerse en contacto con EDISA ASESORES en el email <a href=\"mailto:protecciondatos@tgs-edisa.com\">protecciondatos@tgs-edisa.com<\/a> para que procedamos a su examen y decidamos lo procedente.<\/p><h2><strong>\u00bfC\u00f3mo gestionar, configurar o eliminar las cookies?<\/strong><\/h2><p>Puede revisar la configuraci\u00f3n de su navegador para que le notifique antes de descargar cookies a su terminal o dispositivo, as\u00ed como tambi\u00e9n puede proceder a la eliminaci\u00f3n de las cookies ya instaladas.<\/p><p>Aqu\u00ed tiene un breve acceso a las instrucciones para la gesti\u00f3n de cookies en los navegadores m\u00e1s usados:<\/p><ol><li>C\u00f3mo borrar, habilitar, y administrar cookies en <a href=\"https:\/\/support.google.com\/chrome\/answer\/95647?\">Google Chrome<\/a><\/li><li>Habilitar y deshabilitar cookies que los sitios web utilizan para rastrear tus preferencias \u2013 <a href=\"https:\/\/support.mozilla.org\/es\/kb\/habilitar-y-deshabilitar-cookies-sitios-web-rastrear-preferencias?\">Mozilla Firefox<\/a><\/li><li>Bloquear o permitir cookies en <a href=\"https:\/\/support.microsoft.com\/es-es\/help\/17442\/windows-internet-explorer-delete-manage-cookies\">Internet Explorer<\/a><\/li><li>Gestionar cookies y datos de sitios web en <a href=\"https:\/\/support.apple.com\/kb\/ph19214?locale=es_ES\">Safari (Apple)<\/a><\/li><\/ol><p>Adem\u00e1s, usted puede utilizar extensiones o complementos para su navegador que le permitan elegir qu\u00e9 cookies permitir y cu\u00e1les rechazar, y, en general puede usar cualesquiera navegadores con navegaci\u00f3n an\u00f3nima y otras tecnolog\u00edas conocidas como DNT (Do not track).<\/p><p>Finalmente, le recordamos que la no instalaci\u00f3n o supresi\u00f3n de algunas cookies podr\u00edan suponer la limitaci\u00f3n de la presentaci\u00f3n de esta web o de su interfaz de usuario, y, en general, una disminuci\u00f3n sensible en la experiencia de navegaci\u00f3n y eficacia de la misma.<\/p><p>\u00daltima actualizaci\u00f3n: Abril 2022<\/p>\t\t\t\t\t\t<\/div>\n\t\t\t\t<\/div>\n\t\t\t\t\t<\/div>\n\t\t<\/div>\n\t\t\t\t\t\t\t<\/div>\n\t\t<\/section>\n\t\t\t\t\t\t\t<\/div>\n\t\t","protected":false},"excerpt":{"rendered":"<p>De conformidad con lo establecido en el art\u00edculo 22.2 de la LSSICE (Ley 34\/2002, de 11 de julio) y con el Reglamento (UE) 2016\/679, de 27 de abril (RGPD), le informamos de lo relativo al uso y tratamiento de dispositivos de almacenamiento y recuperaci\u00f3n de datos en equipos terminales de los destinatarios, dispositivos com\u00fanmente denominados &hellip; <br \/><a href=\"https:\/\/tgs-edisa.com\/en\/politica-de-cookies\/\" class=\"more-link\">Continue reading <span class=\"screen-reader-text\">Pol\u00edtica de cookies<\/span><\/a><\/p>\n","protected":false},"author":1,"featured_media":0,"parent":0,"menu_order":0,"comment_status":"closed","ping_status":"closed","template":"","meta":{"footnotes":""},"class_list":["post-16604","page","type-page","status-publish","hentry"],"yoast_head":"<!-- This site is optimized with the Yoast SEO plugin v25.0 - https:\/\/yoast.com\/wordpress\/plugins\/seo\/ -->\n<title>Pol\u00edtica de cookies - TGS Edisa<\/title>\n<meta name=\"robots\" content=\"index, follow, max-snippet:-1, max-image-preview:large, max-video-preview:-1\" \/>\n<link rel=\"canonical\" href=\"https:\/\/tgs-edisa.com\/en\/politica-de-cookies\/\" \/>\n<meta property=\"og:locale\" content=\"en_US\" \/>\n<meta property=\"og:type\" content=\"article\" \/>\n<meta property=\"og:title\" content=\"Pol\u00edtica de cookies - TGS Edisa\" \/>\n<meta property=\"og:description\" content=\"De conformidad con lo establecido en el art\u00edculo 22.2 de la LSSICE (Ley 34\/2002, de 11 de julio) y con el Reglamento (UE) 2016\/679, de 27 de abril (RGPD), le informamos de lo relativo al uso y tratamiento de dispositivos de almacenamiento y recuperaci\u00f3n de datos en equipos terminales de los destinatarios, dispositivos com\u00fanmente denominados &hellip; Continue reading Pol\u00edtica de cookies\" \/>\n<meta property=\"og:url\" content=\"https:\/\/tgs-edisa.com\/en\/politica-de-cookies\/\" \/>\n<meta property=\"og:site_name\" content=\"TGS Edisa\" \/>\n<meta property=\"article:modified_time\" content=\"2022-08-23T10:43:13+00:00\" \/>\n<meta name=\"twitter:card\" content=\"summary_large_image\" \/>\n<meta name=\"twitter:label1\" content=\"Est. reading time\" \/>\n\t<meta name=\"twitter:data1\" content=\"6 minutes\" \/>\n<script type=\"application\/ld+json\" class=\"yoast-schema-graph\">{\"@context\":\"https:\/\/schema.org\",\"@graph\":[{\"@type\":\"WebPage\",\"@id\":\"https:\/\/tgs-edisa.com\/en\/politica-de-cookies\/\",\"url\":\"https:\/\/tgs-edisa.com\/en\/politica-de-cookies\/\",\"name\":\"Pol\u00edtica de cookies - TGS Edisa\",\"isPartOf\":{\"@id\":\"https:\/\/tgs-edisa.com\/en\/#website\"},\"datePublished\":\"2022-04-01T05:28:07+00:00\",\"dateModified\":\"2022-08-23T10:43:13+00:00\",\"breadcrumb\":{\"@id\":\"https:\/\/tgs-edisa.com\/en\/politica-de-cookies\/#breadcrumb\"},\"inLanguage\":\"en-US\",\"potentialAction\":[{\"@type\":\"ReadAction\",\"target\":[\"https:\/\/tgs-edisa.com\/en\/politica-de-cookies\/\"]}]},{\"@type\":\"BreadcrumbList\",\"@id\":\"https:\/\/tgs-edisa.com\/en\/politica-de-cookies\/#breadcrumb\",\"itemListElement\":[{\"@type\":\"ListItem\",\"position\":1,\"name\":\"Portada\",\"item\":\"https:\/\/tgs-edisa.com\/en\/inicio\/\"},{\"@type\":\"ListItem\",\"position\":2,\"name\":\"Pol\u00edtica de cookies\"}]},{\"@type\":\"WebSite\",\"@id\":\"https:\/\/tgs-edisa.com\/en\/#website\",\"url\":\"https:\/\/tgs-edisa.com\/en\/\",\"name\":\"TGS Edisa\",\"description\":\"Asesor\u00eda Fiscal y Contable, Jur\u00eddica Legal y Laboral.\",\"potentialAction\":[{\"@type\":\"SearchAction\",\"target\":{\"@type\":\"EntryPoint\",\"urlTemplate\":\"https:\/\/tgs-edisa.com\/en\/?s={search_term_string}\"},\"query-input\":{\"@type\":\"PropertyValueSpecification\",\"valueRequired\":true,\"valueName\":\"search_term_string\"}}],\"inLanguage\":\"en-US\"}]}<\/script>\n<!-- \/ Yoast SEO plugin. -->","yoast_head_json":{"title":"Pol\u00edtica de cookies - TGS Edisa","robots":{"index":"index","follow":"follow","max-snippet":"max-snippet:-1","max-image-preview":"max-image-preview:large","max-video-preview":"max-video-preview:-1"},"canonical":"https:\/\/tgs-edisa.com\/en\/politica-de-cookies\/","og_locale":"en_US","og_type":"article","og_title":"Pol\u00edtica de cookies - TGS Edisa","og_description":"De conformidad con lo establecido en el art\u00edculo 22.2 de la LSSICE (Ley 34\/2002, de 11 de julio) y con el Reglamento (UE) 2016\/679, de 27 de abril (RGPD), le informamos de lo relativo al uso y tratamiento de dispositivos de almacenamiento y recuperaci\u00f3n de datos en equipos terminales de los destinatarios, dispositivos com\u00fanmente denominados &hellip; Continue reading Pol\u00edtica de cookies","og_url":"https:\/\/tgs-edisa.com\/en\/politica-de-cookies\/","og_site_name":"TGS Edisa","article_modified_time":"2022-08-23T10:43:13+00:00","twitter_card":"summary_large_image","twitter_misc":{"Est. reading time":"6 minutes"},"schema":{"@context":"https:\/\/schema.org","@graph":[{"@type":"WebPage","@id":"https:\/\/tgs-edisa.com\/en\/politica-de-cookies\/","url":"https:\/\/tgs-edisa.com\/en\/politica-de-cookies\/","name":"Pol\u00edtica de cookies - TGS Edisa","isPartOf":{"@id":"https:\/\/tgs-edisa.com\/en\/#website"},"datePublished":"2022-04-01T05:28:07+00:00","dateModified":"2022-08-23T10:43:13+00:00","breadcrumb":{"@id":"https:\/\/tgs-edisa.com\/en\/politica-de-cookies\/#breadcrumb"},"inLanguage":"en-US","potentialAction":[{"@type":"ReadAction","target":["https:\/\/tgs-edisa.com\/en\/politica-de-cookies\/"]}]},{"@type":"BreadcrumbList","@id":"https:\/\/tgs-edisa.com\/en\/politica-de-cookies\/#breadcrumb","itemListElement":[{"@type":"ListItem","position":1,"name":"Portada","item":"https:\/\/tgs-edisa.com\/en\/inicio\/"},{"@type":"ListItem","position":2,"name":"Pol\u00edtica de cookies"}]},{"@type":"WebSite","@id":"https:\/\/tgs-edisa.com\/en\/#website","url":"https:\/\/tgs-edisa.com\/en\/","name":"TGS Edisa","description":"Asesor\u00eda Fiscal y Contable, Jur\u00eddica Legal y Laboral.","potentialAction":[{"@type":"SearchAction","target":{"@type":"EntryPoint","urlTemplate":"https:\/\/tgs-edisa.com\/en\/?s={search_term_string}"},"query-input":{"@type":"PropertyValueSpecification","valueRequired":true,"valueName":"search_term_string"}}],"inLanguage":"en-US"}]}},"_links":{"self":[{"href":"https:\/\/tgs-edisa.com\/en\/wp-json\/wp\/v2\/pages\/16604","targetHints":{"allow":["GET"]}}],"collection":[{"href":"https:\/\/tgs-edisa.com\/en\/wp-json\/wp\/v2\/pages"}],"about":[{"href":"https:\/\/tgs-edisa.com\/en\/wp-json\/wp\/v2\/types\/page"}],"author":[{"embeddable":true,"href":"https:\/\/tgs-edisa.com\/en\/wp-json\/wp\/v2\/users\/1"}],"replies":[{"embeddable":true,"href":"https:\/\/tgs-edisa.com\/en\/wp-json\/wp\/v2\/comments?post=16604"}],"version-history":[{"count":1,"href":"https:\/\/tgs-edisa.com\/en\/wp-json\/wp\/v2\/pages\/16604\/revisions"}],"predecessor-version":[{"id":16605,"href":"https:\/\/tgs-edisa.com\/en\/wp-json\/wp\/v2\/pages\/16604\/revisions\/16605"}],"wp:attachment":[{"href":"https:\/\/tgs-edisa.com\/en\/wp-json\/wp\/v2\/media?parent=16604"}],"curies":[{"name":"wp","href":"https:\/\/api.w.org\/{rel}","templated":true}]}}