{"id":15361,"date":"2022-02-08T09:29:07","date_gmt":"2022-02-08T09:29:07","guid":{"rendered":"https:\/\/tgs-edisa.com\/areas\/consultoria-it\/"},"modified":"2022-04-06T11:41:47","modified_gmt":"2022-04-06T11:41:47","slug":"it-consulting","status":"publish","type":"page","link":"https:\/\/tgs-edisa.com\/en\/areas\/it-consulting\/","title":{"rendered":"IT Consulting"},"content":{"rendered":"\t\t<div data-elementor-type=\"wp-page\" data-elementor-id=\"15361\" class=\"elementor elementor-15361 elementor-14551\">\n\t\t\t\t\t\t\t\t\t<section class=\"elementor-section elementor-top-section elementor-element elementor-element-cd25d40 elementor-reverse-mobile elementor-section-boxed elementor-section-height-default elementor-section-height-default\" data-id=\"cd25d40\" data-element_type=\"section\">\n\t\t\t\t\t\t<div class=\"elementor-container elementor-column-gap-default\">\n\t\t\t\t\t<div class=\"elementor-column elementor-col-50 elementor-top-column elementor-element elementor-element-851e15c\" data-id=\"851e15c\" data-element_type=\"column\">\n\t\t\t<div class=\"elementor-widget-wrap elementor-element-populated\">\n\t\t\t\t\t\t\t\t<div class=\"elementor-element elementor-element-b8fb54f elementor-widget elementor-widget-image\" data-id=\"b8fb54f\" data-element_type=\"widget\" data-widget_type=\"image.default\">\n\t\t\t\t<div class=\"elementor-widget-container\">\n\t\t\t<style>\/*! elementor - v3.18.0 - 20-12-2023 *\/\n.elementor-widget-image{text-align:center}.elementor-widget-image a{display:inline-block}.elementor-widget-image a img[src$=\".svg\"]{width:48px}.elementor-widget-image img{vertical-align:middle;display:inline-block}<\/style>\t\t\t\t\t\t\t\t\t\t\t\t<img fetchpriority=\"high\" decoding=\"async\" width=\"384\" height=\"296\" src=\"https:\/\/tgs-edisa.com\/wp-content\/uploads\/2022\/01\/servicios.jpg\" class=\"attachment-large size-large wp-image-14269\" alt=\"\" srcset=\"https:\/\/tgs-edisa.com\/wp-content\/uploads\/2022\/01\/servicios.jpg 384w, https:\/\/tgs-edisa.com\/wp-content\/uploads\/2022\/01\/servicios-300x231.jpg 300w\" sizes=\"(max-width: 384px) 100vw, 384px\" \/>\t\t\t\t\t\t\t\t\t\t\t\t\t\t\t<\/div>\n\t\t\t\t<\/div>\n\t\t\t\t\t<\/div>\n\t\t<\/div>\n\t\t\t\t<div class=\"elementor-column elementor-col-50 elementor-top-column elementor-element elementor-element-7bd25c6\" data-id=\"7bd25c6\" data-element_type=\"column\">\n\t\t\t<div class=\"elementor-widget-wrap elementor-element-populated\">\n\t\t\t\t\t\t\t\t<div class=\"elementor-element elementor-element-2423d80 elementor-widget elementor-widget-heading\" data-id=\"2423d80\" data-element_type=\"widget\" data-widget_type=\"heading.default\">\n\t\t\t\t<div class=\"elementor-widget-container\">\n\t\t\t<style>\/*! elementor - v3.18.0 - 20-12-2023 *\/\n.elementor-heading-title{padding:0;margin:0;line-height:1}.elementor-widget-heading .elementor-heading-title[class*=elementor-size-]>a{color:inherit;font-size:inherit;line-height:inherit}.elementor-widget-heading .elementor-heading-title.elementor-size-small{font-size:15px}.elementor-widget-heading .elementor-heading-title.elementor-size-medium{font-size:19px}.elementor-widget-heading .elementor-heading-title.elementor-size-large{font-size:29px}.elementor-widget-heading .elementor-heading-title.elementor-size-xl{font-size:39px}.elementor-widget-heading .elementor-heading-title.elementor-size-xxl{font-size:59px}<\/style><h1 class=\"elementor-heading-title elementor-size-default\">SERVICIO DE CONSULTOR\u00cdA IT<\/h1>\t\t<\/div>\n\t\t\t\t<\/div>\n\t\t\t\t<div class=\"elementor-element elementor-element-12c1c04 elementor-widget elementor-widget-text-editor\" data-id=\"12c1c04\" data-element_type=\"widget\" data-widget_type=\"text-editor.default\">\n\t\t\t\t<div class=\"elementor-widget-container\">\n\t\t\t<style>\/*! elementor - v3.18.0 - 20-12-2023 *\/\n.elementor-widget-text-editor.elementor-drop-cap-view-stacked .elementor-drop-cap{background-color:#69727d;color:#fff}.elementor-widget-text-editor.elementor-drop-cap-view-framed .elementor-drop-cap{color:#69727d;border:3px solid;background-color:transparent}.elementor-widget-text-editor:not(.elementor-drop-cap-view-default) .elementor-drop-cap{margin-top:8px}.elementor-widget-text-editor:not(.elementor-drop-cap-view-default) .elementor-drop-cap-letter{width:1em;height:1em}.elementor-widget-text-editor .elementor-drop-cap{float:left;text-align:center;line-height:1;font-size:50px}.elementor-widget-text-editor .elementor-drop-cap-letter{display:inline-block}<\/style>\t\t\t\t<p>En TGS Edisa realizamos una consultor\u00eda tecnol\u00f3gica a nuestros clientes basadas en el diagn\u00f3stico de su situaci\u00f3n actual, proponiendo recomendaciones de medidas a adoptar.<\/p><p>Nuestro objetivo es conseguir optimizar todos los procesos de la empresa en sus distintas \u00e1reas, ayudar al cliente en la elecci\u00f3n del Software que m\u00e1s se adec\u00fae a sus necesidades, e identificar y minimizar los riesgos tecnol\u00f3gicos a los que se encuentra expuesto.<\/p>\t\t\t\t\t\t<\/div>\n\t\t\t\t<\/div>\n\t\t\t\t\t<\/div>\n\t\t<\/div>\n\t\t\t\t\t\t\t<\/div>\n\t\t<\/section>\n\t\t\t\t<section class=\"elementor-section elementor-top-section elementor-element elementor-element-1386c8a elementor-section-boxed elementor-section-height-default elementor-section-height-default\" data-id=\"1386c8a\" data-element_type=\"section\">\n\t\t\t\t\t\t<div class=\"elementor-container elementor-column-gap-default\">\n\t\t\t\t\t<div class=\"elementor-column elementor-col-100 elementor-top-column elementor-element elementor-element-41fa4c8\" data-id=\"41fa4c8\" data-element_type=\"column\">\n\t\t\t<div class=\"elementor-widget-wrap elementor-element-populated\">\n\t\t\t\t\t\t\t\t<div class=\"elementor-element elementor-element-397679f elementor-widget elementor-widget-text-editor\" data-id=\"397679f\" data-element_type=\"widget\" data-widget_type=\"text-editor.default\">\n\t\t\t\t<div class=\"elementor-widget-container\">\n\t\t\t\t\t\t\t<p>Gracias a nuestra experiencia de m\u00e1s de 25 a\u00f1os en el asesoramiento de empresas de todos los sectores, y a la formaci\u00f3n multidisciplinar de nuestros t\u00e9cnicos, proporcionamos un servicio que sintoniza con las necesidades de cada empresa, garantizando siempre un enfoque pr\u00e1ctico.<\/p><p>Los puntos analizados en nuestra consultor\u00eda:<\/p><p>\u00a0<\/p><ul><li>Infraestructura de equipos (CPD)<\/li><li>ERP o Software utilizado.<\/li><li>Utilizaci\u00f3n de la tecnolog\u00eda en los procesos de administrativos o de gesti\u00f3n.<\/li><li>Sistemas de Backup.<\/li><li>Disaster Recovery Plan.<\/li><li>Desarrollo de herramientas para necesidades espec\u00edficas<\/li><li>P\u00e1gina web, Redes Sociales y posicionamiento SEO\/SEM.<\/li><\/ul><p>\u00a0<\/p><p>TGS Edisa ofrece servicios de consultor\u00eda IT inform\u00e1tica para empresas, pymes y aut\u00f3nomos. Ofrecemos consultor\u00eda IT en muy diversos \u00e1mbitos con los mejores profesionales y una experiencia contrastada de m\u00e1s de 30 a\u00f1os ofreciendo soluciones a medida. Contacta con nosotros y uno de nuestros consultores expertos en IT se pondr\u00e1n en contacto contigo de forma directa.<\/p>\t\t\t\t\t\t<\/div>\n\t\t\t\t<\/div>\n\t\t\t\t\t<\/div>\n\t\t<\/div>\n\t\t\t\t\t\t\t<\/div>\n\t\t<\/section>\n\t\t\t\t<section class=\"elementor-section elementor-top-section elementor-element elementor-element-825b4ae elementor-section-height-min-height elementor-section-boxed elementor-section-height-default elementor-section-items-middle\" data-id=\"825b4ae\" data-element_type=\"section\" data-settings=\"{&quot;background_background&quot;:&quot;classic&quot;}\">\n\t\t\t\t\t\t<div class=\"elementor-container elementor-column-gap-default\">\n\t\t\t\t\t<div class=\"elementor-column elementor-col-100 elementor-top-column elementor-element elementor-element-33abffe\" data-id=\"33abffe\" data-element_type=\"column\">\n\t\t\t<div class=\"elementor-widget-wrap elementor-element-populated\">\n\t\t\t\t\t\t\t\t<div class=\"elementor-element elementor-element-d779b17 elementor-widget elementor-widget-heading\" data-id=\"d779b17\" data-element_type=\"widget\" data-widget_type=\"heading.default\">\n\t\t\t\t<div class=\"elementor-widget-container\">\n\t\t\t<h2 class=\"elementor-heading-title elementor-size-default\">Lorem ipsum dolor sit amet, consectetuer adipiscing elit. Maecenas porttitor congue massa. Lorem ipsum dolor sit amet, consectetuer adipiscing elit. Maecenas porttitor congue massa.<\/h2>\t\t<\/div>\n\t\t\t\t<\/div>\n\t\t\t\t<div class=\"elementor-element elementor-element-5007a36 elementor-mobile-align-center boton-w100 elementor-align-center elementor-widget elementor-widget-button\" data-id=\"5007a36\" data-element_type=\"widget\" data-widget_type=\"button.default\">\n\t\t\t\t<div class=\"elementor-widget-container\">\n\t\t\t\t\t<div class=\"elementor-button-wrapper\">\n\t\t\t<a class=\"elementor-button elementor-button-link elementor-size-md\" href=\"#\">\n\t\t\t\t\t\t<span class=\"elementor-button-content-wrapper\">\n\t\t\t\t\t\t<span class=\"elementor-button-text\">contact us<\/span>\n\t\t<\/span>\n\t\t\t\t\t<\/a>\n\t\t<\/div>\n\t\t\t\t<\/div>\n\t\t\t\t<\/div>\n\t\t\t\t\t<\/div>\n\t\t<\/div>\n\t\t\t\t\t\t\t<\/div>\n\t\t<\/section>\n\t\t\t\t\t\t\t<\/div>\n\t\t","protected":false},"excerpt":{"rendered":"<p>SERVICIO DE CONSULTOR\u00cdA IT En TGS Edisa realizamos una consultor\u00eda tecnol\u00f3gica a nuestros clientes basadas en el diagn\u00f3stico de su situaci\u00f3n actual, proponiendo recomendaciones de medidas a adoptar. Nuestro objetivo es conseguir optimizar todos los procesos de la empresa en sus distintas \u00e1reas, ayudar al cliente en la elecci\u00f3n del Software que m\u00e1s se adec\u00fae &hellip; <br \/><a href=\"https:\/\/tgs-edisa.com\/en\/areas\/it-consulting\/\" class=\"more-link\">Continue reading <span class=\"screen-reader-text\">IT Consulting<\/span><\/a><\/p>\n","protected":false},"author":1,"featured_media":0,"parent":15075,"menu_order":0,"comment_status":"closed","ping_status":"closed","template":"elementor_header_footer","meta":{"footnotes":""},"class_list":["post-15361","page","type-page","status-publish","hentry"],"yoast_head":"<!-- This site is optimized with the Yoast SEO plugin v25.0 - https:\/\/yoast.com\/wordpress\/plugins\/seo\/ -->\n<title>IT Consulting - TGS Edisa<\/title>\n<meta name=\"description\" content=\"At TGS Edisa we perform IT Consulting for our clients based on the diagnosis of their current situation and proposing recommendations.\" \/>\n<meta name=\"robots\" content=\"index, follow, max-snippet:-1, max-image-preview:large, max-video-preview:-1\" \/>\n<link rel=\"canonical\" href=\"https:\/\/tgs-edisa.com\/en\/areas\/it-consulting\/\" \/>\n<meta property=\"og:locale\" content=\"en_US\" \/>\n<meta property=\"og:type\" content=\"article\" \/>\n<meta property=\"og:title\" content=\"IT Consulting - TGS Edisa\" \/>\n<meta property=\"og:description\" content=\"At TGS Edisa we perform IT Consulting for our clients based on the diagnosis of their current situation and proposing recommendations.\" \/>\n<meta property=\"og:url\" content=\"https:\/\/tgs-edisa.com\/en\/areas\/it-consulting\/\" \/>\n<meta property=\"og:site_name\" content=\"TGS Edisa\" \/>\n<meta property=\"article:modified_time\" content=\"2022-04-06T11:41:47+00:00\" \/>\n<meta property=\"og:image\" content=\"https:\/\/tgs-edisa.com\/wp-content\/uploads\/2022\/01\/servicios.jpg\" \/>\n<meta name=\"twitter:card\" content=\"summary_large_image\" \/>\n<meta name=\"twitter:label1\" content=\"Est. reading time\" \/>\n\t<meta name=\"twitter:data1\" content=\"1 minute\" \/>\n<script type=\"application\/ld+json\" class=\"yoast-schema-graph\">{\"@context\":\"https:\/\/schema.org\",\"@graph\":[{\"@type\":\"WebPage\",\"@id\":\"https:\/\/tgs-edisa.com\/en\/areas\/it-consulting\/\",\"url\":\"https:\/\/tgs-edisa.com\/en\/areas\/it-consulting\/\",\"name\":\"IT Consulting - TGS Edisa\",\"isPartOf\":{\"@id\":\"https:\/\/tgs-edisa.com\/en\/#website\"},\"primaryImageOfPage\":{\"@id\":\"https:\/\/tgs-edisa.com\/en\/areas\/it-consulting\/#primaryimage\"},\"image\":{\"@id\":\"https:\/\/tgs-edisa.com\/en\/areas\/it-consulting\/#primaryimage\"},\"thumbnailUrl\":\"https:\/\/tgs-edisa.com\/wp-content\/uploads\/2022\/01\/servicios.jpg\",\"datePublished\":\"2022-02-08T09:29:07+00:00\",\"dateModified\":\"2022-04-06T11:41:47+00:00\",\"description\":\"At TGS Edisa we perform IT Consulting for our clients based on the diagnosis of their current situation and proposing recommendations.\",\"breadcrumb\":{\"@id\":\"https:\/\/tgs-edisa.com\/en\/areas\/it-consulting\/#breadcrumb\"},\"inLanguage\":\"en-US\",\"potentialAction\":[{\"@type\":\"ReadAction\",\"target\":[\"https:\/\/tgs-edisa.com\/en\/areas\/it-consulting\/\"]}]},{\"@type\":\"ImageObject\",\"inLanguage\":\"en-US\",\"@id\":\"https:\/\/tgs-edisa.com\/en\/areas\/it-consulting\/#primaryimage\",\"url\":\"https:\/\/tgs-edisa.com\/wp-content\/uploads\/2022\/01\/servicios.jpg\",\"contentUrl\":\"https:\/\/tgs-edisa.com\/wp-content\/uploads\/2022\/01\/servicios.jpg\"},{\"@type\":\"BreadcrumbList\",\"@id\":\"https:\/\/tgs-edisa.com\/en\/areas\/it-consulting\/#breadcrumb\",\"itemListElement\":[{\"@type\":\"ListItem\",\"position\":1,\"name\":\"Portada\",\"item\":\"https:\/\/tgs-edisa.com\/en\/inicio\/\"},{\"@type\":\"ListItem\",\"position\":2,\"name\":\"Consulting services in TGS EDISA\",\"item\":\"https:\/\/tgs-edisa.com\/en\/areas\/\"},{\"@type\":\"ListItem\",\"position\":3,\"name\":\"IT Consulting\"}]},{\"@type\":\"WebSite\",\"@id\":\"https:\/\/tgs-edisa.com\/en\/#website\",\"url\":\"https:\/\/tgs-edisa.com\/en\/\",\"name\":\"TGS Edisa\",\"description\":\"Asesor\u00eda Fiscal y Contable, Jur\u00eddica Legal y Laboral.\",\"potentialAction\":[{\"@type\":\"SearchAction\",\"target\":{\"@type\":\"EntryPoint\",\"urlTemplate\":\"https:\/\/tgs-edisa.com\/en\/?s={search_term_string}\"},\"query-input\":{\"@type\":\"PropertyValueSpecification\",\"valueRequired\":true,\"valueName\":\"search_term_string\"}}],\"inLanguage\":\"en-US\"}]}<\/script>\n<!-- \/ Yoast SEO plugin. -->","yoast_head_json":{"title":"IT Consulting - TGS Edisa","description":"At TGS Edisa we perform IT Consulting for our clients based on the diagnosis of their current situation and proposing recommendations.","robots":{"index":"index","follow":"follow","max-snippet":"max-snippet:-1","max-image-preview":"max-image-preview:large","max-video-preview":"max-video-preview:-1"},"canonical":"https:\/\/tgs-edisa.com\/en\/areas\/it-consulting\/","og_locale":"en_US","og_type":"article","og_title":"IT Consulting - TGS Edisa","og_description":"At TGS Edisa we perform IT Consulting for our clients based on the diagnosis of their current situation and proposing recommendations.","og_url":"https:\/\/tgs-edisa.com\/en\/areas\/it-consulting\/","og_site_name":"TGS Edisa","article_modified_time":"2022-04-06T11:41:47+00:00","og_image":[{"url":"https:\/\/tgs-edisa.com\/wp-content\/uploads\/2022\/01\/servicios.jpg","type":"","width":"","height":""}],"twitter_card":"summary_large_image","twitter_misc":{"Est. reading time":"1 minute"},"schema":{"@context":"https:\/\/schema.org","@graph":[{"@type":"WebPage","@id":"https:\/\/tgs-edisa.com\/en\/areas\/it-consulting\/","url":"https:\/\/tgs-edisa.com\/en\/areas\/it-consulting\/","name":"IT Consulting - TGS Edisa","isPartOf":{"@id":"https:\/\/tgs-edisa.com\/en\/#website"},"primaryImageOfPage":{"@id":"https:\/\/tgs-edisa.com\/en\/areas\/it-consulting\/#primaryimage"},"image":{"@id":"https:\/\/tgs-edisa.com\/en\/areas\/it-consulting\/#primaryimage"},"thumbnailUrl":"https:\/\/tgs-edisa.com\/wp-content\/uploads\/2022\/01\/servicios.jpg","datePublished":"2022-02-08T09:29:07+00:00","dateModified":"2022-04-06T11:41:47+00:00","description":"At TGS Edisa we perform IT Consulting for our clients based on the diagnosis of their current situation and proposing recommendations.","breadcrumb":{"@id":"https:\/\/tgs-edisa.com\/en\/areas\/it-consulting\/#breadcrumb"},"inLanguage":"en-US","potentialAction":[{"@type":"ReadAction","target":["https:\/\/tgs-edisa.com\/en\/areas\/it-consulting\/"]}]},{"@type":"ImageObject","inLanguage":"en-US","@id":"https:\/\/tgs-edisa.com\/en\/areas\/it-consulting\/#primaryimage","url":"https:\/\/tgs-edisa.com\/wp-content\/uploads\/2022\/01\/servicios.jpg","contentUrl":"https:\/\/tgs-edisa.com\/wp-content\/uploads\/2022\/01\/servicios.jpg"},{"@type":"BreadcrumbList","@id":"https:\/\/tgs-edisa.com\/en\/areas\/it-consulting\/#breadcrumb","itemListElement":[{"@type":"ListItem","position":1,"name":"Portada","item":"https:\/\/tgs-edisa.com\/en\/inicio\/"},{"@type":"ListItem","position":2,"name":"Consulting services in TGS EDISA","item":"https:\/\/tgs-edisa.com\/en\/areas\/"},{"@type":"ListItem","position":3,"name":"IT Consulting"}]},{"@type":"WebSite","@id":"https:\/\/tgs-edisa.com\/en\/#website","url":"https:\/\/tgs-edisa.com\/en\/","name":"TGS Edisa","description":"Asesor\u00eda Fiscal y Contable, Jur\u00eddica Legal y Laboral.","potentialAction":[{"@type":"SearchAction","target":{"@type":"EntryPoint","urlTemplate":"https:\/\/tgs-edisa.com\/en\/?s={search_term_string}"},"query-input":{"@type":"PropertyValueSpecification","valueRequired":true,"valueName":"search_term_string"}}],"inLanguage":"en-US"}]}},"_links":{"self":[{"href":"https:\/\/tgs-edisa.com\/en\/wp-json\/wp\/v2\/pages\/15361","targetHints":{"allow":["GET"]}}],"collection":[{"href":"https:\/\/tgs-edisa.com\/en\/wp-json\/wp\/v2\/pages"}],"about":[{"href":"https:\/\/tgs-edisa.com\/en\/wp-json\/wp\/v2\/types\/page"}],"author":[{"embeddable":true,"href":"https:\/\/tgs-edisa.com\/en\/wp-json\/wp\/v2\/users\/1"}],"replies":[{"embeddable":true,"href":"https:\/\/tgs-edisa.com\/en\/wp-json\/wp\/v2\/comments?post=15361"}],"version-history":[{"count":6,"href":"https:\/\/tgs-edisa.com\/en\/wp-json\/wp\/v2\/pages\/15361\/revisions"}],"predecessor-version":[{"id":15670,"href":"https:\/\/tgs-edisa.com\/en\/wp-json\/wp\/v2\/pages\/15361\/revisions\/15670"}],"up":[{"embeddable":true,"href":"https:\/\/tgs-edisa.com\/en\/wp-json\/wp\/v2\/pages\/15075"}],"wp:attachment":[{"href":"https:\/\/tgs-edisa.com\/en\/wp-json\/wp\/v2\/media?parent=15361"}],"curies":[{"name":"wp","href":"https:\/\/api.w.org\/{rel}","templated":true}]}}